{"id":620,"date":"2018-09-13T18:35:38","date_gmt":"2018-09-13T18:35:38","guid":{"rendered":"http:\/\/veda.polac.cz\/?page_id=620"},"modified":"2018-10-27T18:53:04","modified_gmt":"2018-10-27T18:53:04","slug":"4-2","status":"publish","type":"page","link":"https:\/\/veda.polac.cz\/?page_id=620","title":{"rendered":""},"content":{"rendered":"<p style=\"text-align: center;\">Resum\u00e9 \u010dl\u00e1nku<\/p>\n<p><strong>&#8222;Divok\u00e9 karty&#8220; v rozhodovac\u00edch procesech k t\u00e9matu bezpe\u010dnosti v kontextu \u010cesk\u00e9 republiky<br \/>\n<\/strong><i>Bc. V\u00edt Kunick\u00fd, Fakulta bezpe\u010dnostn\u00edho managementu PA \u010cR v Praze, student magistersk\u00e9ho studia<\/p>\n<p><\/i>P\u0159\u00edsp\u011bvek se zab\u00fdv\u00e1 problematikou tzv. &#8222;divok\u00fdch karet&#8220;, n\u011bkdy rovn\u011b\u017e ozna\u010dovan\u00fdch jako &#8222;\u010dern\u00e9 labut\u011b&#8220;. Nejprve jsou &#8222;divok\u00e9 karty&#8220; definov\u00e1ny, uvedena je i jejich typologie a n\u011bkter\u00e9 konkr\u00e9tn\u00ed p\u0159\u00edklady. Podrobn\u011bji je rozvedena eventualita v\u00fdbuchu supervulk\u00e1nu (pr\u016fb\u011bh, dopad, pravd\u011bpodobnost, popis mo\u017en\u00fdch protiopat\u0159en\u00ed). Oslovena byla i dvojice odborn\u00edk\u016f se \u017e\u00e1dost\u00ed o vyj\u00e1d\u0159en\u00ed.<br \/>\n<strong>Kl\u00ed\u010dov\u00e1 slova:<\/strong>\u00a0divok\u00e9 karty, \u010dern\u00e9 labut\u011b, supervulk\u00e1n, bezpe\u010dnostn\u00ed syst\u00e9m.<\/p>\n<p><a href=\"https:\/\/veda.polac.cz\/?page_id=610\">04\/2015<\/a><\/p>\n","protected":false},"excerpt":{"rendered":"<p>Resum\u00e9 \u010dl\u00e1nku &#8222;Divok\u00e9 karty&#8220; v rozhodovac\u00edch procesech k t\u00e9matu bezpe\u010dnosti v kontextu \u010cesk\u00e9 republiky Bc. V\u00edt Kunick\u00fd, Fakulta bezpe\u010dnostn\u00edho managementu PA \u010cR v Praze, student magistersk\u00e9ho studia P\u0159\u00edsp\u011bvek se zab\u00fdv\u00e1 problematikou tzv. &#8222;divok\u00fdch karet&#8220;, n\u011bkdy rovn\u011b\u017e ozna\u010dovan\u00fdch jako &#8222;\u010dern\u00e9 labut\u011b&#8220;. Nejprve jsou &#8222;divok\u00e9 karty&#8220; definov\u00e1ny, uvedena je i jejich typologie a n\u011bkter\u00e9 konkr\u00e9tn\u00ed p\u0159\u00edklady. Podrobn\u011bji [&hellip;]<\/p>\n","protected":false},"author":2,"featured_media":0,"parent":610,"menu_order":4,"comment_status":"closed","ping_status":"closed","template":"","meta":{"footnotes":""},"class_list":["post-620","page","type-page","status-publish","hentry"],"_links":{"self":[{"href":"https:\/\/veda.polac.cz\/index.php?rest_route=\/wp\/v2\/pages\/620","targetHints":{"allow":["GET"]}}],"collection":[{"href":"https:\/\/veda.polac.cz\/index.php?rest_route=\/wp\/v2\/pages"}],"about":[{"href":"https:\/\/veda.polac.cz\/index.php?rest_route=\/wp\/v2\/types\/page"}],"author":[{"embeddable":true,"href":"https:\/\/veda.polac.cz\/index.php?rest_route=\/wp\/v2\/users\/2"}],"replies":[{"embeddable":true,"href":"https:\/\/veda.polac.cz\/index.php?rest_route=%2Fwp%2Fv2%2Fcomments&post=620"}],"version-history":[{"count":2,"href":"https:\/\/veda.polac.cz\/index.php?rest_route=\/wp\/v2\/pages\/620\/revisions"}],"predecessor-version":[{"id":646,"href":"https:\/\/veda.polac.cz\/index.php?rest_route=\/wp\/v2\/pages\/620\/revisions\/646"}],"up":[{"embeddable":true,"href":"https:\/\/veda.polac.cz\/index.php?rest_route=\/wp\/v2\/pages\/610"}],"wp:attachment":[{"href":"https:\/\/veda.polac.cz\/index.php?rest_route=%2Fwp%2Fv2%2Fmedia&parent=620"}],"curies":[{"name":"wp","href":"https:\/\/api.w.org\/{rel}","templated":true}]}}