{"id":62,"date":"2018-08-28T01:11:43","date_gmt":"2018-08-28T01:11:43","guid":{"rendered":"http:\/\/veda.polac.cz\/?page_id=62"},"modified":"2026-04-17T14:40:48","modified_gmt":"2026-04-17T14:40:48","slug":"redakcni-rada-a-vedecka-redakce","status":"publish","type":"page","link":"https:\/\/veda.polac.cz\/?page_id=62&lang=en","title":{"rendered":"Editorial Board and Scientific editors"},"content":{"rendered":"<p align=\"justify\"><strong>Periodical of the Police Academy of the Czech Republic in Prague.<\/strong><br \/>\nRegistration number: MK \u010cR E 21198<br \/>\nIssued every quarter.<br \/>\nThe Editorial Board simultaneously acts as the Scientific periodical editors.<\/p>\n<hr \/>\n<p><strong>Chairman of the Editorial Board and Scientific Editorial Office<\/strong><b><span style=\"font-family: 'Arial','sans-serif';\">:<\/span><\/b><br \/>\nprof. Dr. iur. Harald Christian Scheu, Mag. phil., PhD.<br \/>\n<em>Department of Public Law Disciplines<\/em><br \/>\n<em>Police Academy of the Czech Republic in Prague<\/em><\/p>\n<p><b>Vice-Chairman:<\/b><\/p>\n<p>doc. PhDr. Josef Smol\u00edk, Ph.D., MBA, LL.M.<br \/>\n<em>Department of Security Studies<\/em><br \/>\n<em>Police Academy of the Czech Republic in Prague<\/em><\/p>\n<p><strong>Secretary:<\/strong><br \/>\nMgr. Martina Posp\u00ed\u0161ilov\u00e1<br \/>\n<em>Human Resources Department\u00a0<\/em><br \/>\n<em>Police Academy of the Czech Republic in Prague<\/em><\/p>\n<p><strong>Internal members:<\/strong><\/p>\n<p>doc. JUDr. Mgr. Jan Bajura, PhD.<br \/>\n<em>Dean of the Faculty of Security and Law<br \/>\n<\/em><em>Police Academy of the Czech Republic in Prague<\/em><\/p>\n<p>Mgr. Luk\u00e1\u0161 Habich, PhD.<br \/>\n<em>Dean of the Faculty of Security Management<br \/>\nPolice Academy of the Czech Republic in Prague<\/em><\/p>\n<p>Ing. Pavel Kol\u00e1\u0159, CSc.<br \/>\n<em>Department of Criminalistics<br \/>\nPolice Academy of the Czech Republic in Prague<\/em><\/p>\n<p>doc. PhDr. David Kr\u00e1msk\u00fd, Ph.D.<br \/>\n<em>Vice-Rector for Science and Research<\/em><br \/>\n<em>Police Academy of the Czech Republic in Prague<\/em><\/p>\n<p>PhDr. Jan Pa\u010fourek, Ph.D.<br \/>\n<em><span class=\"HwtZe\" lang=\"en\"><span class=\"jCAhz ChMk0b\"><span class=\"ryNqvb\">Department of Criminal Police and Intelligence Services<\/span><\/span><\/span><\/em><br \/>\n<em>Police Academy of the Czech Republic in Prague<\/em><\/p>\n<p>prof. JUDr. Mgr. Josef Sala\u010d, Ph.D., dr. h. c. mult.<br \/>\n<em>Vice-Rector for Study Affairs and Public Relations<\/em><br \/>\n<em>Police Academy of the Czech Republic in Prague<\/em><\/p>\n<div>\n<p><em>\u00a0<\/em><\/p>\n<\/div>\n<p align=\"justify\"><b>External members:<br \/>\n<\/b>prof. JUDr. Ji\u0159\u00ed Jel\u00ednek, CSc.<br \/>\n<em>Department of Law, Faculty of Law and Public Administration<br \/>\nUniversity of Finance and Administration<br \/>\n<\/em><\/p>\n<p align=\"justify\">Ewelina Kancik-Ko\u0142tun, Ph.D.<br \/>\n<em>Department of Public Administration, Faculty of Political Science and Journalism<br \/>\n<\/em><em>Maria Curie-Sk\u0142odowska University Lublin, Poland<\/em><\/p>\n<p>prof. Mgr. Jaroslav Kr\u00e1sn\u00fd, Ph.D., MAS<br \/>\n<em>Research Center for Nuclear Weapons Abolition (RECNA)<\/em><br \/>\n<em>Nagasaki University<\/em><\/p>\n<p>Ing. Stanislav Lichorobiec, PhD.<br \/>\n<em>Head od Department of Security Services<\/em><br \/>\n<em>Faculty of Safety Engineering, Technical University of Ostrava<br \/>\n<\/em><\/p>\n<p>prof. Ing.\u00a0 Tom\u00e1\u0161 Love\u010dek, PhD.<br \/>\n<em>Head of Department of Security and Safety Research<br \/>\nFaculty of Security Engineering, University of Zilina<br \/>\n<\/em><\/p>\n<p>prof. JUDr. PhDr. Miroslav Mare\u0161, PhD.<br \/>\n<em>Department of Political Science, Faculty of Social Studies,<\/em><br \/>\n<em>Masaryk University<\/em><\/p>\n<p>prof. MUDr. Leo\u0161 Navr\u00e1til, CSc., MBA, dr. h. c.<br \/>\n<em>Head of Department of Health Care Disciplines and Population Protection<\/em><br \/>\n<em>Faculty of Biomedical Engineering, Czech Technical University<br \/>\n<\/em><\/p>\n<p>prof. Ing. Pavel Ot\u0159\u00edsal, Ph.D., MBA, dr. h. c.<br \/>\n<em>Department of Adapted Physical Activities, Faculty of Physical Culture<\/em><br \/>\n<em>Palack\u00fd University Olomouc<\/em><\/p>\n<p>JUDr. J\u00f6rg Petermann, PhD.<br \/>\n<em>director<br \/>\n<\/em><em>Chemnitz Police School<\/em><\/p>\n<p>prof. Ing. Jozef Ristvej, PhD., EMBA<br \/>\n<em>Vice-Rector for International Relations and Marketing<br \/>\n<\/em><em>University of \u017dilina<\/em><\/p>\n<p>PhDr. Miroslav Scheinost<br \/>\n<em>Director Emeritus <\/em><br \/>\n<em>Institute of Criminology and Social Prevention<\/em><\/p>\n<p>Col. Ing.\u00a0 Jarmil Val\u00e1\u0161ek, PhD., MBA<br \/>\n<em>Deputy Director<br \/>\n<\/em><em>Institute of Civil Defence, Directorate General of Fire Rescue Service of the Czech Republic<\/em><\/p>\n<p>doc. JUDr. JUDr. \u013dubo\u0161 W\u00e4ldl, PhD., dr. h. c.<br \/>\n<em>Department of Private Law Sciences<\/em><br \/>\n<em>Academy of Police Force in Bratislava\u00a0<\/em><\/p>\n<p><strong>Technical Editors:<br \/>\n<\/strong>Radom\u00edra Prchalov\u00e1<br \/>\n<em>Police Academy of the Czech Republic in Prague<\/em><\/p>\n","protected":false},"excerpt":{"rendered":"<p>Periodical of the Police Academy of the Czech Republic in Prague. Registration number: MK \u010cR E 21198 Issued every quarter. The Editorial Board simultaneously acts as the Scientific periodical editors. Chairman of the Editorial Board and Scientific Editorial Office: prof. Dr. iur. Harald Christian Scheu, Mag. phil., PhD. Department of Public Law Disciplines Police Academy [&hellip;]<\/p>\n","protected":false},"author":6,"featured_media":0,"parent":0,"menu_order":3,"comment_status":"closed","ping_status":"closed","template":"","meta":{"footnotes":""},"class_list":["post-62","page","type-page","status-publish","hentry"],"_links":{"self":[{"href":"https:\/\/veda.polac.cz\/index.php?rest_route=\/wp\/v2\/pages\/62","targetHints":{"allow":["GET"]}}],"collection":[{"href":"https:\/\/veda.polac.cz\/index.php?rest_route=\/wp\/v2\/pages"}],"about":[{"href":"https:\/\/veda.polac.cz\/index.php?rest_route=\/wp\/v2\/types\/page"}],"author":[{"embeddable":true,"href":"https:\/\/veda.polac.cz\/index.php?rest_route=\/wp\/v2\/users\/6"}],"replies":[{"embeddable":true,"href":"https:\/\/veda.polac.cz\/index.php?rest_route=%2Fwp%2Fv2%2Fcomments&post=62"}],"version-history":[{"count":48,"href":"https:\/\/veda.polac.cz\/index.php?rest_route=\/wp\/v2\/pages\/62\/revisions"}],"predecessor-version":[{"id":7861,"href":"https:\/\/veda.polac.cz\/index.php?rest_route=\/wp\/v2\/pages\/62\/revisions\/7861"}],"wp:attachment":[{"href":"https:\/\/veda.polac.cz\/index.php?rest_route=%2Fwp%2Fv2%2Fmedia&parent=62"}],"curies":[{"name":"wp","href":"https:\/\/api.w.org\/{rel}","templated":true}]}}