{"id":6198,"date":"2020-11-16T14:05:50","date_gmt":"2020-11-16T14:05:50","guid":{"rendered":"http:\/\/veda.polac.cz\/?page_id=6198"},"modified":"2020-11-16T14:05:50","modified_gmt":"2020-11-16T14:05:50","slug":"6198-2","status":"publish","type":"page","link":"https:\/\/veda.polac.cz\/?page_id=6198","title":{"rendered":""},"content":{"rendered":"<p style=\"text-align: center;\">Resum\u00e9 \u010dl\u00e1nku<\/p>\n<p><strong>Nov\u00e9 syst\u00e9my monitorov\u00e1n\u00ed port\u00e1lu k zaji\u0161t\u011bn\u00ed bezpe\u010dnosti populace<\/strong><\/p>\n<p>Ing. Lubom\u00edr Gryc, St\u00e1tn\u00ed \u00fastav radia\u010dn\u00ed ochrany (S\u00daRO, v.v.i.)<br \/>\nIng. Tom\u00e1\u0161 Gr\u00edsa, Ph.D., NUVIA, a.s.<\/p>\n<p>Plastov\u00e9 detektory maj\u00ed po \u0159adu let v\u00fdznamn\u00e9 vyu\u017eit\u00ed jako radia\u010dn\u00ed monitorovac\u00ed port\u00e1ly. Pro\u00a0kontrolu vozidel se vyu\u017e\u00edvaj\u00ed p\u0159edev\u0161\u00edm stacion\u00e1rn\u00ed velkoplo\u0161n\u00e9 detektory s d\u00e9lkou a \u0161\u00ed\u0159kou \u0159\u00e1dov\u011b a\u017e 100 centimetr\u016f a tlou\u0161\u0165kou jednotek centimetr\u016f. Pro dal\u0161\u00ed aplikace jako skenov\u00e1n\u00ed osob p\u0159i pr\u016fchodu na hromadn\u00e9 akce apod. lze vyu\u017e\u00edt detektor\u016f men\u0161\u00edch rozm\u011br\u016f. P\u0159esto\u017ee plastov\u00e9 detektory vykazuj\u00ed spektrometrick\u00e9 vlastnosti p\u0159i detekci z\u00e1\u0159en\u00ed gama, nelze je pou\u017e\u00edvat p\u0159\u00edmo k identifikaci nuklid\u016f, jsou ale velmi vhodn\u00e9 jako sign\u00e1ln\u00ed detektory nap\u0159. pro monitorov\u00e1n\u00ed proch\u00e1zej\u00edc\u00edch osob. P\u0159\u00edsp\u011bvek popisuje vyvinut\u00e9 detek\u010dn\u00ed syst\u00e9my na b\u00e1zi plastov\u00fdch detektor\u016f, kter\u00e9 se zam\u011b\u0159uj\u00ed na skryt\u00e9 monitorov\u00e1n\u00ed a\u0165 u\u017e statick\u00e9, tak dynamick\u00e9 (pohybuj\u00edc\u00ed se vozidla s\u00a0detek\u010dn\u00ed technikou), \u010di fixn\u00ed nebo mobiln\u00ed um\u00edst\u011bn\u00ed. Fakt, \u017ee vyvinut\u00e9 p\u0159\u00edstroje nenaru\u0161uj\u00ed lok\u00e1ln\u00ed r\u00e1z prost\u0159ed\u00ed a jsou um\u00edst\u011bny do ji\u017e pou\u017e\u00edvan\u00fdch za\u0159\u00edzen\u00ed, je jejich vyu\u017eit\u00ed efektivn\u011bj\u0161\u00ed a p\u0159irozen\u011bj\u0161\u00ed s\u00a0ohledem na\u00a0chov\u00e1n\u00ed p\u0159\u00edtomn\u00fdch osob. Nov\u00e9 detek\u010dn\u00ed syst\u00e9my tak usnadn\u00ed \u010dinnosti slo\u017ek\u00e1m zab\u00fdvaj\u00edc\u00ed se bezpe\u010dnost\u00ed jako je policie, hasi\u010di, celn\u00ed spr\u00e1va, bezpe\u010dnostn\u00ed agentury, ale tak\u00e9 i na dal\u0161\u00edch m\u00edstech, kde doch\u00e1z\u00ed ke kumulaci v\u011bt\u0161\u00edho, \u010di velk\u00e9ho po\u010dtu osob, jako jsou leti\u0161t\u011b, n\u00e1dra\u017e\u00ed, metro, stadiony a dal\u0161\u00ed.<\/p>\n<p><strong>Kl\u00ed\u010dov\u00e1 slova:\u00a0<\/strong>Terorismus, port\u00e1lov\u00e9 monitory, radiace, ve\u0159ejn\u00e1 bezpe\u010dnost.<\/p>\n<hr \/>\n<p><a href=\"https:\/\/veda.polac.cz\/?page_id=6175\">Zp\u011bt<\/a><\/p>\n","protected":false},"excerpt":{"rendered":"<p>Resum\u00e9 \u010dl\u00e1nku Nov\u00e9 syst\u00e9my monitorov\u00e1n\u00ed port\u00e1lu k zaji\u0161t\u011bn\u00ed bezpe\u010dnosti populace Ing. Lubom\u00edr Gryc, St\u00e1tn\u00ed \u00fastav radia\u010dn\u00ed ochrany (S\u00daRO, v.v.i.) Ing. Tom\u00e1\u0161 Gr\u00edsa, Ph.D., NUVIA, a.s. Plastov\u00e9 detektory maj\u00ed po \u0159adu let v\u00fdznamn\u00e9 vyu\u017eit\u00ed jako radia\u010dn\u00ed monitorovac\u00ed port\u00e1ly. Pro\u00a0kontrolu vozidel se vyu\u017e\u00edvaj\u00ed p\u0159edev\u0161\u00edm stacion\u00e1rn\u00ed velkoplo\u0161n\u00e9 detektory s d\u00e9lkou a \u0161\u00ed\u0159kou \u0159\u00e1dov\u011b a\u017e 100 centimetr\u016f a tlou\u0161\u0165kou [&hellip;]<\/p>\n","protected":false},"author":6,"featured_media":0,"parent":0,"menu_order":0,"comment_status":"closed","ping_status":"closed","template":"","meta":{"footnotes":""},"class_list":["post-6198","page","type-page","status-publish","hentry"],"_links":{"self":[{"href":"https:\/\/veda.polac.cz\/index.php?rest_route=\/wp\/v2\/pages\/6198","targetHints":{"allow":["GET"]}}],"collection":[{"href":"https:\/\/veda.polac.cz\/index.php?rest_route=\/wp\/v2\/pages"}],"about":[{"href":"https:\/\/veda.polac.cz\/index.php?rest_route=\/wp\/v2\/types\/page"}],"author":[{"embeddable":true,"href":"https:\/\/veda.polac.cz\/index.php?rest_route=\/wp\/v2\/users\/6"}],"replies":[{"embeddable":true,"href":"https:\/\/veda.polac.cz\/index.php?rest_route=%2Fwp%2Fv2%2Fcomments&post=6198"}],"version-history":[{"count":1,"href":"https:\/\/veda.polac.cz\/index.php?rest_route=\/wp\/v2\/pages\/6198\/revisions"}],"predecessor-version":[{"id":6199,"href":"https:\/\/veda.polac.cz\/index.php?rest_route=\/wp\/v2\/pages\/6198\/revisions\/6199"}],"wp:attachment":[{"href":"https:\/\/veda.polac.cz\/index.php?rest_route=%2Fwp%2Fv2%2Fmedia&parent=6198"}],"curies":[{"name":"wp","href":"https:\/\/api.w.org\/{rel}","templated":true}]}}