{"id":6194,"date":"2020-11-16T13:35:32","date_gmt":"2020-11-16T13:35:32","guid":{"rendered":"http:\/\/veda.polac.cz\/?page_id=6194"},"modified":"2020-11-16T13:35:32","modified_gmt":"2020-11-16T13:35:32","slug":"6194-2","status":"publish","type":"page","link":"https:\/\/veda.polac.cz\/?page_id=6194","title":{"rendered":""},"content":{"rendered":"<p style=\"text-align: center;\">Resum\u00e9 \u010dl\u00e1nku<\/p>\n<p><strong>Vyu\u017eit\u00ed poznatk\u016f neurov\u011bdy jako zbran\u011b nov\u00fdch v\u00e1lek<\/strong><\/p>\n<p>Ing. V\u00e1clav Janou\u0161ek, MBA<\/p>\n<p>\u010cl\u00e1nek se v\u011bnuje mo\u017enostem aplikace nejmodern\u011bj\u0161\u00edch poznatk\u016f neurov\u011bdy a\u00a0soci\u00e1ln\u00edch v\u011bd v\u00a0obrann\u00e9 strategii zem\u011b. S\u00a0t\u00edm, jak se zbran\u011b tradi\u010dn\u00edch v\u00e1lek st\u00e1vaj\u00ed st\u00e1le ni\u010div\u011bj\u0161\u00ed, nutnost vyvinout obrann\u00e9 strategie na jin\u00e9, ne tak fyzicky ni\u010div\u00e9 b\u00e1zi, se st\u00e1v\u00e1 st\u00e1le nal\u00e9hav\u011bj\u0161\u00ed. Tato nezbytnost je je\u0161t\u011b v\u00edce zd\u016frazn\u011bna v\u00a0na\u0161ich podm\u00ednk\u00e1ch, nebo\u0165 \u010cesk\u00e1 republika vzhledem k\u00a0nedostate\u010dn\u00e9 vojensk\u00e9 s\u00edle v\u00a0tradi\u010dn\u00edm pojet\u00ed by m\u011bla jen malou \u0161anci se ubr\u00e1nit vojensky siln\u011bj\u0161\u00edmu protivn\u00edkovi. V\u00a0t\u00e9to souvislosti se jako zaj\u00edmavou a nad\u011bjnou obrannou alternativou jev\u00ed zbran\u011b nov\u00fdch v\u00e1lek, s\u00a0d\u016frazem na psychologick\u00e9 operace a na dokonal\u00e9 porozum\u011bn\u00ed kulturn\u00edmu r\u00e1mci, v\u00a0n\u011bm\u017e prob\u00edh\u00e1 soupe\u0159en\u00ed.<\/p>\n<p><strong>Kl\u00ed\u010dov\u00e1 slova: <\/strong>V\u00e1lka, obrana, strategie, strategick\u00e9 progn\u00f3zy, zpravodajstv\u00ed, anal\u00fdza, detekce hrozeb, psychologie, psychologick\u00e9 operace, neurov\u011bda, soci\u00e1ln\u00ed v\u011bda, soci\u00e1ln\u00ed dynamika.<\/p>\n<hr \/>\n<p><a href=\"https:\/\/veda.polac.cz\/?page_id=6175\">Zp\u011bt<\/a><\/p>\n","protected":false},"excerpt":{"rendered":"<p>Resum\u00e9 \u010dl\u00e1nku Vyu\u017eit\u00ed poznatk\u016f neurov\u011bdy jako zbran\u011b nov\u00fdch v\u00e1lek Ing. V\u00e1clav Janou\u0161ek, MBA \u010cl\u00e1nek se v\u011bnuje mo\u017enostem aplikace nejmodern\u011bj\u0161\u00edch poznatk\u016f neurov\u011bdy a\u00a0soci\u00e1ln\u00edch v\u011bd v\u00a0obrann\u00e9 strategii zem\u011b. S\u00a0t\u00edm, jak se zbran\u011b tradi\u010dn\u00edch v\u00e1lek st\u00e1vaj\u00ed st\u00e1le ni\u010div\u011bj\u0161\u00ed, nutnost vyvinout obrann\u00e9 strategie na jin\u00e9, ne tak fyzicky ni\u010div\u00e9 b\u00e1zi, se st\u00e1v\u00e1 st\u00e1le nal\u00e9hav\u011bj\u0161\u00ed. Tato nezbytnost je je\u0161t\u011b v\u00edce [&hellip;]<\/p>\n","protected":false},"author":6,"featured_media":0,"parent":0,"menu_order":0,"comment_status":"closed","ping_status":"closed","template":"","meta":{"footnotes":""},"class_list":["post-6194","page","type-page","status-publish","hentry"],"_links":{"self":[{"href":"https:\/\/veda.polac.cz\/index.php?rest_route=\/wp\/v2\/pages\/6194","targetHints":{"allow":["GET"]}}],"collection":[{"href":"https:\/\/veda.polac.cz\/index.php?rest_route=\/wp\/v2\/pages"}],"about":[{"href":"https:\/\/veda.polac.cz\/index.php?rest_route=\/wp\/v2\/types\/page"}],"author":[{"embeddable":true,"href":"https:\/\/veda.polac.cz\/index.php?rest_route=\/wp\/v2\/users\/6"}],"replies":[{"embeddable":true,"href":"https:\/\/veda.polac.cz\/index.php?rest_route=%2Fwp%2Fv2%2Fcomments&post=6194"}],"version-history":[{"count":1,"href":"https:\/\/veda.polac.cz\/index.php?rest_route=\/wp\/v2\/pages\/6194\/revisions"}],"predecessor-version":[{"id":6195,"href":"https:\/\/veda.polac.cz\/index.php?rest_route=\/wp\/v2\/pages\/6194\/revisions\/6195"}],"wp:attachment":[{"href":"https:\/\/veda.polac.cz\/index.php?rest_route=%2Fwp%2Fv2%2Fmedia&parent=6194"}],"curies":[{"name":"wp","href":"https:\/\/api.w.org\/{rel}","templated":true}]}}