{"id":6192,"date":"2020-11-16T13:25:53","date_gmt":"2020-11-16T13:25:53","guid":{"rendered":"http:\/\/veda.polac.cz\/?page_id=6192"},"modified":"2020-11-16T13:25:53","modified_gmt":"2020-11-16T13:25:53","slug":"6192-2","status":"publish","type":"page","link":"https:\/\/veda.polac.cz\/?page_id=6192","title":{"rendered":""},"content":{"rendered":"<p style=\"text-align: center;\">Resum\u00e9 \u010dl\u00e1nku<\/p>\n<p><strong>Role rakousk\u00e9 policie p\u0159i trasov\u00e1n\u00ed kontakt\u016f osob naka\u017een\u00fdch COVID-19<\/strong><\/p>\n<p>JUDr. Lenka Scheu, Ph.D., Policejn\u00ed akademie \u010cesk\u00e9 republiky v\u00a0Praze, Fakulta bezpe\u010dnostn\u00edho managementu, katedra ve\u0159ejnopr\u00e1vn\u00edch discipl\u00edn<\/p>\n<p>Tento p\u0159\u00edsp\u011bvek se v\u011bnuje roli policie p\u0159i trasov\u00e1n\u00ed kontakt\u016f osob nemocn\u00fdch nebo ohro\u017een\u00fdch nemoc\u00ed COVID-19 v\u00a0Rakousku. N\u00e1vrh legislativn\u00ed zm\u011bny p\u0159in\u00e1\u0161\u00ed signifikantn\u00ed zm\u011bny pravomoc\u00ed p\u0159\u00edslu\u0161n\u00edk\u016f policie v\u00a0Rakousku, zejm\u00e9na pak roz\u0161i\u0159uje v\u011bcn\u00e9 kompetence police, av\u0161ak bez vazby na re\u00e1ln\u00e9 mo\u017enosti tohoto bezpe\u010dnostn\u00edho sboru.<\/p>\n<p><strong>Kl\u00ed\u010dov\u00e1 slova: <\/strong>trasov\u00e1n\u00ed, contact-tracing, pravomoc, policie, Rakousko.<\/p>\n<hr \/>\n<p><a href=\"https:\/\/veda.polac.cz\/?page_id=6175\">Zp\u011bt<\/a><\/p>\n","protected":false},"excerpt":{"rendered":"<p>Resum\u00e9 \u010dl\u00e1nku Role rakousk\u00e9 policie p\u0159i trasov\u00e1n\u00ed kontakt\u016f osob naka\u017een\u00fdch COVID-19 JUDr. Lenka Scheu, Ph.D., Policejn\u00ed akademie \u010cesk\u00e9 republiky v\u00a0Praze, Fakulta bezpe\u010dnostn\u00edho managementu, katedra ve\u0159ejnopr\u00e1vn\u00edch discipl\u00edn Tento p\u0159\u00edsp\u011bvek se v\u011bnuje roli policie p\u0159i trasov\u00e1n\u00ed kontakt\u016f osob nemocn\u00fdch nebo ohro\u017een\u00fdch nemoc\u00ed COVID-19 v\u00a0Rakousku. N\u00e1vrh legislativn\u00ed zm\u011bny p\u0159in\u00e1\u0161\u00ed signifikantn\u00ed zm\u011bny pravomoc\u00ed p\u0159\u00edslu\u0161n\u00edk\u016f policie v\u00a0Rakousku, zejm\u00e9na pak roz\u0161i\u0159uje [&hellip;]<\/p>\n","protected":false},"author":6,"featured_media":0,"parent":0,"menu_order":0,"comment_status":"closed","ping_status":"closed","template":"","meta":{"footnotes":""},"class_list":["post-6192","page","type-page","status-publish","hentry"],"_links":{"self":[{"href":"https:\/\/veda.polac.cz\/index.php?rest_route=\/wp\/v2\/pages\/6192","targetHints":{"allow":["GET"]}}],"collection":[{"href":"https:\/\/veda.polac.cz\/index.php?rest_route=\/wp\/v2\/pages"}],"about":[{"href":"https:\/\/veda.polac.cz\/index.php?rest_route=\/wp\/v2\/types\/page"}],"author":[{"embeddable":true,"href":"https:\/\/veda.polac.cz\/index.php?rest_route=\/wp\/v2\/users\/6"}],"replies":[{"embeddable":true,"href":"https:\/\/veda.polac.cz\/index.php?rest_route=%2Fwp%2Fv2%2Fcomments&post=6192"}],"version-history":[{"count":1,"href":"https:\/\/veda.polac.cz\/index.php?rest_route=\/wp\/v2\/pages\/6192\/revisions"}],"predecessor-version":[{"id":6193,"href":"https:\/\/veda.polac.cz\/index.php?rest_route=\/wp\/v2\/pages\/6192\/revisions\/6193"}],"wp:attachment":[{"href":"https:\/\/veda.polac.cz\/index.php?rest_route=%2Fwp%2Fv2%2Fmedia&parent=6192"}],"curies":[{"name":"wp","href":"https:\/\/api.w.org\/{rel}","templated":true}]}}