{"id":6187,"date":"2020-11-16T13:20:49","date_gmt":"2020-11-16T13:20:49","guid":{"rendered":"http:\/\/veda.polac.cz\/?page_id=6187"},"modified":"2020-11-16T13:20:50","modified_gmt":"2020-11-16T13:20:50","slug":"6187-2","status":"publish","type":"page","link":"https:\/\/veda.polac.cz\/?page_id=6187","title":{"rendered":""},"content":{"rendered":"<p style=\"text-align: center;\">Resum\u00e9 \u010dl\u00e1nku<\/p>\n<p><strong>Vzd\u011bl\u00e1vac\u00ed c\u00edle v z\u00e1kladn\u00ed odborn\u00e9 p\u0159\u00edprav\u011b policist\u016f<\/strong><\/p>\n<p>Mgr. Petr Stein, \u00datvar policejn\u00edho vzd\u011bl\u00e1v\u00e1n\u00ed a slu\u017eebn\u00ed p\u0159\u00edpravy, Vzd\u011bl\u00e1vac\u00ed za\u0159\u00edzen\u00ed Praha<\/p>\n<p>Autor v\u00a0textu prezentuje\u00a0v\u00fdsledky anal\u00fdzy vzd\u011bl\u00e1vac\u00edch c\u00edl\u016f v\u00a0z\u00e1kladn\u00ed odborn\u00e9 p\u0159\u00edprav\u011b policist\u016f. Vzd\u011bl\u00e1vac\u00ed c\u00edle jsou ve vzd\u011bl\u00e1vac\u00edm programu formulov\u00e1ny nesystematicky, nejasn\u011b a nejsou operacionalizov\u00e1ny. Proto nem\u016f\u017ee b\u00fdt zcela vyu\u017eit jejich potenci\u00e1l. Autor navrhuje vyu\u017e\u00edt k\u00a0formulaci c\u00edl\u016f revidovanou Bloomovu taxonomii. Vyu\u017eit\u00ed t\u00e9to taxonomie m\u016f\u017ee v\u00fdznamn\u011b podpo\u0159it pr\u016fb\u011b\u017en\u00fdch zp\u016fsob implementace vzd\u011bl\u00e1vac\u00edch po\u017eadavk\u016f z\u00a0praxe do eduka\u010dn\u00edho procesu ZOP.<\/p>\n<p><strong>Kl\u00ed\u010dov\u00e1 slova:<\/strong> vzd\u011bl\u00e1vac\u00ed c\u00edle, kompetence, kvalifikace.<\/p>\n<hr \/>\n<p><a href=\"https:\/\/veda.polac.cz\/?page_id=6175\">Zp\u011bt<\/a><\/p>\n","protected":false},"excerpt":{"rendered":"<p>Resum\u00e9 \u010dl\u00e1nku Vzd\u011bl\u00e1vac\u00ed c\u00edle v z\u00e1kladn\u00ed odborn\u00e9 p\u0159\u00edprav\u011b policist\u016f Mgr. Petr Stein, \u00datvar policejn\u00edho vzd\u011bl\u00e1v\u00e1n\u00ed a slu\u017eebn\u00ed p\u0159\u00edpravy, Vzd\u011bl\u00e1vac\u00ed za\u0159\u00edzen\u00ed Praha Autor v\u00a0textu prezentuje\u00a0v\u00fdsledky anal\u00fdzy vzd\u011bl\u00e1vac\u00edch c\u00edl\u016f v\u00a0z\u00e1kladn\u00ed odborn\u00e9 p\u0159\u00edprav\u011b policist\u016f. Vzd\u011bl\u00e1vac\u00ed c\u00edle jsou ve vzd\u011bl\u00e1vac\u00edm programu formulov\u00e1ny nesystematicky, nejasn\u011b a nejsou operacionalizov\u00e1ny. Proto nem\u016f\u017ee b\u00fdt zcela vyu\u017eit jejich potenci\u00e1l. Autor navrhuje vyu\u017e\u00edt k\u00a0formulaci c\u00edl\u016f [&hellip;]<\/p>\n","protected":false},"author":6,"featured_media":0,"parent":0,"menu_order":0,"comment_status":"closed","ping_status":"closed","template":"","meta":{"footnotes":""},"class_list":["post-6187","page","type-page","status-publish","hentry"],"_links":{"self":[{"href":"https:\/\/veda.polac.cz\/index.php?rest_route=\/wp\/v2\/pages\/6187","targetHints":{"allow":["GET"]}}],"collection":[{"href":"https:\/\/veda.polac.cz\/index.php?rest_route=\/wp\/v2\/pages"}],"about":[{"href":"https:\/\/veda.polac.cz\/index.php?rest_route=\/wp\/v2\/types\/page"}],"author":[{"embeddable":true,"href":"https:\/\/veda.polac.cz\/index.php?rest_route=\/wp\/v2\/users\/6"}],"replies":[{"embeddable":true,"href":"https:\/\/veda.polac.cz\/index.php?rest_route=%2Fwp%2Fv2%2Fcomments&post=6187"}],"version-history":[{"count":1,"href":"https:\/\/veda.polac.cz\/index.php?rest_route=\/wp\/v2\/pages\/6187\/revisions"}],"predecessor-version":[{"id":6189,"href":"https:\/\/veda.polac.cz\/index.php?rest_route=\/wp\/v2\/pages\/6187\/revisions\/6189"}],"wp:attachment":[{"href":"https:\/\/veda.polac.cz\/index.php?rest_route=%2Fwp%2Fv2%2Fmedia&parent=6187"}],"curies":[{"name":"wp","href":"https:\/\/api.w.org\/{rel}","templated":true}]}}