{"id":6185,"date":"2020-11-16T13:18:32","date_gmt":"2020-11-16T13:18:32","guid":{"rendered":"http:\/\/veda.polac.cz\/?page_id=6185"},"modified":"2020-11-16T13:18:32","modified_gmt":"2020-11-16T13:18:32","slug":"6185-2","status":"publish","type":"page","link":"https:\/\/veda.polac.cz\/?page_id=6185","title":{"rendered":""},"content":{"rendered":"<p style=\"text-align: center;\">Resum\u00e9 \u010dl\u00e1nku<\/p>\n<p><strong>e-Government \u2013 elektronick\u00e9 ob\u010dansk\u00e9 pr\u016fkazy, Port\u00e1l ob\u010dana<\/strong><\/p>\n<p>PhDr. Marek Hejduk, Policejn\u00ed akademie \u010cesk\u00e9 republiky v\u00a0Praze, student doktorsk\u00e9ho studia<br \/>\nIng. Bc. Marek \u010cand\u00edk, Ph.D., Ing. Milan Kn\u00fd, CSc., Policejn\u00ed akademie \u010cesk\u00e9 republiky v\u00a0Praze, Fakulta bezpe\u010dnostn\u00edho managementu, katedra managementu a\u00a0informatiky<\/p>\n<p>\u010cl\u00e1nek se v \u00favodu zam\u011b\u0159uje na vymezen\u00ed problematiky e-Governmentu v \u010cesk\u00e9 republice (co e-Government je, co jej obn\u00e1\u0161\u00ed a jakou m\u00e1 podstatu). Dal\u0161\u00ed \u010d\u00e1st se ji\u017e zam\u011b\u0159uje na konkr\u00e9tn\u00ed oblast e-Governmentu a to na tzv. e-ob\u010danky (strojov\u011b \u010diteln\u00e9 ob\u010dansk\u00e9 pr\u016fkazy s elektronick\u00fdm \u010dipem). V neposledn\u00ed \u0159ad\u011b se \u010dl\u00e1nek zam\u011b\u0159uje na oblast Port\u00e1lu ob\u010dana, kter\u00fd p\u0159edstavuje z\u00e1kladn\u00ed n\u00e1stroj modern\u00edho e-Governmentu.<\/p>\n<p><strong>Kl\u00ed\u010dov\u00e1 slova: <\/strong>e-Government, e-ob\u010danka, elektronick\u00e1 identita, port\u00e1l ob\u010dana, datov\u00e9 schr\u00e1nky, jm\u00e9no, heslo, sms, identifika\u010dn\u00ed osobn\u00ed k\u00f3d, debloka\u010dn\u00ed osobn\u00ed k\u00f3d.<\/p>\n<hr \/>\n<p><a href=\"https:\/\/veda.polac.cz\/?page_id=6175\">Zp\u011bt<\/a><\/p>\n","protected":false},"excerpt":{"rendered":"<p>Resum\u00e9 \u010dl\u00e1nku e-Government \u2013 elektronick\u00e9 ob\u010dansk\u00e9 pr\u016fkazy, Port\u00e1l ob\u010dana PhDr. Marek Hejduk, Policejn\u00ed akademie \u010cesk\u00e9 republiky v\u00a0Praze, student doktorsk\u00e9ho studia Ing. Bc. Marek \u010cand\u00edk, Ph.D., Ing. Milan Kn\u00fd, CSc., Policejn\u00ed akademie \u010cesk\u00e9 republiky v\u00a0Praze, Fakulta bezpe\u010dnostn\u00edho managementu, katedra managementu a\u00a0informatiky \u010cl\u00e1nek se v \u00favodu zam\u011b\u0159uje na vymezen\u00ed problematiky e-Governmentu v \u010cesk\u00e9 republice (co e-Government je, [&hellip;]<\/p>\n","protected":false},"author":6,"featured_media":0,"parent":0,"menu_order":0,"comment_status":"closed","ping_status":"closed","template":"","meta":{"footnotes":""},"class_list":["post-6185","page","type-page","status-publish","hentry"],"_links":{"self":[{"href":"https:\/\/veda.polac.cz\/index.php?rest_route=\/wp\/v2\/pages\/6185","targetHints":{"allow":["GET"]}}],"collection":[{"href":"https:\/\/veda.polac.cz\/index.php?rest_route=\/wp\/v2\/pages"}],"about":[{"href":"https:\/\/veda.polac.cz\/index.php?rest_route=\/wp\/v2\/types\/page"}],"author":[{"embeddable":true,"href":"https:\/\/veda.polac.cz\/index.php?rest_route=\/wp\/v2\/users\/6"}],"replies":[{"embeddable":true,"href":"https:\/\/veda.polac.cz\/index.php?rest_route=%2Fwp%2Fv2%2Fcomments&post=6185"}],"version-history":[{"count":1,"href":"https:\/\/veda.polac.cz\/index.php?rest_route=\/wp\/v2\/pages\/6185\/revisions"}],"predecessor-version":[{"id":6186,"href":"https:\/\/veda.polac.cz\/index.php?rest_route=\/wp\/v2\/pages\/6185\/revisions\/6186"}],"wp:attachment":[{"href":"https:\/\/veda.polac.cz\/index.php?rest_route=%2Fwp%2Fv2%2Fmedia&parent=6185"}],"curies":[{"name":"wp","href":"https:\/\/api.w.org\/{rel}","templated":true}]}}