{"id":6182,"date":"2020-11-16T13:15:36","date_gmt":"2020-11-16T13:15:36","guid":{"rendered":"http:\/\/veda.polac.cz\/?page_id=6182"},"modified":"2020-11-16T13:15:36","modified_gmt":"2020-11-16T13:15:36","slug":"6182-2","status":"publish","type":"page","link":"https:\/\/veda.polac.cz\/?page_id=6182","title":{"rendered":""},"content":{"rendered":"<p style=\"text-align: center;\">Resum\u00e9 \u010dl\u00e1nku<\/p>\n<p><strong>V\u011bze\u0148sk\u00fd vychovatel o\u010dima sv\u00fdch sv\u011b\u0159enc\u016f<\/strong><\/p>\n<p>PhDr. Jan Draho\u0148ovsk\u00fd; Univerzita Karlova v\u00a0Praze, Filozofick\u00e1 fakulta, katedra sociologie<br \/>\nMgr. Hana Bulavov\u00e1; Univerzita Palack\u00e9ho v\u00a0Olomouci, Filozofick\u00e1 fakulta, katedra psychologie<\/p>\n<p>Tato sta\u0165 zkoum\u00e1 v\u011bze\u0148sk\u00e9 vychovatele \u2013 unik\u00e1tn\u00ed instituci \u010desk\u00e9ho v\u011bze\u0148stv\u00ed, je\u017e hraje podstatnou roli v\u00a0resocializa\u010dn\u00edm procesu odsouzen\u00fdch \u2013 optikou p\u0159\u00edjemc\u016f jejich p\u016fsoben\u00ed. Jde o kvalitativn\u00ed ter\u00e9nn\u00ed v\u00fdzkum. Byla sebr\u00e1na strukturovan\u00e1 interview s v\u011bzni, data analyzov\u00e1na metodou trs\u016f a\u00a0interpretov\u00e1na expertn\u00ed skupinou. V\u00fdsledky uk\u00e1zaly, \u017ee odsouzen\u00ed se k vychovateli vztahuj\u00ed ambivalentn\u00edm zp\u016fsobem. Vn\u00edmaj\u00ed jej jako d\u016fle\u017eitou osobu s vlivem na sv\u016fj v\u00fdkon trestu, z\u00e1rove\u0148 jeho role je pro n\u011b sp\u00ed\u0161 servisn\u00ed, s n\u00edzk\u00fdm statusem v r\u00e1mci v\u011bznice.<\/p>\n<p><strong>Kl\u00ed\u010dov\u00e1 slova:<\/strong> v\u011bze\u0148stv\u00ed, resocializace, vychovatel, odsouzen\u00fd, ter\u00e9nn\u00ed v\u00fdzkum.<\/p>\n<hr \/>\n<p><a href=\"https:\/\/veda.polac.cz\/?page_id=6175\">Zp\u011bt<\/a><\/p>\n","protected":false},"excerpt":{"rendered":"<p>Resum\u00e9 \u010dl\u00e1nku V\u011bze\u0148sk\u00fd vychovatel o\u010dima sv\u00fdch sv\u011b\u0159enc\u016f PhDr. Jan Draho\u0148ovsk\u00fd; Univerzita Karlova v\u00a0Praze, Filozofick\u00e1 fakulta, katedra sociologie Mgr. Hana Bulavov\u00e1; Univerzita Palack\u00e9ho v\u00a0Olomouci, Filozofick\u00e1 fakulta, katedra psychologie Tato sta\u0165 zkoum\u00e1 v\u011bze\u0148sk\u00e9 vychovatele \u2013 unik\u00e1tn\u00ed instituci \u010desk\u00e9ho v\u011bze\u0148stv\u00ed, je\u017e hraje podstatnou roli v\u00a0resocializa\u010dn\u00edm procesu odsouzen\u00fdch \u2013 optikou p\u0159\u00edjemc\u016f jejich p\u016fsoben\u00ed. Jde o kvalitativn\u00ed ter\u00e9nn\u00ed v\u00fdzkum. Byla [&hellip;]<\/p>\n","protected":false},"author":6,"featured_media":0,"parent":0,"menu_order":0,"comment_status":"closed","ping_status":"closed","template":"","meta":{"footnotes":""},"class_list":["post-6182","page","type-page","status-publish","hentry"],"_links":{"self":[{"href":"https:\/\/veda.polac.cz\/index.php?rest_route=\/wp\/v2\/pages\/6182","targetHints":{"allow":["GET"]}}],"collection":[{"href":"https:\/\/veda.polac.cz\/index.php?rest_route=\/wp\/v2\/pages"}],"about":[{"href":"https:\/\/veda.polac.cz\/index.php?rest_route=\/wp\/v2\/types\/page"}],"author":[{"embeddable":true,"href":"https:\/\/veda.polac.cz\/index.php?rest_route=\/wp\/v2\/users\/6"}],"replies":[{"embeddable":true,"href":"https:\/\/veda.polac.cz\/index.php?rest_route=%2Fwp%2Fv2%2Fcomments&post=6182"}],"version-history":[{"count":1,"href":"https:\/\/veda.polac.cz\/index.php?rest_route=\/wp\/v2\/pages\/6182\/revisions"}],"predecessor-version":[{"id":6183,"href":"https:\/\/veda.polac.cz\/index.php?rest_route=\/wp\/v2\/pages\/6182\/revisions\/6183"}],"wp:attachment":[{"href":"https:\/\/veda.polac.cz\/index.php?rest_route=%2Fwp%2Fv2%2Fmedia&parent=6182"}],"curies":[{"name":"wp","href":"https:\/\/api.w.org\/{rel}","templated":true}]}}