{"id":6179,"date":"2020-11-16T11:57:17","date_gmt":"2020-11-16T11:57:17","guid":{"rendered":"http:\/\/veda.polac.cz\/?page_id=6179"},"modified":"2020-11-16T11:57:17","modified_gmt":"2020-11-16T11:57:17","slug":"6179-2","status":"publish","type":"page","link":"https:\/\/veda.polac.cz\/?page_id=6179","title":{"rendered":""},"content":{"rendered":"<p style=\"text-align: center;\">Resum\u00e9 \u010dl\u00e1nku<\/p>\n<p><strong>Vybran\u00e9 aspekty omezen\u00ed pr\u00e1va na informace II<\/strong><\/p>\n<p>JUDr. Tereza Jon\u00e1kov\u00e1, Policejn\u00ed akademie \u010cesk\u00e9 republiky v\u00a0Praze, Fakulta bezpe\u010dnostn\u00edho managementu, katedra ve\u0159ejnopr\u00e1vn\u00edch discipl\u00edn<\/p>\n<p>P\u0159\u00edsp\u011bvek m\u00e1 za c\u00edl analyzovat pr\u00e1vn\u00ed \u00fapravu pr\u00e1va na informace a pr\u00e1va na ochranu osobn\u00edch \u00fadaj\u016f a vymezit jejich vz\u00e1jemn\u00fd postoj ve vztahu k jejich recipro\u010dn\u00edm limit\u016fm a omezen\u00edm. Element\u00e1rn\u00ed v\u00fdznam specifick\u00e9ho konfliktu pr\u00e1va na informace a pr\u00e1va na ochranu osobn\u00edch \u00fadaj\u016f tkv\u00ed v jejich p\u0159im\u011b\u0159en\u00e9, ale z\u00e1rove\u0148 dostate\u010dn\u00e9 bilanci u\u017eit\u00e9 b\u011bhem aplikace v praxi.<\/p>\n<p><strong>Kl\u00ed\u010dov\u00e1 slova: <\/strong>informace, pr\u00e1vo na informace, zpracov\u00e1n\u00ed osobn\u00edch \u00fadaj\u016f, omezen\u00ed zpracov\u00e1n\u00ed osobn\u00edch \u00fadaj\u016f.<\/p>\n<hr \/>\n<p><a href=\"https:\/\/veda.polac.cz\/?page_id=6175\">Zp\u011bt<\/a><\/p>\n","protected":false},"excerpt":{"rendered":"<p>Resum\u00e9 \u010dl\u00e1nku Vybran\u00e9 aspekty omezen\u00ed pr\u00e1va na informace II JUDr. Tereza Jon\u00e1kov\u00e1, Policejn\u00ed akademie \u010cesk\u00e9 republiky v\u00a0Praze, Fakulta bezpe\u010dnostn\u00edho managementu, katedra ve\u0159ejnopr\u00e1vn\u00edch discipl\u00edn P\u0159\u00edsp\u011bvek m\u00e1 za c\u00edl analyzovat pr\u00e1vn\u00ed \u00fapravu pr\u00e1va na informace a pr\u00e1va na ochranu osobn\u00edch \u00fadaj\u016f a vymezit jejich vz\u00e1jemn\u00fd postoj ve vztahu k jejich recipro\u010dn\u00edm limit\u016fm a omezen\u00edm. Element\u00e1rn\u00ed v\u00fdznam specifick\u00e9ho [&hellip;]<\/p>\n","protected":false},"author":6,"featured_media":0,"parent":0,"menu_order":0,"comment_status":"closed","ping_status":"closed","template":"","meta":{"footnotes":""},"class_list":["post-6179","page","type-page","status-publish","hentry"],"_links":{"self":[{"href":"https:\/\/veda.polac.cz\/index.php?rest_route=\/wp\/v2\/pages\/6179","targetHints":{"allow":["GET"]}}],"collection":[{"href":"https:\/\/veda.polac.cz\/index.php?rest_route=\/wp\/v2\/pages"}],"about":[{"href":"https:\/\/veda.polac.cz\/index.php?rest_route=\/wp\/v2\/types\/page"}],"author":[{"embeddable":true,"href":"https:\/\/veda.polac.cz\/index.php?rest_route=\/wp\/v2\/users\/6"}],"replies":[{"embeddable":true,"href":"https:\/\/veda.polac.cz\/index.php?rest_route=%2Fwp%2Fv2%2Fcomments&post=6179"}],"version-history":[{"count":1,"href":"https:\/\/veda.polac.cz\/index.php?rest_route=\/wp\/v2\/pages\/6179\/revisions"}],"predecessor-version":[{"id":6180,"href":"https:\/\/veda.polac.cz\/index.php?rest_route=\/wp\/v2\/pages\/6179\/revisions\/6180"}],"wp:attachment":[{"href":"https:\/\/veda.polac.cz\/index.php?rest_route=%2Fwp%2Fv2%2Fmedia&parent=6179"}],"curies":[{"name":"wp","href":"https:\/\/api.w.org\/{rel}","templated":true}]}}