{"id":6175,"date":"2020-11-16T11:38:40","date_gmt":"2020-11-16T11:38:40","guid":{"rendered":"http:\/\/veda.polac.cz\/?page_id=6175"},"modified":"2020-11-18T13:08:42","modified_gmt":"2020-11-18T13:08:42","slug":"03-2020","status":"publish","type":"page","link":"https:\/\/veda.polac.cz\/?page_id=6175","title":{"rendered":"03\/2020"},"content":{"rendered":"<p><a href=\"https:\/\/veda.polac.cz\/?page_id=6179\"><strong>Vybran\u00e9 aspekty omezen\u00ed pr\u00e1va na informace II<\/strong><\/a><br \/>\nJUDr. Tereza Jon\u00e1kov\u00e1, Policejn\u00ed akademie \u010cesk\u00e9 republiky v\u00a0Praze,<br \/>\nFakulta bezpe\u010dnostn\u00edho managementu, katedra ve\u0159ejnopr\u00e1vn\u00edch discipl\u00edn<\/p>\n<p><a href=\"https:\/\/veda.polac.cz\/wp-content\/uploads\/2020\/11\/Vybrane-aspekty-omezeni-prava-na-informace-II.pdf\" target=\"_blank\" rel=\"noopener noreferrer\">pdf format<\/a><\/p>\n<hr \/>\n<p><a href=\"https:\/\/veda.polac.cz\/?page_id=6182\"><strong>V\u011bze\u0148sk\u00fd vychovatel o\u010dima sv\u00fdch sv\u011b\u0159enc\u016f<\/strong><\/a><br \/>\nPhDr. Jan Draho\u0148ovsk\u00fd; Univerzita Karlova v\u00a0Praze, Filozofick\u00e1 fakulta,<br \/>\nkatedra sociologie<br \/>\nMgr. Hana Bulavov\u00e1; Univerzita Palack\u00e9ho v\u00a0Olomouci, Filozofick\u00e1 fakulta,<br \/>\nkatedra psychologie<\/p>\n<p><a href=\"https:\/\/veda.polac.cz\/wp-content\/uploads\/2020\/11\/Vezensky-vychovatel-ocima-svych-sverencu.pdf\" target=\"_blank\" rel=\"noopener noreferrer\">pdf format<\/a><\/p>\n<hr \/>\n<p><a href=\"https:\/\/veda.polac.cz\/?page_id=6185\"><strong>e-Government \u2013 elektronick\u00e9 ob\u010dansk\u00e9 pr\u016fkazy, Port\u00e1l ob\u010dana<\/strong><\/a><br \/>\nPhDr. Marek Hejduk, Policejn\u00ed akademie \u010cesk\u00e9 republiky v\u00a0Praze,<br \/>\nstudent doktorsk\u00e9ho studia<br \/>\nIng. Bc. Marek \u010cand\u00edk, Ph.D., Ing. Milan Kn\u00fd, CSc., Policejn\u00ed akademie<br \/>\n\u010cesk\u00e9 republiky v\u00a0Praze, Fakulta bezpe\u010dnostn\u00edho managementu,<br \/>\nkatedra managementu a informatiky<\/p>\n<p><a href=\"https:\/\/veda.polac.cz\/wp-content\/uploads\/2020\/11\/e-Government-\u2013-elektronicke-obcanske-prukazy-Portal-obcana.pdf\" target=\"_blank\" rel=\"noopener noreferrer\">pdf fornat<\/a><\/p>\n<hr \/>\n<p><a href=\"https:\/\/veda.polac.cz\/?page_id=6187\"><strong>Vzd\u011bl\u00e1vac\u00ed c\u00edle v z\u00e1kladn\u00ed odborn\u00e9 p\u0159\u00edprav\u011b policist\u016f<\/strong><\/a><br \/>\nMgr. Petr Stein, \u00datvar policejn\u00edho vzd\u011bl\u00e1v\u00e1n\u00ed a slu\u017eebn\u00ed p\u0159\u00edpravy,<br \/>\nVzd\u011bl\u00e1vac\u00ed za\u0159\u00edzen\u00ed Praha<\/p>\n<p><a href=\"https:\/\/veda.polac.cz\/wp-content\/uploads\/2020\/11\/Vzdelavaci-cile-v-zakladni-odborne-priprave-policistu.pdf\" target=\"_blank\" rel=\"noopener noreferrer\">pdf format<\/a><\/p>\n<hr \/>\n<p><a href=\"https:\/\/veda.polac.cz\/?page_id=6190\"><strong>Identifikace kl\u00ed\u010dov\u00fdch akt\u00e9r\u016f ovliv\u0148uj\u00edc\u00edch subjektivn\u00ed percepci ud\u00e1lost\u00ed <\/strong><strong>v kyberprostoru<\/strong><\/a><br \/>\nIng. Miroslav \u010cerm\u00e1k, Policejn\u00ed akademie \u010cesk\u00e9 republiky v\u00a0Praze<br \/>\nstudent doktorsk\u00e9ho studia<\/p>\n<p><a href=\"https:\/\/veda.polac.cz\/wp-content\/uploads\/2020\/11\/Identifikace-klicovych-akteru-ovlivnujicich-subjektivni-percepci-udalosti-v-kyberprostoru.pdf\" target=\"_blank\" rel=\"noopener noreferrer\">pdf format<\/a><\/p>\n<hr \/>\n<p><a href=\"https:\/\/veda.polac.cz\/?page_id=6192\"><strong>Role rakousk\u00e9 policie p\u0159i trasov\u00e1n\u00ed kontakt\u016f osob naka\u017een\u00fdch COVID-19<\/strong><\/a><br \/>\nJUDr. Lenka Scheu, Ph.D., Policejn\u00ed akademie \u010cesk\u00e9 republiky v\u00a0Praze,<br \/>\nFakulta bezpe\u010dnostn\u00edho managementu, katedra ve\u0159ejnopr\u00e1vn\u00edch discipl\u00edn<\/p>\n<p><a href=\"https:\/\/veda.polac.cz\/wp-content\/uploads\/2020\/11\/Role-rakouske-policie-pri-trasovani-kontaktu-osob-nakazenych-COVID-19.pdf\" target=\"_blank\" rel=\"noopener noreferrer\">pdf format<\/a><\/p>\n<hr \/>\n<p><a href=\"https:\/\/veda.polac.cz\/?page_id=6194\"><strong>Vyu\u017eit\u00ed poznatk\u016f neurov\u011bdy jako zbran\u011b nov\u00fdch v\u00e1lek<\/strong><\/a><br \/>\nIng. V\u00e1clav Janou\u0161ek, MBA<\/p>\n<p><a href=\"https:\/\/veda.polac.cz\/wp-content\/uploads\/2020\/11\/Vyuziti-poznatku-neurovedy-jako-zbranenovych-valek.pdf\" target=\"_blank\" rel=\"noopener noreferrer\">pdf format<\/a><\/p>\n<hr \/>\n<p><a href=\"https:\/\/veda.polac.cz\/?page_id=6196\"><strong>Kritick\u00e1 infra\u0161trukt\u00fara v\u00a0Slovenskej republiky<\/strong><\/a><br \/>\nkpt. Mgr. et Mgr. Diana Santusov\u00e1, \u00darad in\u0161pek\u010dnej slu\u017eby, \u00fatvar in\u0161pekcie,<br \/>\nodbor in\u0161pek\u010dnej slu\u017eby Z\u00e1pad, Bratislava<br \/>\nkpt. Mgr. Bc. Peter Jakub\u00edk, LL.M., Prez\u00eddium Policajn\u00e9ho zboru, n\u00e1rodn\u00e1 krimin\u00e1lna agentura, expozit\u00fara Bratislava<\/p>\n<p><a href=\"https:\/\/veda.polac.cz\/wp-content\/uploads\/2020\/11\/Kriticka-infrastruktura-v-Slovenskej-republike.pdf\" target=\"_blank\" rel=\"noopener noreferrer\">pdf format<\/a><\/p>\n<hr \/>\n<p><a href=\"https:\/\/veda.polac.cz\/?page_id=6198\"><strong>Nov\u00e9 syst\u00e9my monitorov\u00e1n\u00ed port\u00e1lu k zaji\u0161t\u011bn\u00ed bezpe\u010dnosti populace<\/strong><\/a><br \/>\nIng. Lubom\u00edr Gryc, St\u00e1tn\u00ed \u00fastav radia\u010dn\u00ed ochrany (S\u00daRO, v.v.i.)<br \/>\nIng. Tom\u00e1\u0161 Gr\u00edsa, Ph.D., NUVIA, a.s.<\/p>\n<p><a href=\"https:\/\/veda.polac.cz\/wp-content\/uploads\/2020\/11\/New-portal-monitor-systems-to-ensure-the-safety-of-the-population.pdf\" target=\"_blank\" rel=\"noopener noreferrer\">pdf format<\/a><\/p>\n<hr \/>\n","protected":false},"excerpt":{"rendered":"<p>Vybran\u00e9 aspekty omezen\u00ed pr\u00e1va na informace II JUDr. Tereza Jon\u00e1kov\u00e1, Policejn\u00ed akademie \u010cesk\u00e9 republiky v\u00a0Praze, Fakulta bezpe\u010dnostn\u00edho managementu, katedra ve\u0159ejnopr\u00e1vn\u00edch discipl\u00edn pdf format V\u011bze\u0148sk\u00fd vychovatel o\u010dima sv\u00fdch sv\u011b\u0159enc\u016f PhDr. Jan Draho\u0148ovsk\u00fd; Univerzita Karlova v\u00a0Praze, Filozofick\u00e1 fakulta, katedra sociologie Mgr. Hana Bulavov\u00e1; Univerzita Palack\u00e9ho v\u00a0Olomouci, Filozofick\u00e1 fakulta, katedra psychologie pdf format e-Government \u2013 elektronick\u00e9 ob\u010dansk\u00e9 pr\u016fkazy, [&hellip;]<\/p>\n","protected":false},"author":6,"featured_media":0,"parent":0,"menu_order":0,"comment_status":"closed","ping_status":"closed","template":"","meta":{"footnotes":""},"class_list":["post-6175","page","type-page","status-publish","hentry"],"_links":{"self":[{"href":"https:\/\/veda.polac.cz\/index.php?rest_route=\/wp\/v2\/pages\/6175","targetHints":{"allow":["GET"]}}],"collection":[{"href":"https:\/\/veda.polac.cz\/index.php?rest_route=\/wp\/v2\/pages"}],"about":[{"href":"https:\/\/veda.polac.cz\/index.php?rest_route=\/wp\/v2\/types\/page"}],"author":[{"embeddable":true,"href":"https:\/\/veda.polac.cz\/index.php?rest_route=\/wp\/v2\/users\/6"}],"replies":[{"embeddable":true,"href":"https:\/\/veda.polac.cz\/index.php?rest_route=%2Fwp%2Fv2%2Fcomments&post=6175"}],"version-history":[{"count":8,"href":"https:\/\/veda.polac.cz\/index.php?rest_route=\/wp\/v2\/pages\/6175\/revisions"}],"predecessor-version":[{"id":6353,"href":"https:\/\/veda.polac.cz\/index.php?rest_route=\/wp\/v2\/pages\/6175\/revisions\/6353"}],"wp:attachment":[{"href":"https:\/\/veda.polac.cz\/index.php?rest_route=%2Fwp%2Fv2%2Fmedia&parent=6175"}],"curies":[{"name":"wp","href":"https:\/\/api.w.org\/{rel}","templated":true}]}}