{"id":614,"date":"2018-09-13T18:33:13","date_gmt":"2018-09-13T18:33:13","guid":{"rendered":"http:\/\/veda.polac.cz\/?page_id=614"},"modified":"2018-10-27T18:53:04","modified_gmt":"2018-10-27T18:53:04","slug":"2-2","status":"publish","type":"page","link":"https:\/\/veda.polac.cz\/?page_id=614","title":{"rendered":""},"content":{"rendered":"<p style=\"text-align: center;\">Resum\u00e9 \u010dl\u00e1nku<\/p>\n<p><strong>Problematika predikce kriminality versus doba sp\u00e1ch\u00e1n\u00ed trestn\u00e9ho \u010dinu<br \/>\n<\/strong><i>doc. JUDr. Roman Svato\u0161, Ph.D., Vysok\u00e1 \u0161kola evropsk\u00fdch a region\u00e1ln\u00edch studi\u00ed o.p.s., \u010cesk\u00e9 Bud\u011bjovice, Katedra pr\u00e1vn\u00edch obor\u016f a bezpe\u010dnostn\u00edch studi\u00ed<\/p>\n<p><\/i>Pro \u00fasp\u011b\u0161n\u011bj\u0161\u00ed boj s kriminalitou jsou trvale p\u0159ij\u00edm\u00e1ny nov\u00e9 metody pr\u00e1ce org\u00e1n\u016f \u010dinn\u00fdch v trestn\u00edm \u0159\u00edzen\u00ed, p\u0159edev\u0161\u00edm Policie \u010cesk\u00e9 republiky, ale i jin\u00fdch subjekt\u016f. Jednou z mo\u017enost\u00ed, jak ovlivnit kriminalitu je zav\u00e1d\u011bn\u00ed a vyu\u017e\u00edv\u00e1n\u00ed pro pr\u00e1ci zainteresovan\u00fdch subjekt\u016f nov\u00fdch ekonomicky dostupn\u00fdch informa\u010dn\u00edch technologi\u00ed, jako jsou geografick\u00e9 informa\u010dn\u00ed syst\u00e9my, konkr\u00e9tn\u011b tzv. &#8222;Mapy kriminality&#8220;. Aby bylo mo\u017en\u00e9 mapy kriminality efektivn\u011b vyu\u017e\u00edvat, je nutn\u00e9 m\u00edt k dispozici takov\u00e9 informace, kter\u00e9 by umo\u017e\u0148ovaly co nejobjektivn\u011bj\u0161\u00ed predikci kriminality. A k tomu je nutno zn\u00e1t p\u0159esn\u00e1 m\u00edsta prob\u011bhnuv\u0161\u00edch trestn\u00fdch \u010din\u016f, pou\u017e\u00edvat p\u0159esnou klasifikaci trestn\u00fdch \u010din\u016f a zn\u00e1t co nejkonkr\u00e9tn\u011bj\u0161\u00ed dobu sp\u00e1ch\u00e1n\u00ed t\u011bchto v minulosti sp\u00e1chan\u00fdch trestn\u00fdch \u010din\u016f. Tato studie se konkr\u00e9tn\u011b zab\u00fdv\u00e1 problematikou doby sp\u00e1ch\u00e1n\u00ed \u010dinu a sou\u010dasn\u011b jsou navr\u017eena nov\u00e1 mo\u017en\u00e1 \u0159e\u0161en\u00ed. Navrhovan\u00e1 \u0159e\u0161en\u00ed jsou v\u00fdsledkem jak anal\u00fdzy pr\u00e1vn\u00edho stavu, tak anal\u00fdzy softwarov\u00e9ho stavu, tak i anal\u00fdzy technicko-administrativn\u00edho stavu za vyu\u017eit\u00ed praktick\u00fdch zku\u0161enost\u00ed.<br \/>\n<strong>Kl\u00ed\u010dov\u00e1 slova:\u00a0<\/strong>kriminalita, geografick\u00e9 informa\u010dn\u00ed syst\u00e9my, mapy kriminality, predikce kriminality, doba sp\u00e1ch\u00e1n\u00ed trestn\u00e9ho \u010dinu.<\/p>\n<p><a href=\"https:\/\/veda.polac.cz\/?page_id=610\">04\/2015<\/a><\/p>\n<p>&nbsp;<\/p>\n","protected":false},"excerpt":{"rendered":"<p>Resum\u00e9 \u010dl\u00e1nku Problematika predikce kriminality versus doba sp\u00e1ch\u00e1n\u00ed trestn\u00e9ho \u010dinu doc. JUDr. Roman Svato\u0161, Ph.D., Vysok\u00e1 \u0161kola evropsk\u00fdch a region\u00e1ln\u00edch studi\u00ed o.p.s., \u010cesk\u00e9 Bud\u011bjovice, Katedra pr\u00e1vn\u00edch obor\u016f a bezpe\u010dnostn\u00edch studi\u00ed Pro \u00fasp\u011b\u0161n\u011bj\u0161\u00ed boj s kriminalitou jsou trvale p\u0159ij\u00edm\u00e1ny nov\u00e9 metody pr\u00e1ce org\u00e1n\u016f \u010dinn\u00fdch v trestn\u00edm \u0159\u00edzen\u00ed, p\u0159edev\u0161\u00edm Policie \u010cesk\u00e9 republiky, ale i jin\u00fdch subjekt\u016f. Jednou [&hellip;]<\/p>\n","protected":false},"author":2,"featured_media":0,"parent":610,"menu_order":2,"comment_status":"closed","ping_status":"closed","template":"","meta":{"footnotes":""},"class_list":["post-614","page","type-page","status-publish","hentry"],"_links":{"self":[{"href":"https:\/\/veda.polac.cz\/index.php?rest_route=\/wp\/v2\/pages\/614","targetHints":{"allow":["GET"]}}],"collection":[{"href":"https:\/\/veda.polac.cz\/index.php?rest_route=\/wp\/v2\/pages"}],"about":[{"href":"https:\/\/veda.polac.cz\/index.php?rest_route=\/wp\/v2\/types\/page"}],"author":[{"embeddable":true,"href":"https:\/\/veda.polac.cz\/index.php?rest_route=\/wp\/v2\/users\/2"}],"replies":[{"embeddable":true,"href":"https:\/\/veda.polac.cz\/index.php?rest_route=%2Fwp%2Fv2%2Fcomments&post=614"}],"version-history":[{"count":2,"href":"https:\/\/veda.polac.cz\/index.php?rest_route=\/wp\/v2\/pages\/614\/revisions"}],"predecessor-version":[{"id":644,"href":"https:\/\/veda.polac.cz\/index.php?rest_route=\/wp\/v2\/pages\/614\/revisions\/644"}],"up":[{"embeddable":true,"href":"https:\/\/veda.polac.cz\/index.php?rest_route=\/wp\/v2\/pages\/610"}],"wp:attachment":[{"href":"https:\/\/veda.polac.cz\/index.php?rest_route=%2Fwp%2Fv2%2Fmedia&parent=614"}],"curies":[{"name":"wp","href":"https:\/\/api.w.org\/{rel}","templated":true}]}}