{"id":6116,"date":"2020-08-27T13:13:30","date_gmt":"2020-08-27T13:13:30","guid":{"rendered":"http:\/\/veda.polac.cz\/?page_id=6116"},"modified":"2020-08-27T13:13:30","modified_gmt":"2020-08-27T13:13:30","slug":"6116-2","status":"publish","type":"page","link":"https:\/\/veda.polac.cz\/?page_id=6116","title":{"rendered":""},"content":{"rendered":"<p style=\"text-align: center;\">Resum\u00e9 \u010dl\u00e1nku<\/p>\n<p><strong>Specifick\u00e9 aspekty p\u0159ed\u0161et\u0159ov\u00e1n\u00ed p\u0159estupk\u016f sp\u00e1chan\u00fdch v\u00a0prost\u0159ed\u00ed Internetu<\/strong><\/p>\n<p><em>doc. JUDr. PhDr. Zden\u011bk Fiala, Ph.D., Policejn\u00ed akademie \u010cesk\u00e9 republiky v\u00a0Praze, Fakulta bezpe\u010dnostn\u00edho managementu, katedra ve\u0159ejnopr\u00e1vn\u00edch discipl\u00edn<\/em><\/p>\n<p><em>Mgr. Marek Pa\u010dmag, MBA, Policie \u010cesk\u00e9 republiky<\/em><\/p>\n<p>P\u0159\u00edsp\u011bvek seznamuje \u010dten\u00e1\u0159e s mo\u017enostmi p\u0159ed\u0161et\u0159ov\u00e1n\u00ed p\u0159estupk\u016f sp\u00e1chan\u00fdch v\u00a0prost\u0159ed\u00ed Internetu. Za t\u00edmto \u00fa\u010delem pod\u00e1vaj\u00ed auto\u0159i n\u00e1vod jak\u00e9 informace (vedouc\u00ed ke zji\u0161t\u011bn\u00ed osoby p\u0159estupce) a jak\u00fdm zp\u016fsobem lze z\u00edskat od poskytovatel\u016f internetov\u00e9ho p\u0159ipojen\u00ed a internetov\u00fdch slu\u017eeb, mobiln\u00edch oper\u00e1t\u016f, spr\u00e1vc\u016f. V\u00a0druh\u00e9 \u010d\u00e1sti p\u0159\u00edsp\u011bvku auto\u0159i poukazuj\u00ed na v\u00fdznam a pou\u017eitelnost podklad\u016f shrom\u00e1\u017ed\u011bn\u00fdch z\u00a0prost\u0159ed\u00ed Internetu v\u00a0navazuj\u00edc\u00edm p\u0159estupkov\u00e9m \u0159\u00edzen\u00ed a na opat\u0159en\u00ed, kter\u00e9 mohou v\u00e9st k\u00a0pos\u00edlen\u00ed jejich d\u016fkazn\u00ed hodnoty.<\/p>\n<p><strong>Kl\u00ed\u010dov\u00e1 slova: <\/strong>p\u0159estupek, Internet, org\u00e1n policie, p\u0159ed\u0161et\u0159ov\u00e1n\u00ed p\u0159estupk\u016f, poskytovatel internetov\u00e9ho p\u0159ipojen\u00ed, poskytovatel slu\u017eeb, registra\u010dn\u00ed \u00fadaje.<\/p>\n<hr \/>\n<p><a href=\"https:\/\/veda.polac.cz\/?page_id=6081\">Zp\u011bt<\/a><\/p>\n","protected":false},"excerpt":{"rendered":"<p>Resum\u00e9 \u010dl\u00e1nku Specifick\u00e9 aspekty p\u0159ed\u0161et\u0159ov\u00e1n\u00ed p\u0159estupk\u016f sp\u00e1chan\u00fdch v\u00a0prost\u0159ed\u00ed Internetu doc. JUDr. PhDr. Zden\u011bk Fiala, Ph.D., Policejn\u00ed akademie \u010cesk\u00e9 republiky v\u00a0Praze, Fakulta bezpe\u010dnostn\u00edho managementu, katedra ve\u0159ejnopr\u00e1vn\u00edch discipl\u00edn Mgr. Marek Pa\u010dmag, MBA, Policie \u010cesk\u00e9 republiky P\u0159\u00edsp\u011bvek seznamuje \u010dten\u00e1\u0159e s mo\u017enostmi p\u0159ed\u0161et\u0159ov\u00e1n\u00ed p\u0159estupk\u016f sp\u00e1chan\u00fdch v\u00a0prost\u0159ed\u00ed Internetu. Za t\u00edmto \u00fa\u010delem pod\u00e1vaj\u00ed auto\u0159i n\u00e1vod jak\u00e9 informace (vedouc\u00ed ke zji\u0161t\u011bn\u00ed osoby [&hellip;]<\/p>\n","protected":false},"author":6,"featured_media":0,"parent":0,"menu_order":0,"comment_status":"closed","ping_status":"closed","template":"","meta":{"footnotes":""},"class_list":["post-6116","page","type-page","status-publish","hentry"],"_links":{"self":[{"href":"https:\/\/veda.polac.cz\/index.php?rest_route=\/wp\/v2\/pages\/6116","targetHints":{"allow":["GET"]}}],"collection":[{"href":"https:\/\/veda.polac.cz\/index.php?rest_route=\/wp\/v2\/pages"}],"about":[{"href":"https:\/\/veda.polac.cz\/index.php?rest_route=\/wp\/v2\/types\/page"}],"author":[{"embeddable":true,"href":"https:\/\/veda.polac.cz\/index.php?rest_route=\/wp\/v2\/users\/6"}],"replies":[{"embeddable":true,"href":"https:\/\/veda.polac.cz\/index.php?rest_route=%2Fwp%2Fv2%2Fcomments&post=6116"}],"version-history":[{"count":1,"href":"https:\/\/veda.polac.cz\/index.php?rest_route=\/wp\/v2\/pages\/6116\/revisions"}],"predecessor-version":[{"id":6117,"href":"https:\/\/veda.polac.cz\/index.php?rest_route=\/wp\/v2\/pages\/6116\/revisions\/6117"}],"wp:attachment":[{"href":"https:\/\/veda.polac.cz\/index.php?rest_route=%2Fwp%2Fv2%2Fmedia&parent=6116"}],"curies":[{"name":"wp","href":"https:\/\/api.w.org\/{rel}","templated":true}]}}