{"id":6113,"date":"2020-08-27T13:10:59","date_gmt":"2020-08-27T13:10:59","guid":{"rendered":"http:\/\/veda.polac.cz\/?page_id=6113"},"modified":"2020-08-27T13:10:59","modified_gmt":"2020-08-27T13:10:59","slug":"6113-2","status":"publish","type":"page","link":"https:\/\/veda.polac.cz\/?page_id=6113","title":{"rendered":""},"content":{"rendered":"<p style=\"text-align: center;\">Resum\u00e9 \u010dl\u00e1nku<\/p>\n<p><strong>Jsou \u010de\u0161t\u00ed policist\u00e9 p\u0159ipraveni na z\u00e1krok proti aktivn\u00edmu st\u0159elci?<\/strong><\/p>\n<p><em>rada pplk. Mgr. Miloslav \u010cih\u00e1k, Policejn\u00ed akademie \u010cesk\u00e9 republiky v\u00a0Praze,<\/em><br \/>\n<em>Fakulta bezpe\u010dnostn\u011b pr\u00e1vn\u00ed, katedra policejn\u00edch \u010dinnost\u00ed<\/em><\/p>\n<p><em>inspektor prap. David Slab\u00fd, Krajsk\u00e9 \u0159editelstv\u00ed Policie \u010cesk\u00e9 republiky kraje Vyso\u010dina<\/em><\/p>\n<p>\u010cl\u00e1nek se zab\u00fdv\u00e1 problematikou aktivn\u00edho st\u0159elce a amoku. T\u00e9to problematice je v\u00a0sou\u010dasn\u00e9 dob\u011b v\u011bnov\u00e1na pozornost jako jedn\u00e9 z\u00a0priorit slu\u017eebn\u00ed p\u0159\u00edpravy p\u0159\u00edslu\u0161n\u00edk\u016f Policie \u010cesk\u00e9 republiky. \u010cl\u00e1nek je v\u011bnov\u00e1n z\u00e1kladn\u00edm pojm\u016fm vztahuj\u00edc\u00edm se k\u00a0dan\u00e9mu t\u00e9matu a pr\u00e1vn\u00edm norm\u00e1m, kter\u00e9 je policista p\u0159i z\u00e1kroku proti aktivn\u00edmu st\u0159elci opr\u00e1vn\u011bn vyu\u017e\u00edt, a dostupn\u00e9mu vybaven\u00ed policist\u016f se zam\u011b\u0159en\u00edm na balistickou ochranu. Pro v\u00fdzkumn\u00e9 \u0161et\u0159en\u00ed je vyu\u017e\u00edv\u00e1na dotazn\u00edkov\u00e1 metoda. C\u00edlem v\u00fdzkumu je zjistit celkov\u00e9 pov\u011bdom\u00ed policist\u016f ze dvou krajsk\u00fdch \u0159editelstv\u00ed Policie \u010cesk\u00e9 republiky o dan\u00e9m t\u00e9matu a pokusit se zjistit p\u0159\u00edpadn\u00e9 nedostatky a navrhnout jejich mo\u017en\u00e1 \u0159e\u0161en\u00ed.<\/p>\n<p><strong>Kl\u00ed\u010dov\u00e1 slova: <\/strong>aktivn\u00ed st\u0159elec, amok, balistick\u00e1 ochrana, barik\u00e1dov\u00e1 situace, eliminace, Integrovan\u00fd z\u00e1chrann\u00fd syst\u00e9m, Policie \u010cesk\u00e9 republiky, policejn\u00ed hl\u00eddka, taktika.<\/p>\n<hr \/>\n<p><a href=\"https:\/\/veda.polac.cz\/?page_id=6081\">Zp\u011bt<\/a><\/p>\n","protected":false},"excerpt":{"rendered":"<p>Resum\u00e9 \u010dl\u00e1nku Jsou \u010de\u0161t\u00ed policist\u00e9 p\u0159ipraveni na z\u00e1krok proti aktivn\u00edmu st\u0159elci? rada pplk. Mgr. Miloslav \u010cih\u00e1k, Policejn\u00ed akademie \u010cesk\u00e9 republiky v\u00a0Praze, Fakulta bezpe\u010dnostn\u011b pr\u00e1vn\u00ed, katedra policejn\u00edch \u010dinnost\u00ed inspektor prap. David Slab\u00fd, Krajsk\u00e9 \u0159editelstv\u00ed Policie \u010cesk\u00e9 republiky kraje Vyso\u010dina \u010cl\u00e1nek se zab\u00fdv\u00e1 problematikou aktivn\u00edho st\u0159elce a amoku. T\u00e9to problematice je v\u00a0sou\u010dasn\u00e9 dob\u011b v\u011bnov\u00e1na pozornost jako jedn\u00e9 [&hellip;]<\/p>\n","protected":false},"author":6,"featured_media":0,"parent":0,"menu_order":0,"comment_status":"closed","ping_status":"closed","template":"","meta":{"footnotes":""},"class_list":["post-6113","page","type-page","status-publish","hentry"],"_links":{"self":[{"href":"https:\/\/veda.polac.cz\/index.php?rest_route=\/wp\/v2\/pages\/6113","targetHints":{"allow":["GET"]}}],"collection":[{"href":"https:\/\/veda.polac.cz\/index.php?rest_route=\/wp\/v2\/pages"}],"about":[{"href":"https:\/\/veda.polac.cz\/index.php?rest_route=\/wp\/v2\/types\/page"}],"author":[{"embeddable":true,"href":"https:\/\/veda.polac.cz\/index.php?rest_route=\/wp\/v2\/users\/6"}],"replies":[{"embeddable":true,"href":"https:\/\/veda.polac.cz\/index.php?rest_route=%2Fwp%2Fv2%2Fcomments&post=6113"}],"version-history":[{"count":1,"href":"https:\/\/veda.polac.cz\/index.php?rest_route=\/wp\/v2\/pages\/6113\/revisions"}],"predecessor-version":[{"id":6114,"href":"https:\/\/veda.polac.cz\/index.php?rest_route=\/wp\/v2\/pages\/6113\/revisions\/6114"}],"wp:attachment":[{"href":"https:\/\/veda.polac.cz\/index.php?rest_route=%2Fwp%2Fv2%2Fmedia&parent=6113"}],"curies":[{"name":"wp","href":"https:\/\/api.w.org\/{rel}","templated":true}]}}