{"id":6104,"date":"2020-08-27T13:01:20","date_gmt":"2020-08-27T13:01:20","guid":{"rendered":"http:\/\/veda.polac.cz\/?page_id=6104"},"modified":"2020-08-27T13:01:20","modified_gmt":"2020-08-27T13:01:20","slug":"6104-2","status":"publish","type":"page","link":"https:\/\/veda.polac.cz\/?page_id=6104","title":{"rendered":""},"content":{"rendered":"<p style=\"text-align: center;\">Resum\u00e9 \u010dl\u00e1nku<\/p>\n<p><strong>Reflexe struktur\u00e1ln\u011b-politick\u00fdch podm\u00ednek v\u00a0ideologii a\u00a0praktick\u00e9m p\u016fsoben\u00ed islamistick\u00fdch skupin \u2013 tzv. Isl\u00e1msk\u00fd st\u00e1t a\u00a0al-K\u00e1ida<\/strong><\/p>\n<p><em>Mgr. Kate\u0159ina \u0160upov\u00e1, Univerzita Karlova, Filozofick\u00e1 fakulta, \u00dastav politologie<\/em><\/p>\n<p>V\u00a0\u010dl\u00e1nku si autorka vzala za hlavn\u00ed c\u00edl analyzovat strategii a strategick\u00fd n\u00e1stroj propagandu Isl\u00e1msk\u00e9ho st\u00e1tu ve srovn\u00e1n\u00ed k al-K\u00e1id\u011b. Hlavn\u00ed d\u016fraz je kladen na anal\u00fdzu organizac\u00ed jak po historick\u00e9 str\u00e1nce, aby byla zn\u00e1m\u00e1 p\u0159\u00ed\u010dina rozkolu mezi organizacemi, tak i na studium z\u00e1m\u011br\u016f a schopnost\u00ed ka\u017ed\u00e9 organizace zkoum\u00e1n\u00edm ideologie, c\u00edl\u016f, boje, taktiky, propagandy atd. K\u00a0t\u00e9to anal\u00fdze byl n\u00e1pomocn\u00fd koncept Marthy Crenshawov\u00e9 zab\u00fdvaj\u00edc\u00ed se organiza\u010dn\u00ed a instrument\u00e1ln\u00ed perspektivou, kter\u00e9 vysv\u011btluj\u00ed chov\u00e1n\u00ed teroristick\u00fdch skupin a koncept Michaela Areny a Bruce Arrigy zab\u00fdvaj\u00edc\u00ed se tvorbou identity a propagandou na symbolick\u00e9 \u00farovni ve spolupr\u00e1ci s\u00a0Ervinem Goffmanem, kter\u00fd se zab\u00fdv\u00e1 teori\u00ed sebeprezentace. Anal\u00fdzou r\u016fzn\u00fdch dokument\u016f, prohl\u00e1\u0161en\u00ed z\u00a0d\u00edlny Isl\u00e1msk\u00e9ho st\u00e1tu a al-K\u00e1idy se na\u010drtne ideologick\u00fd, apokalyptick\u00fd, strategick\u00fd posun hnut\u00ed.<\/p>\n<p><strong>Kl\u00ed\u010dov\u00e1 slova:<\/strong> ideologie, propaganda, strategie, Isl\u00e1msk\u00fd st\u00e1t, al-K\u00e1ida, terorismus, identita.<\/p>\n<hr \/>\n<p><a href=\"https:\/\/veda.polac.cz\/?page_id=6081\">Zp\u011bt<\/a><\/p>\n","protected":false},"excerpt":{"rendered":"<p>Resum\u00e9 \u010dl\u00e1nku Reflexe struktur\u00e1ln\u011b-politick\u00fdch podm\u00ednek v\u00a0ideologii a\u00a0praktick\u00e9m p\u016fsoben\u00ed islamistick\u00fdch skupin \u2013 tzv. Isl\u00e1msk\u00fd st\u00e1t a\u00a0al-K\u00e1ida Mgr. Kate\u0159ina \u0160upov\u00e1, Univerzita Karlova, Filozofick\u00e1 fakulta, \u00dastav politologie V\u00a0\u010dl\u00e1nku si autorka vzala za hlavn\u00ed c\u00edl analyzovat strategii a strategick\u00fd n\u00e1stroj propagandu Isl\u00e1msk\u00e9ho st\u00e1tu ve srovn\u00e1n\u00ed k al-K\u00e1id\u011b. Hlavn\u00ed d\u016fraz je kladen na anal\u00fdzu organizac\u00ed jak po historick\u00e9 str\u00e1nce, aby [&hellip;]<\/p>\n","protected":false},"author":6,"featured_media":0,"parent":0,"menu_order":0,"comment_status":"closed","ping_status":"closed","template":"","meta":{"footnotes":""},"class_list":["post-6104","page","type-page","status-publish","hentry"],"_links":{"self":[{"href":"https:\/\/veda.polac.cz\/index.php?rest_route=\/wp\/v2\/pages\/6104","targetHints":{"allow":["GET"]}}],"collection":[{"href":"https:\/\/veda.polac.cz\/index.php?rest_route=\/wp\/v2\/pages"}],"about":[{"href":"https:\/\/veda.polac.cz\/index.php?rest_route=\/wp\/v2\/types\/page"}],"author":[{"embeddable":true,"href":"https:\/\/veda.polac.cz\/index.php?rest_route=\/wp\/v2\/users\/6"}],"replies":[{"embeddable":true,"href":"https:\/\/veda.polac.cz\/index.php?rest_route=%2Fwp%2Fv2%2Fcomments&post=6104"}],"version-history":[{"count":1,"href":"https:\/\/veda.polac.cz\/index.php?rest_route=\/wp\/v2\/pages\/6104\/revisions"}],"predecessor-version":[{"id":6105,"href":"https:\/\/veda.polac.cz\/index.php?rest_route=\/wp\/v2\/pages\/6104\/revisions\/6105"}],"wp:attachment":[{"href":"https:\/\/veda.polac.cz\/index.php?rest_route=%2Fwp%2Fv2%2Fmedia&parent=6104"}],"curies":[{"name":"wp","href":"https:\/\/api.w.org\/{rel}","templated":true}]}}