{"id":6101,"date":"2020-08-27T12:58:11","date_gmt":"2020-08-27T12:58:11","guid":{"rendered":"http:\/\/veda.polac.cz\/?page_id=6101"},"modified":"2020-08-27T12:58:12","modified_gmt":"2020-08-27T12:58:12","slug":"6101-2","status":"publish","type":"page","link":"https:\/\/veda.polac.cz\/?page_id=6101","title":{"rendered":""},"content":{"rendered":"<p style=\"text-align: center;\">Resum\u00e9 \u010dl\u00e1nku<\/p>\n<p><strong>Vybran\u00e9 aspekty omezen\u00ed pr\u00e1va na informace I<\/strong><\/p>\n<p><em>JUDr. Tereza Jon\u00e1kov\u00e1, Policejn\u00ed akademie \u010cesk\u00e9 republiky v\u00a0Praze,<\/em><br \/>\n<em>Fakulta bezpe\u010dnostn\u00edho managementu, katedra ve\u0159ejnopr\u00e1vn\u00edch discipl\u00edn<\/em><\/p>\n<p>P\u0159\u00edsp\u011bvek m\u00e1 za c\u00edl analyzovat pr\u00e1vn\u00ed \u00fapravu pr\u00e1va na informace a pr\u00e1va na ochranu osobn\u00edch \u00fadaj\u016f a vymezit jejich vz\u00e1jemn\u00fd postoj ve vztahu k jejich recipro\u010dn\u00edm limit\u016fm a omezen\u00edm. Z\u00e1kladn\u00ed v\u00fdznam konfliktu pr\u00e1va na informace a\u00a0pr\u00e1va na ochranu osobn\u00edch \u00fadaj\u016f tkv\u00ed v jejich p\u0159im\u011b\u0159en\u00e9, ale z\u00e1rove\u0148 dostate\u010dn\u00e9 bilanci p\u0159i jejich u\u017eit\u00ed v aplika\u010dn\u00ed praxi.<\/p>\n<p><strong>Kl\u00ed\u010dov\u00e1 slova:<\/strong> informace, pr\u00e1vo na informace, zpracov\u00e1n\u00ed osobn\u00edch \u00fadaj\u016f, omezen\u00ed zpracov\u00e1n\u00ed osobn\u00edch \u00fadaj\u016f.<\/p>\n<hr \/>\n<p><a href=\"https:\/\/veda.polac.cz\/?page_id=6081\">Zp\u011bt<\/a><\/p>\n","protected":false},"excerpt":{"rendered":"<p>Resum\u00e9 \u010dl\u00e1nku Vybran\u00e9 aspekty omezen\u00ed pr\u00e1va na informace I JUDr. Tereza Jon\u00e1kov\u00e1, Policejn\u00ed akademie \u010cesk\u00e9 republiky v\u00a0Praze, Fakulta bezpe\u010dnostn\u00edho managementu, katedra ve\u0159ejnopr\u00e1vn\u00edch discipl\u00edn P\u0159\u00edsp\u011bvek m\u00e1 za c\u00edl analyzovat pr\u00e1vn\u00ed \u00fapravu pr\u00e1va na informace a pr\u00e1va na ochranu osobn\u00edch \u00fadaj\u016f a vymezit jejich vz\u00e1jemn\u00fd postoj ve vztahu k jejich recipro\u010dn\u00edm limit\u016fm a omezen\u00edm. Z\u00e1kladn\u00ed v\u00fdznam konfliktu [&hellip;]<\/p>\n","protected":false},"author":6,"featured_media":0,"parent":0,"menu_order":0,"comment_status":"closed","ping_status":"closed","template":"","meta":{"footnotes":""},"class_list":["post-6101","page","type-page","status-publish","hentry"],"_links":{"self":[{"href":"https:\/\/veda.polac.cz\/index.php?rest_route=\/wp\/v2\/pages\/6101","targetHints":{"allow":["GET"]}}],"collection":[{"href":"https:\/\/veda.polac.cz\/index.php?rest_route=\/wp\/v2\/pages"}],"about":[{"href":"https:\/\/veda.polac.cz\/index.php?rest_route=\/wp\/v2\/types\/page"}],"author":[{"embeddable":true,"href":"https:\/\/veda.polac.cz\/index.php?rest_route=\/wp\/v2\/users\/6"}],"replies":[{"embeddable":true,"href":"https:\/\/veda.polac.cz\/index.php?rest_route=%2Fwp%2Fv2%2Fcomments&post=6101"}],"version-history":[{"count":1,"href":"https:\/\/veda.polac.cz\/index.php?rest_route=\/wp\/v2\/pages\/6101\/revisions"}],"predecessor-version":[{"id":6102,"href":"https:\/\/veda.polac.cz\/index.php?rest_route=\/wp\/v2\/pages\/6101\/revisions\/6102"}],"wp:attachment":[{"href":"https:\/\/veda.polac.cz\/index.php?rest_route=%2Fwp%2Fv2%2Fmedia&parent=6101"}],"curies":[{"name":"wp","href":"https:\/\/api.w.org\/{rel}","templated":true}]}}