{"id":610,"date":"2018-09-13T18:30:28","date_gmt":"2018-09-13T18:30:28","guid":{"rendered":"http:\/\/veda.polac.cz\/?page_id=610"},"modified":"2019-04-18T10:51:47","modified_gmt":"2019-04-18T10:51:47","slug":"04-2015","status":"publish","type":"page","link":"https:\/\/veda.polac.cz\/?page_id=610","title":{"rendered":"04\/2015"},"content":{"rendered":"<p>\u00a0<\/p>\n<p><a href=\"https:\/\/veda.polac.cz\/?page_id=598\"><strong>Perzistentn\u00ed st\u011b\u017eovatel\u00e9\u00a0<\/strong><\/a><br \/>doc. PhDr. Ludmila \u010c\u00edrtkov\u00e1, CSc.<\/p>\n<hr \/>\n<p><a href=\"https:\/\/veda.polac.cz\/?page_id=614\"><strong>Problematika predikce kriminality versus doba sp\u00e1ch\u00e1n\u00ed trestn\u00e9ho \u010dinu\u00a0<\/strong><\/a><br \/>doc. JUDr. Roman Svato\u0161, Ph.D.<\/p>\n<hr \/>\n<p><a href=\"https:\/\/veda.polac.cz\/?page_id=617\"><strong>Korupce a jej\u00ed mezin\u00e1rodn\u00ed srovn\u00e1n\u00ed pomoc\u00ed CPI\u00a0<\/strong><\/a><br \/>Mgr. Elizbar Rodonaia, Mgr. Franti\u0161ek H\u0159eb\u00edk, Ph.D.<\/p>\n<hr \/>\n<p><a href=\"https:\/\/veda.polac.cz\/?page_id=620\"><strong>&#8222;Divok\u00e9 karty&#8220; v rozhodovac\u00edch procesech k t\u00e9matu bezpe\u010dnosti v kontextu \u010cesk\u00e9 republiky\u00a0<\/strong><\/a><br \/>Mgr. V\u00edt Kunick\u00fd<\/p>\n<hr \/>\n<p><a href=\"https:\/\/veda.polac.cz\/?page_id=622\"><strong>Klimatick\u00e9 zm\u011bny &#8211; p\u0159\u00ed\u010diny a dopady\u00a0<\/strong><\/a><br \/>Ing. Ondrej Tar\u010d\u00e1ni<\/p>\n<hr \/>\n<p><a href=\"https:\/\/veda.polac.cz\/?page_id=625\"><strong>V\u00fdvoj opera\u010dn\u00edho prost\u0159ed\u00ed v kontextu budouc\u00edch konflikt\u016f a sm\u011b\u0159ov\u00e1n\u00ed zpravodajsk\u00e9 podpory\u00a0<\/strong><\/a><br \/>Ing. Martin Havl\u00edk, MBA, MSc.<\/p>\n<hr \/>\n<p><a href=\"https:\/\/veda.polac.cz\/?page_id=627\"><strong>Jak \u010d\u00edst graffiti a rozum\u011bt writer\u016fm\u00a0<\/strong><\/a><br \/>Mgr. Luk\u00e1\u0161 Urban, Ph.D.<\/p>\n<hr \/>\n<p><a href=\"https:\/\/veda.polac.cz\/?page_id=629\"><strong>Cezhrani\u010dn\u00e1 v\u00fdmena inform\u00e1ci\u00ed o dopravn\u00fdch deliktoch &#8211; EUCARIS\u00a0<\/strong><\/a><br \/>JUDr. Jana Morav\u010d\u00edkov\u00e1<\/p>\n<hr \/>\n<p><a href=\"https:\/\/veda.polac.cz\/?page_id=631\"><strong>Pohled na kriminalitu za pomoci syst\u00e9mu ESSK\u00a0<\/strong><\/a><br \/>Mgr. Martin Ko\u0148a\u0159\u00edk<\/p>\n<hr \/>\n<p><a href=\"https:\/\/veda.polac.cz\/?page_id=633\"><strong>Vzd\u011bl\u00e1v\u00e1n\u00ed a v\u00fdcvik v oblasti povod\u0148ov\u00e9 ochrany s vyu\u017eit\u00edm simula\u010dn\u00edch technologi\u00ed\u00a0<\/strong><\/a><br \/>JUDr. Karin Plincnerov\u00e1, Ing. Zden\u011bk Rathausk\u00fd, Mgr. So\u0148a Cemp\u00edrkov\u00e1<\/p>\n<hr \/>\n<p><a href=\"https:\/\/veda.polac.cz\/?page_id=235\">Zp\u011bt<\/a><\/p>\n\n\n<p><\/p>\n","protected":false},"excerpt":{"rendered":"<p>\u00a0 Perzistentn\u00ed st\u011b\u017eovatel\u00e9\u00a0doc. PhDr. Ludmila \u010c\u00edrtkov\u00e1, CSc. Problematika predikce kriminality versus doba sp\u00e1ch\u00e1n\u00ed trestn\u00e9ho \u010dinu\u00a0doc. JUDr. Roman Svato\u0161, Ph.D. Korupce a jej\u00ed mezin\u00e1rodn\u00ed srovn\u00e1n\u00ed pomoc\u00ed CPI\u00a0Mgr. Elizbar Rodonaia, Mgr. Franti\u0161ek H\u0159eb\u00edk, Ph.D. &#8222;Divok\u00e9 karty&#8220; v rozhodovac\u00edch procesech k t\u00e9matu bezpe\u010dnosti v kontextu \u010cesk\u00e9 republiky\u00a0Mgr. V\u00edt Kunick\u00fd Klimatick\u00e9 zm\u011bny &#8211; p\u0159\u00ed\u010diny a dopady\u00a0Ing. Ondrej Tar\u010d\u00e1ni V\u00fdvoj [&hellip;]<\/p>\n","protected":false},"author":2,"featured_media":0,"parent":235,"menu_order":5,"comment_status":"closed","ping_status":"closed","template":"","meta":{"footnotes":""},"class_list":["post-610","page","type-page","status-publish","hentry"],"_links":{"self":[{"href":"https:\/\/veda.polac.cz\/index.php?rest_route=\/wp\/v2\/pages\/610","targetHints":{"allow":["GET"]}}],"collection":[{"href":"https:\/\/veda.polac.cz\/index.php?rest_route=\/wp\/v2\/pages"}],"about":[{"href":"https:\/\/veda.polac.cz\/index.php?rest_route=\/wp\/v2\/types\/page"}],"author":[{"embeddable":true,"href":"https:\/\/veda.polac.cz\/index.php?rest_route=\/wp\/v2\/users\/2"}],"replies":[{"embeddable":true,"href":"https:\/\/veda.polac.cz\/index.php?rest_route=%2Fwp%2Fv2%2Fcomments&post=610"}],"version-history":[{"count":4,"href":"https:\/\/veda.polac.cz\/index.php?rest_route=\/wp\/v2\/pages\/610\/revisions"}],"predecessor-version":[{"id":2644,"href":"https:\/\/veda.polac.cz\/index.php?rest_route=\/wp\/v2\/pages\/610\/revisions\/2644"}],"up":[{"embeddable":true,"href":"https:\/\/veda.polac.cz\/index.php?rest_route=\/wp\/v2\/pages\/235"}],"wp:attachment":[{"href":"https:\/\/veda.polac.cz\/index.php?rest_route=%2Fwp%2Fv2%2Fmedia&parent=610"}],"curies":[{"name":"wp","href":"https:\/\/api.w.org\/{rel}","templated":true}]}}