{"id":6034,"date":"2020-04-15T08:04:12","date_gmt":"2020-04-15T08:04:12","guid":{"rendered":"http:\/\/veda.polac.cz\/?page_id=6034"},"modified":"2020-04-15T08:04:12","modified_gmt":"2020-04-15T08:04:12","slug":"6034-2","status":"publish","type":"page","link":"https:\/\/veda.polac.cz\/?page_id=6034","title":{"rendered":""},"content":{"rendered":"<p style=\"text-align: center;\">Remum\u00e9 \u010dl\u00e1nku<\/p>\n<p><strong>Opera\u010dn\u00ed \u0159\u00edzen\u00ed integrovan\u00e9ho z\u00e1chrann\u00e9ho syst\u00e9mu<\/strong><\/p>\n<p><em>mjr. PhDr. Mgr. Miroslav Matou\u0161, Policejn\u00ed akademie \u010cesk\u00e9 republiky v\u00a0Praze, katedra krizov\u00e9ho \u0159\u00edzen\u00ed<\/em><\/p>\n<p>Motivem pro zpracov\u00e1n\u00ed tohoto \u010dl\u00e1nku bylo stru\u010dn\u011b popsat v\u00fdvojov\u00fd proces v\u00a0r\u00e1mci opera\u010dn\u00edho \u0159\u00edzen\u00ed u z\u00e1kladn\u00ed slo\u017eky integrovan\u00e9ho z\u00e1chrann\u00e9ho syst\u00e9mu, kterou je Hasi\u010dsk\u00fd z\u00e1chrann\u00fd sbor \u010cesk\u00e9 republiky. Prost\u0159ednictv\u00edm opera\u010dn\u00edch a\u00a0informa\u010dn\u00edch st\u0159edisek, kter\u00e9 z\u0159izuje k pln\u011bn\u00ed sv\u00fdch z\u00e1kladn\u00edch \u00fakol\u016f, sou\u010dasn\u011b v\u00a0p\u0159\u00edpad\u011b z\u00e1sahu dvou a v\u00edce z\u00e1kladn\u00edch slo\u017eek koordinuje opera\u010dn\u00ed \u0159\u00edzen\u00ed pr\u00e1v\u011b jako opera\u010dn\u00ed a informa\u010dn\u00ed st\u0159edisko integrovan\u00e9ho z\u00e1chrann\u00e9ho syst\u00e9mu. Dal\u0161\u00ed z\u00e1kladn\u00ed slo\u017eky, kter\u00fdmi jsou Policie \u010cesk\u00e9 republiky a zdravotnick\u00e1 z\u00e1chrann\u00e1 slu\u017eba kraj\u016f, zaji\u0161\u0165uj\u00ed provoz vlastn\u00edch integrovan\u00fdch opera\u010dn\u00edch st\u0159edisek, kter\u00e9 v\u00a0p\u0159\u00edpad\u011b spole\u010dn\u00e9ho z\u00e1sahu z\u00e1kladn\u00edch slo\u017eek na opera\u010dn\u00ed \u00farovni mezi sebou spolupracuj\u00ed. P\u0159edm\u011btn\u00e1 problematika pro\u0161la mnoha zm\u011bnami, kter\u00e9 ovlivnili \u0159\u00edzen\u00ed a\u00a0koordinaci mezi jednotliv\u00fdmi z\u00e1chrann\u00fdmi slo\u017ekami. Syst\u00e9m v sou\u010dasn\u00e9 dob\u011b vyhovuje pot\u0159eb\u00e1m modern\u00ed spole\u010dnosti. Je v\u0161ak nutnost\u00ed sledovat nejen rostouc\u00ed dynamick\u00fd v\u00fdvoj technologi\u00ed, ale i zm\u011bny v bezpe\u010dnostn\u00edm prost\u0159ed\u00ed, kter\u00e9 by mohly v budoucnu v\u00fdznamn\u011b ovlivnit opera\u010dn\u00ed \u0159\u00edzen\u00ed.<\/p>\n<p><strong>Kl\u00ed\u010dov\u00e1 slova:<\/strong> integrovan\u00fd z\u00e1chrann\u00fd syst\u00e9m, Hasi\u010dsk\u00fd z\u00e1chrann\u00fd sbor \u010cesk\u00e9 republiky, opera\u010dn\u00ed a informa\u010dn\u00ed st\u0159edisko, opera\u010dn\u00ed st\u0159edisko, z\u00e1kladn\u00ed slo\u017eka, mimo\u0159\u00e1dn\u00e1 ud\u00e1lost, opera\u010dn\u00ed \u0159\u00edzen\u00ed, telefonn\u00ed centrum t\u00eds\u0148ov\u00e9ho vol\u00e1n\u00ed, t\u00eds\u0148ov\u00e9 linky.<\/p>\n<hr \/>\n<p><a href=\"https:\/\/veda.polac.cz\/?page_id=6004\">Zp\u011bt<\/a><\/p>\n\n\n<p><\/p>\n","protected":false},"excerpt":{"rendered":"<p>Remum\u00e9 \u010dl\u00e1nku Opera\u010dn\u00ed \u0159\u00edzen\u00ed integrovan\u00e9ho z\u00e1chrann\u00e9ho syst\u00e9mu mjr. PhDr. Mgr. Miroslav Matou\u0161, Policejn\u00ed akademie \u010cesk\u00e9 republiky v\u00a0Praze, katedra krizov\u00e9ho \u0159\u00edzen\u00ed Motivem pro zpracov\u00e1n\u00ed tohoto \u010dl\u00e1nku bylo stru\u010dn\u011b popsat v\u00fdvojov\u00fd proces v\u00a0r\u00e1mci opera\u010dn\u00edho \u0159\u00edzen\u00ed u z\u00e1kladn\u00ed slo\u017eky integrovan\u00e9ho z\u00e1chrann\u00e9ho syst\u00e9mu, kterou je Hasi\u010dsk\u00fd z\u00e1chrann\u00fd sbor \u010cesk\u00e9 republiky. Prost\u0159ednictv\u00edm opera\u010dn\u00edch a\u00a0informa\u010dn\u00edch st\u0159edisek, kter\u00e9 z\u0159izuje k pln\u011bn\u00ed sv\u00fdch [&hellip;]<\/p>\n","protected":false},"author":6,"featured_media":0,"parent":0,"menu_order":0,"comment_status":"closed","ping_status":"closed","template":"","meta":{"footnotes":""},"class_list":["post-6034","page","type-page","status-publish","hentry"],"_links":{"self":[{"href":"https:\/\/veda.polac.cz\/index.php?rest_route=\/wp\/v2\/pages\/6034","targetHints":{"allow":["GET"]}}],"collection":[{"href":"https:\/\/veda.polac.cz\/index.php?rest_route=\/wp\/v2\/pages"}],"about":[{"href":"https:\/\/veda.polac.cz\/index.php?rest_route=\/wp\/v2\/types\/page"}],"author":[{"embeddable":true,"href":"https:\/\/veda.polac.cz\/index.php?rest_route=\/wp\/v2\/users\/6"}],"replies":[{"embeddable":true,"href":"https:\/\/veda.polac.cz\/index.php?rest_route=%2Fwp%2Fv2%2Fcomments&post=6034"}],"version-history":[{"count":1,"href":"https:\/\/veda.polac.cz\/index.php?rest_route=\/wp\/v2\/pages\/6034\/revisions"}],"predecessor-version":[{"id":6036,"href":"https:\/\/veda.polac.cz\/index.php?rest_route=\/wp\/v2\/pages\/6034\/revisions\/6036"}],"wp:attachment":[{"href":"https:\/\/veda.polac.cz\/index.php?rest_route=%2Fwp%2Fv2%2Fmedia&parent=6034"}],"curies":[{"name":"wp","href":"https:\/\/api.w.org\/{rel}","templated":true}]}}