{"id":6032,"date":"2020-04-15T08:01:39","date_gmt":"2020-04-15T08:01:39","guid":{"rendered":"http:\/\/veda.polac.cz\/?page_id=6032"},"modified":"2020-04-15T08:01:39","modified_gmt":"2020-04-15T08:01:39","slug":"6032-2","status":"publish","type":"page","link":"https:\/\/veda.polac.cz\/?page_id=6032","title":{"rendered":""},"content":{"rendered":"<p style=\"text-align: center;\">Resum\u00e9 \u010dl\u00e1nku<\/p>\n<p><strong>Ka\u017ed\u00e9 \u00b4j\u00e1\u00b4 a ka\u017ed\u00e9 \u00b4vy\u00b4 v r\u00e1mci n\u00e1rodn\u00ed identity, vn\u00edm\u00e1n\u00ed bezpe\u010dnosti a jadern\u00e1 politika<\/strong><\/p>\n<p><em>Dr. Zo\u00eb I. Levornik, School of Political Science, University of Haifa, Israel<\/em><\/p>\n<p>Tento p\u0159\u00edsp\u011bvek se zab\u00fdv\u00e1 vlivem n\u00e1rodn\u00ed identity na vn\u00edm\u00e1n\u00ed politiky a\u00a0bezpe\u010dnosti st\u00e1tu. N\u00e1rodn\u00ed identita ovliv\u0148uje vn\u00edm\u00e1n\u00ed politiky a bezpe\u010dnosti st\u00e1tu dv\u011bma sm\u011bry. Za prv\u00e9 je to konstruktivn\u00ed vliv, kter\u00fd ve sv\u00e9 podstat\u011b znamen\u00e1, \u017ee utv\u00e1\u0159\u00ed vjem bezpe\u010dnosti. Jin\u00fdmi slovy to, kdo jsme my (jako jednotlivci nebo jako spole\u010dnost), ur\u010duje, co vn\u00edm\u00e1me jako hrozbu. A za druh\u00e9 n\u00e1rodn\u00ed identita \u010dasto funguje jako ur\u010duj\u00edc\u00ed faktor p\u0159i z\u00edsk\u00e1v\u00e1n\u00ed legitimity a podpory ve\u0159ejnosti pro ur\u010dit\u00e9 politick\u00e9 kroky, co\u017e znamen\u00e1, \u017ee ti, kdo\u017e maj\u00ed rozhodovac\u00ed pravomoc, zasad\u00ed ur\u010dit\u00e9 probl\u00e9my do r\u00e1mce problematiky n\u00e1rodn\u00ed identity, neb tato je pova\u017eov\u00e1na za citlivou z\u00e1le\u017eitost ka\u017ed\u00e9 spole\u010dnosti, a tud\u00ed\u017e signifikantn\u011b ovliv\u0148uje z\u00edsk\u00e1n\u00ed podpory n\u00e1roda. Existuj\u00ed studie, kter\u00e9 se zab\u00fdvaj\u00ed zkoum\u00e1n\u00edm konstruktivn\u00edho vlivu n\u00e1rodn\u00ed identity, a pouze n\u011bkolik m\u00e1lo dal\u0161\u00edch se zam\u011b\u0159uje na fungov\u00e1n\u00ed n\u00e1rodn\u00ed identity jako ur\u010duj\u00edc\u00edho faktoru, co\u017e je i c\u00edlem tohoto \u010dl\u00e1nku. Tento p\u0159\u00edsp\u011bvek zkoum\u00e1 dva p\u0159\u00edklady, a to Izrael a Ir\u00e1n, aby na nich demonstroval, jak je n\u00e1rodn\u00ed identita pou\u017e\u00edv\u00e1na\u00a0v politick\u00e9m diskurzu za \u00fa\u010delem z\u00edsk\u00e1n\u00ed legitimity a podpory jejich jadern\u00e9 politiky. Pochopen\u00ed toho, jak\u00fdm zp\u016fsobem je jadern\u00e1 politika zakoncipov\u00e1na do politick\u00e9ho diskurzu t\u00e9 kter\u00e9 zem\u011b, napom\u016f\u017ee stanovit \u00fa\u010dinn\u011bj\u0161\u00ed iniciativy a politiku ne\u0161\u00ed\u0159en\u00ed jadern\u00fdch zbran\u00ed.<\/p>\n<p><strong>Kl\u00ed\u010dov\u00e1 slova:<\/strong> N\u00e1rodn\u00ed identita, vn\u00edm\u00e1n\u00ed bezpe\u010dnosti, politick\u00fd diskurz, podpora ve\u0159ejnosti, jadern\u00e1 politika, Izrael, Ir\u00e1n.<\/p>\n<hr \/>\n<p><a href=\"https:\/\/veda.polac.cz\/?page_id=6004\">Zp\u011bt<\/a><\/p>\n","protected":false},"excerpt":{"rendered":"<p>Resum\u00e9 \u010dl\u00e1nku Ka\u017ed\u00e9 \u00b4j\u00e1\u00b4 a ka\u017ed\u00e9 \u00b4vy\u00b4 v r\u00e1mci n\u00e1rodn\u00ed identity, vn\u00edm\u00e1n\u00ed bezpe\u010dnosti a jadern\u00e1 politika Dr. Zo\u00eb I. Levornik, School of Political Science, University of Haifa, Israel Tento p\u0159\u00edsp\u011bvek se zab\u00fdv\u00e1 vlivem n\u00e1rodn\u00ed identity na vn\u00edm\u00e1n\u00ed politiky a\u00a0bezpe\u010dnosti st\u00e1tu. N\u00e1rodn\u00ed identita ovliv\u0148uje vn\u00edm\u00e1n\u00ed politiky a bezpe\u010dnosti st\u00e1tu dv\u011bma sm\u011bry. Za prv\u00e9 je to konstruktivn\u00ed [&hellip;]<\/p>\n","protected":false},"author":6,"featured_media":0,"parent":0,"menu_order":0,"comment_status":"closed","ping_status":"closed","template":"","meta":{"footnotes":""},"class_list":["post-6032","page","type-page","status-publish","hentry"],"_links":{"self":[{"href":"https:\/\/veda.polac.cz\/index.php?rest_route=\/wp\/v2\/pages\/6032","targetHints":{"allow":["GET"]}}],"collection":[{"href":"https:\/\/veda.polac.cz\/index.php?rest_route=\/wp\/v2\/pages"}],"about":[{"href":"https:\/\/veda.polac.cz\/index.php?rest_route=\/wp\/v2\/types\/page"}],"author":[{"embeddable":true,"href":"https:\/\/veda.polac.cz\/index.php?rest_route=\/wp\/v2\/users\/6"}],"replies":[{"embeddable":true,"href":"https:\/\/veda.polac.cz\/index.php?rest_route=%2Fwp%2Fv2%2Fcomments&post=6032"}],"version-history":[{"count":1,"href":"https:\/\/veda.polac.cz\/index.php?rest_route=\/wp\/v2\/pages\/6032\/revisions"}],"predecessor-version":[{"id":6033,"href":"https:\/\/veda.polac.cz\/index.php?rest_route=\/wp\/v2\/pages\/6032\/revisions\/6033"}],"wp:attachment":[{"href":"https:\/\/veda.polac.cz\/index.php?rest_route=%2Fwp%2Fv2%2Fmedia&parent=6032"}],"curies":[{"name":"wp","href":"https:\/\/api.w.org\/{rel}","templated":true}]}}