{"id":6023,"date":"2020-04-15T07:49:12","date_gmt":"2020-04-15T07:49:12","guid":{"rendered":"http:\/\/veda.polac.cz\/?page_id=6023"},"modified":"2020-04-15T07:49:12","modified_gmt":"2020-04-15T07:49:12","slug":"6023-2","status":"publish","type":"page","link":"https:\/\/veda.polac.cz\/?page_id=6023","title":{"rendered":""},"content":{"rendered":"<p style=\"text-align: center;\">Resum\u00e9 \u010dl\u00e1nku<\/p>\n<p><strong>N\u00e1rodn\u00ed bezpe\u010dnost a obrana v polsk\u00e9m v\u011bdeck\u00e9m my\u0161len\u00ed<\/strong><\/p>\n<p><em>Urszula Sta\u015bkiewicz, Wy\u017csza Szko\u0142a Kryminologii i Penitencjarystyki w Warszawie, Poland<\/em><\/p>\n<p>Tato publikace je v\u00fdsledkem v\u00fdzkumu sou\u010dasn\u00fdch znalost\u00ed o obranyschopnosti st\u00e1tu. Hlavn\u00edm probl\u00e9mem v\u00fdzkumu bylo zjistit, jak\u00fd je stav teorie v dan\u00e9 oblasti. Prov\u00e1d\u011bn\u00e1 b\u00e1d\u00e1n\u00ed m\u011bla dva c\u00edle \u2013 l\u00e9pe porozum\u011bt dan\u00e9 problematice a poznat mo\u017enosti prov\u00e1d\u011bn\u00ed d\u016fkladn\u011bj\u0161\u00edho v\u00fdzkumu; popis \u2013 jako \u00favod k vysv\u011btlen\u00ed slo\u017eitosti problematiky, i kdy\u017e pouze kv\u016fli skute\u010dnosti, \u017ee v\u011bdeck\u00fd popis je c\u00edlen\u011bj\u0161\u00ed a p\u0159esn\u011bj\u0161\u00ed ne\u017e jednoduch\u00fd popis.<br \/>\nB\u011bhem prov\u00e1d\u011bn\u00e9ho v\u00fdzkumu byly pou\u017eity dv\u011b v\u00fdzkumn\u00e9 metody: metoda zvan\u00e1 monografie a metoda anal\u00fdzy a kritiky literatury.<br \/>\nRefer\u00e1t byl rozd\u011blen do dvou \u010d\u00e1st\u00ed. V prvn\u00ed \u010d\u00e1sti byly uvedeny a vysv\u011btleny z\u00e1kladn\u00ed pojmy v oblasti obranyschopnosti st\u00e1tu, zat\u00edmco ve druh\u00e9 \u010d\u00e1sti byla obranyschopnost st\u00e1tu p\u0159edstavena jako v\u011bdeck\u00e1 discipl\u00edna \u2013 je uvedeno m\u00edsto v\u011bdy o obranyschopnosti v polsk\u00e9m syst\u00e9mu klasifikace v\u011bd a tak\u00e9 p\u0159edm\u011bt a oblast v\u00fdzkumu v\u011bdy o obran\u011bschopnosti st\u00e1tu.<\/p>\n<p><strong>Kl\u00ed\u010dov\u00e1 slova:<\/strong> obrana, n\u00e1rodn\u00ed obrana, schopnost n\u00e1rodn\u00ed obrany, n\u00e1rodn\u00ed obrann\u00fd syst\u00e9m.<\/p>\n<hr \/>\n<p><a href=\"https:\/\/veda.polac.cz\/?page_id=6004\">Zp\u011bt<\/a><\/p>\n","protected":false},"excerpt":{"rendered":"<p>Resum\u00e9 \u010dl\u00e1nku N\u00e1rodn\u00ed bezpe\u010dnost a obrana v polsk\u00e9m v\u011bdeck\u00e9m my\u0161len\u00ed Urszula Sta\u015bkiewicz, Wy\u017csza Szko\u0142a Kryminologii i Penitencjarystyki w Warszawie, Poland Tato publikace je v\u00fdsledkem v\u00fdzkumu sou\u010dasn\u00fdch znalost\u00ed o obranyschopnosti st\u00e1tu. Hlavn\u00edm probl\u00e9mem v\u00fdzkumu bylo zjistit, jak\u00fd je stav teorie v dan\u00e9 oblasti. Prov\u00e1d\u011bn\u00e1 b\u00e1d\u00e1n\u00ed m\u011bla dva c\u00edle \u2013 l\u00e9pe porozum\u011bt dan\u00e9 problematice a poznat mo\u017enosti [&hellip;]<\/p>\n","protected":false},"author":6,"featured_media":0,"parent":0,"menu_order":0,"comment_status":"closed","ping_status":"closed","template":"","meta":{"footnotes":""},"class_list":["post-6023","page","type-page","status-publish","hentry"],"_links":{"self":[{"href":"https:\/\/veda.polac.cz\/index.php?rest_route=\/wp\/v2\/pages\/6023","targetHints":{"allow":["GET"]}}],"collection":[{"href":"https:\/\/veda.polac.cz\/index.php?rest_route=\/wp\/v2\/pages"}],"about":[{"href":"https:\/\/veda.polac.cz\/index.php?rest_route=\/wp\/v2\/types\/page"}],"author":[{"embeddable":true,"href":"https:\/\/veda.polac.cz\/index.php?rest_route=\/wp\/v2\/users\/6"}],"replies":[{"embeddable":true,"href":"https:\/\/veda.polac.cz\/index.php?rest_route=%2Fwp%2Fv2%2Fcomments&post=6023"}],"version-history":[{"count":1,"href":"https:\/\/veda.polac.cz\/index.php?rest_route=\/wp\/v2\/pages\/6023\/revisions"}],"predecessor-version":[{"id":6025,"href":"https:\/\/veda.polac.cz\/index.php?rest_route=\/wp\/v2\/pages\/6023\/revisions\/6025"}],"wp:attachment":[{"href":"https:\/\/veda.polac.cz\/index.php?rest_route=%2Fwp%2Fv2%2Fmedia&parent=6023"}],"curies":[{"name":"wp","href":"https:\/\/api.w.org\/{rel}","templated":true}]}}