{"id":6021,"date":"2020-04-15T07:45:54","date_gmt":"2020-04-15T07:45:54","guid":{"rendered":"http:\/\/veda.polac.cz\/?page_id=6021"},"modified":"2020-04-15T07:51:01","modified_gmt":"2020-04-15T07:51:01","slug":"6021-2","status":"publish","type":"page","link":"https:\/\/veda.polac.cz\/?page_id=6021","title":{"rendered":""},"content":{"rendered":"<p style=\"text-align: center;\">Resum\u00e9 \u010dl\u00e1nku<\/p>\n<p><strong>Posuzov\u00e1n\u00ed symboliky krimin\u00e1ln\u00edho tetov\u00e1n\u00ed z\u00a0pohledu profesn\u00edho zam\u011b\u0159en\u00ed respondent\u016f v\u00fdb\u011brov\u00e9ho souboru<\/strong><\/p>\n<p><em>Mgr. Ond\u0159ej Kol\u00e1\u0159, Policejn\u00ed akademie \u010cesk\u00e9 republiky v\u00a0Praze, Fakulta bezpe\u010dnostn\u00edho managementu, katedra bezpe\u010dnostn\u00edch studi\u00ed<\/em><br \/>\n<em>Dr. Zden\u011bk Kova\u0159\u00edk, CSc., Policejn\u00ed akademie \u010cesk\u00e9 republiky v\u00a0Praze, odd\u011blen\u00ed v\u011bdy a v\u00fdzkumu<\/em><\/p>\n<p>P\u0159edlo\u017een\u00fd \u010dl\u00e1nek prezentuje d\u00edl\u010d\u00ed v\u00fdsledky empirick\u00e9ho v\u00fdzkumu uskute\u010dn\u011bn\u00e9ho v\u00a0posledn\u00edch letech pracovn\u00edky PA \u010cR v\u00a0Praze v\u00a0r\u00e1mci realizace Rozvojov\u00e9ho programu na l\u00e9ta 2017 \u2013 2023. Orientoval se na problematiku symboliky krimin\u00e1ln\u00edho tetov\u00e1n\u00ed. Z\u00fa\u010dastnilo se jej 432 respondent\u016f z\u00a0\u0159ad p\u0159\u00edslu\u0161n\u00edk\u016f bezpe\u010dnostn\u00edch sbor\u016f a dal\u0161\u00edch pracovn\u00edk\u016f st\u00e1tn\u00ed spr\u00e1vy. V\u00fdzkum byl zam\u011b\u0159en na subjektivn\u00ed posuzov\u00e1n\u00ed r\u016fzn\u00fdch str\u00e1nek krimin\u00e1ln\u00edho tetov\u00e1n\u00ed ze strany dotazovan\u00fdch respondent\u016f. Akceptovateln\u00fd v\u011bcn\u011b v\u00fdznamn\u00fd vliv slu\u017eebn\u00edho za\u0159azen\u00ed (profesn\u00edho zam\u011b\u0159en\u00ed) respondent\u016f na vybran\u00e9 ot\u00e1zky administrovan\u00e9ho dotazn\u00edku byl ov\u011b\u0159ov\u00e1n s\u00a0vyu\u017eit\u00edm m\u011br dat\u016fm adekv\u00e1tn\u00edch koeficient\u016f asymetrick\u00e9 asociace a symetrick\u00e9ho indexu v\u011bcn\u00e9 v\u00fdznamnosti (Cohenovo w). V\u00fdsledky anal\u00fdzy uk\u00e1zaly, \u017ee se odpov\u011bdi respondent\u016f na zadan\u00e9 vybran\u00e9 ot\u00e1zky v\u011bcn\u011b v\u00fdznamn\u011b odli\u0161uj\u00ed.<\/p>\n<p><strong>Kl\u00ed\u010dov\u00e1 slova: <\/strong>Krimin\u00e1ln\u00ed tetov\u00e1n\u00ed, v\u00fdzkumn\u00fd p\u0159edpoklad, klasifika\u010dn\u00ed strom, koeficient asymetrick\u00e9 asociace, Goodman-Kruskalovo Tau, koeficient asymetrick\u00e9 asociace \u03b2, Cohen\u016fv index v\u011bcn\u00e9 v\u00fdznamnosti w, V\u011bze\u0148sk\u00e1 slu\u017eba \u010cR, v\u00fdkon trestu odn\u011bt\u00ed svobody, pravicov\u00fd extremismus, symbolika.<\/p>\n<hr \/>\n<p><a href=\"https:\/\/veda.polac.cz\/?page_id=6004\">Zp\u011bt<\/a><\/p>\n","protected":false},"excerpt":{"rendered":"<p>Resum\u00e9 \u010dl\u00e1nku Posuzov\u00e1n\u00ed symboliky krimin\u00e1ln\u00edho tetov\u00e1n\u00ed z\u00a0pohledu profesn\u00edho zam\u011b\u0159en\u00ed respondent\u016f v\u00fdb\u011brov\u00e9ho souboru Mgr. Ond\u0159ej Kol\u00e1\u0159, Policejn\u00ed akademie \u010cesk\u00e9 republiky v\u00a0Praze, Fakulta bezpe\u010dnostn\u00edho managementu, katedra bezpe\u010dnostn\u00edch studi\u00ed Dr. Zden\u011bk Kova\u0159\u00edk, CSc., Policejn\u00ed akademie \u010cesk\u00e9 republiky v\u00a0Praze, odd\u011blen\u00ed v\u011bdy a v\u00fdzkumu P\u0159edlo\u017een\u00fd \u010dl\u00e1nek prezentuje d\u00edl\u010d\u00ed v\u00fdsledky empirick\u00e9ho v\u00fdzkumu uskute\u010dn\u011bn\u00e9ho v\u00a0posledn\u00edch letech pracovn\u00edky PA \u010cR v\u00a0Praze v\u00a0r\u00e1mci realizace [&hellip;]<\/p>\n","protected":false},"author":6,"featured_media":0,"parent":0,"menu_order":0,"comment_status":"closed","ping_status":"closed","template":"","meta":{"footnotes":""},"class_list":["post-6021","page","type-page","status-publish","hentry"],"_links":{"self":[{"href":"https:\/\/veda.polac.cz\/index.php?rest_route=\/wp\/v2\/pages\/6021","targetHints":{"allow":["GET"]}}],"collection":[{"href":"https:\/\/veda.polac.cz\/index.php?rest_route=\/wp\/v2\/pages"}],"about":[{"href":"https:\/\/veda.polac.cz\/index.php?rest_route=\/wp\/v2\/types\/page"}],"author":[{"embeddable":true,"href":"https:\/\/veda.polac.cz\/index.php?rest_route=\/wp\/v2\/users\/6"}],"replies":[{"embeddable":true,"href":"https:\/\/veda.polac.cz\/index.php?rest_route=%2Fwp%2Fv2%2Fcomments&post=6021"}],"version-history":[{"count":2,"href":"https:\/\/veda.polac.cz\/index.php?rest_route=\/wp\/v2\/pages\/6021\/revisions"}],"predecessor-version":[{"id":6027,"href":"https:\/\/veda.polac.cz\/index.php?rest_route=\/wp\/v2\/pages\/6021\/revisions\/6027"}],"wp:attachment":[{"href":"https:\/\/veda.polac.cz\/index.php?rest_route=%2Fwp%2Fv2%2Fmedia&parent=6021"}],"curies":[{"name":"wp","href":"https:\/\/api.w.org\/{rel}","templated":true}]}}