{"id":6017,"date":"2020-04-15T07:12:26","date_gmt":"2020-04-15T07:12:26","guid":{"rendered":"http:\/\/veda.polac.cz\/?page_id=6017"},"modified":"2020-04-15T07:12:26","modified_gmt":"2020-04-15T07:12:26","slug":"6017-2","status":"publish","type":"page","link":"https:\/\/veda.polac.cz\/?page_id=6017","title":{"rendered":""},"content":{"rendered":"<p style=\"text-align: center;\">Resum\u00e9 \u010dl\u00e1nku<\/p>\n<p><strong>P\u0159\u00edsp\u011bvek polsk\u00e9 arm\u00e1dy k operac\u00edm v Afgh\u00e1nist\u00e1nu a bezpe\u010dnost polsk\u00e9 republiky<\/strong><\/p>\n<p><em>PhD Ewa Jakubiak, Lomza State University of Applied Sciences, Faculty of Social Sciences and Humanities, Chair of Law and Administration<\/em><\/p>\n<p>Ozbrojen\u00e9 s\u00edly prov\u00e1d\u011bj\u00ed sv\u00e9 \u00fakoly tak\u00e9 ve vn\u011bj\u0161\u00ed dimenzi. T\u00fdkaj\u00ed se jak obdob\u00ed m\u00edru, tak i v\u00e1lky. N\u011bkter\u00e9 z t\u011bchto funkc\u00ed se podobaj\u00ed ve sv\u00e9 podstat\u011b funkc\u00edm realizovan\u00fdm ozbrojen\u00fdmi silami na \u00fazem\u00ed st\u00e1tu, av\u0161ak rozsah jejich realizace byl roz\u0161\u00ed\u0159en na mezin\u00e1rodn\u00ed \u00farove\u0148. Kl\u00ed\u010dov\u00fd v\u00fdznam maj\u00ed p\u0159edev\u0161\u00edm: \u00fa\u010dast na \u0161kolen\u00edch, kter\u00e9 posiluj\u00ed bojov\u00e9 schopnosti organizovan\u00fdch v r\u00e1mci spojeneck\u00fdch povinnost\u00ed, pomoc spole\u010dnostem posti\u017een\u00fdm p\u0159\u00edrodn\u00edmi katastrofami, pln\u011bn\u00ed spojeneck\u00fdch povinnost\u00ed st\u00e1tu. V pr\u00e1ci se autorka zab\u00fdv\u00e1 \u00fa\u010dast\u00ed Ozbrojen\u00fdch sil Polsk\u00e9 republiky (na\u00a0p\u0159\u00edklad\u011b mise v Afganist\u00e1nu), kter\u00e1 podle jej\u00edho n\u00e1zoru m\u00e1 v\u00fdznamn\u00fd vliv na bezpe\u010dnost Polska.<\/p>\n<p><strong>Kl\u00ed\u010dov\u00e1 slova: <\/strong>Polsko, mise, arm\u00e1da, Afgh\u00e1nist\u00e1n.<\/p>\n<hr \/>\n<p><a href=\"https:\/\/veda.polac.cz\/?page_id=6004\">Zp\u011bt<\/a><\/p>\n","protected":false},"excerpt":{"rendered":"<p>Resum\u00e9 \u010dl\u00e1nku P\u0159\u00edsp\u011bvek polsk\u00e9 arm\u00e1dy k operac\u00edm v Afgh\u00e1nist\u00e1nu a bezpe\u010dnost polsk\u00e9 republiky PhD Ewa Jakubiak, Lomza State University of Applied Sciences, Faculty of Social Sciences and Humanities, Chair of Law and Administration Ozbrojen\u00e9 s\u00edly prov\u00e1d\u011bj\u00ed sv\u00e9 \u00fakoly tak\u00e9 ve vn\u011bj\u0161\u00ed dimenzi. T\u00fdkaj\u00ed se jak obdob\u00ed m\u00edru, tak i v\u00e1lky. N\u011bkter\u00e9 z t\u011bchto funkc\u00ed se [&hellip;]<\/p>\n","protected":false},"author":6,"featured_media":0,"parent":0,"menu_order":0,"comment_status":"closed","ping_status":"closed","template":"","meta":{"footnotes":""},"class_list":["post-6017","page","type-page","status-publish","hentry"],"_links":{"self":[{"href":"https:\/\/veda.polac.cz\/index.php?rest_route=\/wp\/v2\/pages\/6017","targetHints":{"allow":["GET"]}}],"collection":[{"href":"https:\/\/veda.polac.cz\/index.php?rest_route=\/wp\/v2\/pages"}],"about":[{"href":"https:\/\/veda.polac.cz\/index.php?rest_route=\/wp\/v2\/types\/page"}],"author":[{"embeddable":true,"href":"https:\/\/veda.polac.cz\/index.php?rest_route=\/wp\/v2\/users\/6"}],"replies":[{"embeddable":true,"href":"https:\/\/veda.polac.cz\/index.php?rest_route=%2Fwp%2Fv2%2Fcomments&post=6017"}],"version-history":[{"count":2,"href":"https:\/\/veda.polac.cz\/index.php?rest_route=\/wp\/v2\/pages\/6017\/revisions"}],"predecessor-version":[{"id":6019,"href":"https:\/\/veda.polac.cz\/index.php?rest_route=\/wp\/v2\/pages\/6017\/revisions\/6019"}],"wp:attachment":[{"href":"https:\/\/veda.polac.cz\/index.php?rest_route=%2Fwp%2Fv2%2Fmedia&parent=6017"}],"curies":[{"name":"wp","href":"https:\/\/api.w.org\/{rel}","templated":true}]}}