{"id":6011,"date":"2020-04-14T11:23:13","date_gmt":"2020-04-14T11:23:13","guid":{"rendered":"http:\/\/veda.polac.cz\/?page_id=6011"},"modified":"2020-04-15T07:51:22","modified_gmt":"2020-04-15T07:51:22","slug":"6011-2","status":"publish","type":"page","link":"https:\/\/veda.polac.cz\/?page_id=6011","title":{"rendered":""},"content":{"rendered":"\n<p class=\"has-text-align-center\"> Resum\u00e9 \u010dl\u00e1nku <\/p>\n\n\n<p><strong>Krizov\u00e9 \u0159\u00edzen\u00ed a psychologie evakuovan\u00fdch osob: parametry zefektivn\u011bn\u00ed evakua\u010dn\u00edho pl\u00e1nov\u00e1n\u00ed u\u00a0provozovatel\u016f m\u011bkk\u00fdch c\u00edl\u016f<br \/><\/strong><\/p>\n<p><em>Mgr. Lenka Jakubcov\u00e1, Ph.D., Policejn\u00ed akademie \u010cesk\u00e9 republiky v\u00a0Praze, Fakulta bezpe\u010dnostn\u00edho managementu, Katedra krizov\u00e9ho \u0159\u00edzen\u00ed<\/em><br \/><em>prof. Ing. Rudolf Urban, CSc., dr. h. c., Policejn\u00ed akademie \u010cesk\u00e9 republiky v\u00a0Praze, Fakulta bezpe\u010dnostn\u00edho managementu, Katedra managementu a informatiky<\/em><br \/><em>PhDr. Sarah Komasov\u00e1, Ph.D., Univerzita Karlova, Fakulta soci\u00e1ln\u00edch v\u011bd Univerzita Karlova, Katedra bezpe\u010dnostn\u00edch studi\u00ed<\/em><br \/><em>PhDr. Mgr. Petr Brichc\u00edn, PhD., Univerzita Karlova, Fakulta soci\u00e1ln\u00edch v\u011bd Univerzita Karlova, Institut politologick\u00fdch studi\u00ed<\/em><\/p>\n<p>C\u00edlem tohoto p\u0159\u00edsp\u011bvku je prov\u00e9st vstupn\u00ed zhodnocen\u00ed sou\u010dasn\u00e9ho stavu a\u00a0\u00farovn\u011b p\u0159ipravenosti ochrany m\u011bkk\u00fdch c\u00edl\u016f s\u00a0prim\u00e1rn\u00ed orientac\u00ed na obchodn\u00ed centra a posoudit, do jak\u00e9 m\u00edry lze optimalizovat evakua\u010dn\u00ed procesy provozovatel\u016f t\u011bchto m\u011bkk\u00fdch c\u00edl\u016f prost\u0159ednictv\u00edm metod klasifikace soci\u00e1ln\u011b &#8211; psychologick\u00fdch parametr\u016f osob v\u00a0kombinaci s vyu\u017eit\u00edm existuj\u00edc\u00edch n\u00e1stroj\u016f strojov\u00e9ho vid\u011bn\u00ed a um\u011bl\u00e9 inteligence. Tento p\u0159\u00edsp\u011bvek vznikl jako v\u00fdstup z\u00a0projektu: Klasifikace soci\u00e1ln\u011b-psychologick\u00fdch parametr\u016f osob prost\u0159ednictv\u00edm um\u011bl\u00e9 inteligence a strojov\u00e9ho vid\u011bn\u00ed pro pot\u0159eby ochrany osob v re\u00e1ln\u00e9m \u010dase (TL- program na podporu aplikovan\u00e9ho spole\u010denskov\u011bdn\u00edho a humanitn\u00edho v\u00fdzkumu, experiment\u00e1ln\u00edho v\u00fdvoje a inovac\u00ed \u00c9TA), kter\u00fd je \u0159e\u0161en v obdob\u00ed 01\/2019 \u2013 12\/2021. Prezentovan\u00e9 v\u00fdstupy odpov\u00eddaj\u00ed prvn\u00ed etap\u011b \u0159e\u0161en\u00ed projektu a budou d\u00e1le rozv\u00edjeny a specifikov\u00e1ny.<\/p>\n<p><strong>Kl\u00ed\u010dov\u00e1 slova: <\/strong>evakuace, m\u011bkk\u00fd c\u00edl, obchodn\u00ed centrum, um\u011bl\u00e1 inteligence.<\/p>\n<hr \/>\n<p><a href=\"https:\/\/veda.polac.cz\/?page_id=6004\">Zp\u011bt<\/a><strong><br \/><\/strong><\/p>","protected":false},"excerpt":{"rendered":"<p>Resum\u00e9 \u010dl\u00e1nku Krizov\u00e9 \u0159\u00edzen\u00ed a psychologie evakuovan\u00fdch osob: parametry zefektivn\u011bn\u00ed evakua\u010dn\u00edho pl\u00e1nov\u00e1n\u00ed u\u00a0provozovatel\u016f m\u011bkk\u00fdch c\u00edl\u016f Mgr. Lenka Jakubcov\u00e1, Ph.D., Policejn\u00ed akademie \u010cesk\u00e9 republiky v\u00a0Praze, Fakulta bezpe\u010dnostn\u00edho managementu, Katedra krizov\u00e9ho \u0159\u00edzen\u00edprof. Ing. Rudolf Urban, CSc., dr. h. c., Policejn\u00ed akademie \u010cesk\u00e9 republiky v\u00a0Praze, Fakulta bezpe\u010dnostn\u00edho managementu, Katedra managementu a informatikyPhDr. Sarah Komasov\u00e1, Ph.D., Univerzita Karlova, Fakulta [&hellip;]<\/p>\n","protected":false},"author":6,"featured_media":0,"parent":0,"menu_order":0,"comment_status":"closed","ping_status":"closed","template":"","meta":{"footnotes":""},"class_list":["post-6011","page","type-page","status-publish","hentry"],"_links":{"self":[{"href":"https:\/\/veda.polac.cz\/index.php?rest_route=\/wp\/v2\/pages\/6011","targetHints":{"allow":["GET"]}}],"collection":[{"href":"https:\/\/veda.polac.cz\/index.php?rest_route=\/wp\/v2\/pages"}],"about":[{"href":"https:\/\/veda.polac.cz\/index.php?rest_route=\/wp\/v2\/types\/page"}],"author":[{"embeddable":true,"href":"https:\/\/veda.polac.cz\/index.php?rest_route=\/wp\/v2\/users\/6"}],"replies":[{"embeddable":true,"href":"https:\/\/veda.polac.cz\/index.php?rest_route=%2Fwp%2Fv2%2Fcomments&post=6011"}],"version-history":[{"count":4,"href":"https:\/\/veda.polac.cz\/index.php?rest_route=\/wp\/v2\/pages\/6011\/revisions"}],"predecessor-version":[{"id":6028,"href":"https:\/\/veda.polac.cz\/index.php?rest_route=\/wp\/v2\/pages\/6011\/revisions\/6028"}],"wp:attachment":[{"href":"https:\/\/veda.polac.cz\/index.php?rest_route=%2Fwp%2Fv2%2Fmedia&parent=6011"}],"curies":[{"name":"wp","href":"https:\/\/api.w.org\/{rel}","templated":true}]}}