{"id":6004,"date":"2020-04-14T09:38:55","date_gmt":"2020-04-14T09:38:55","guid":{"rendered":"http:\/\/veda.polac.cz\/?page_id=6004"},"modified":"2020-04-16T12:11:34","modified_gmt":"2020-04-16T12:11:34","slug":"01-2020","status":"publish","type":"page","link":"https:\/\/veda.polac.cz\/?page_id=6004","title":{"rendered":"01\/2020"},"content":{"rendered":"<p><a href=\"https:\/\/veda.polac.cz\/?page_id=6011\"><strong>Krizov\u00e9 \u0159\u00edzen\u00ed a psychologie evakuovan\u00fdch osob: parametry zefektivn\u011bn\u00ed evakua\u010dn\u00edho pl\u00e1nov\u00e1n\u00ed u\u00a0provozovatel\u016f m\u011bkk\u00fdch c\u00edl\u016f<\/strong><\/a><strong><br \/>\n<\/strong>Mgr. Lenka Jakubcov\u00e1, Ph.D., Policejn\u00ed akademie \u010cesk\u00e9 republiky v Praze, Fakulta bezpe\u010dnostn\u00edho managementu, katedra krizov\u00e9ho \u0159\u00edzen\u00ed<br \/>\nprof. Ing. Rudolf Urban, CSc., dr. h. c., Policejn\u00ed akademie \u010cesk\u00e9 republiky v\u00a0Praze, Fakulta bezpe\u010dnostn\u00edho managementu, katedra managementu a informatiky<br \/>\nPhDr. Sarah Komasov\u00e1, Ph.D., Univerzita Karlova, Fakulta soci\u00e1ln\u00edch v\u011bd Univerzita Karlova, katedra bezpe\u010dnostn\u00edch studi\u00ed<br \/>\nPhDr. Mgr. Petr Brichc\u00edn, PhD., Univerzita Karlova, Fakulta soci\u00e1ln\u00edch v\u011bd Univerzita Karlova, Institut politologick\u00fdch studi\u00ed<\/p>\n<p><a href=\"https:\/\/veda.polac.cz\/wp-content\/uploads\/2020\/04\/Krizov\u00e9-\u0159\u00edzen\u00ed-a-psychologie-evakuovan\u00fdch-osob-parametry-zefektivn\u011bn\u00ed-evakua\u010dn\u00edho-pl\u00e1nov\u00e1n\u00ed-u-provozovatel\u016f-m\u011bkk\u00fdch-c\u00edl\u016f.pdf\" target=\"_blank\" rel=\"noopener noreferrer\">pdf format<\/a><\/p>\n<hr \/>\n<p><a href=\"https:\/\/veda.polac.cz\/?page_id=6017\"><strong>Polish Army Contribution to Operations in\u00a0Afghanistan and the Security<\/strong><\/a><br \/>\n<strong>of the Republic of\u00a0Poland<\/strong><br \/>\nPhD Ewa Jakubiak, Lomza State University of Applied Sciences<br \/>\nFaculty of Social Sciences and Humanities, Chair of Law and Administration<\/p>\n<p><a href=\"https:\/\/veda.polac.cz\/wp-content\/uploads\/2020\/04\/Polish-Army-Contribution-to-Operations-in-Afghanistan-and-the-Security.pdf\" target=\"_blank\" rel=\"noopener noreferrer\">pdf format<\/a><\/p>\n<hr \/>\n<p><a href=\"https:\/\/veda.polac.cz\/?page_id=6021\"><strong>Posuzov\u00e1n\u00ed symboliky krimin\u00e1ln\u00edho tetov\u00e1n\u00ed z\u00a0pohledu profesn\u00edho zam\u011b\u0159en\u00ed respondent\u016f v\u00fdb\u011brov\u00e9ho souboru<\/strong><\/a><br \/>\nMgr. Ond\u0159ej Kol\u00e1\u0159, Policejn\u00ed akademie \u010cesk\u00e9 republiky v Praze, Fakulta bezpe\u010dnostn\u00edho managementu, katedra bezpe\u010dnostn\u00edch studi\u00ed<br \/>\nDr. Zden\u011bk Kova\u0159\u00edk, CSc., Policejn\u00ed akademie \u010cesk\u00e9 republiky v Praze odd\u011blen\u00ed v\u011bdy a v\u00fdzkumu<\/p>\n<p><a href=\"https:\/\/veda.polac.cz\/wp-content\/uploads\/2020\/04\/Posuzov\u00e1n\u00ed-symboliky-krimin\u00e1ln\u00edho-tetov\u00e1n\u00ed-z-pohledu-profesn\u00edho-zam\u011b\u0159en\u00ed-respondent\u016f-v\u00fdb\u011brov\u00e9ho-souboru.pdf\" target=\"_blank\" rel=\"noopener noreferrer\">pdf format<\/a><\/p>\n<hr \/>\n<p><a href=\"https:\/\/veda.polac.cz\/?page_id=6023\"><strong>National Security and Defence in Polish ScientificThinking<\/strong><\/a><br \/>\nUrszula Sta\u015bkiewicz, Wy\u017csza Szko\u0142a Kryminologii i Penitencjarystyki w Warszawie, Poland<\/p>\n<p><a href=\"https:\/\/veda.polac.cz\/wp-content\/uploads\/2020\/04\/National-Security-and-Defence-in-Polish-ScientificThinking.pdf\" target=\"_blank\" rel=\"noopener noreferrer\">pdf format<\/a><\/p>\n<hr \/>\n<p><a href=\"https:\/\/veda.polac.cz\/?page_id=6029\"><strong>Absence p\u0159echodov\u00fdch ritu\u00e1l\u016f jako rizikov\u00fd faktor modern\u00ed spole\u010dnosti<\/strong><\/a><br \/>\nPhDr. Petr Nesvadba, CSc., doc. JUDr. Mgr. Jo\u017ea Spurn\u00fd, Ph.D.<br \/>\nPolicejn\u00ed akademie \u010cesk\u00e9 republiky v Praze, Fakulta bezpe\u010dnostn\u00edho managementu, katedra spole\u010densk\u00fdch v\u011bd<br \/>\nPhDr. Mgr. Luk\u00e1\u0161 Urban, Ph.D., Policejn\u00ed akademie \u010cesk\u00e9 republiky v Praze Fakulta bezpe\u010dnostn\u00edho managementu, katedra bezpe\u010dnostn\u00edch studi\u00ed<\/p>\n<p><a href=\"https:\/\/veda.polac.cz\/wp-content\/uploads\/2020\/04\/Absence-p\u0159echodov\u00fdch-ritu\u00e1l\u016f-jako-rizikov\u00fd-faktor-modern\u00ed-spole\u010dnosti.pdf\" target=\"_blank\" rel=\"noopener noreferrer\">pdf format<\/a><\/p>\n<hr \/>\n<p><a href=\"https:\/\/veda.polac.cz\/?page_id=6032\"><strong>\u2018Every Me and Every You\u2019<\/strong><\/a><br \/>\n<strong>National Identities, Security Perceptions, and Nuclear Policy<\/strong><strong><br \/>\n<\/strong>Dr. Zo\u00eb I. Levornik, School of Political Science, University of Haifa, Israel<\/p>\n<p><a href=\"https:\/\/veda.polac.cz\/wp-content\/uploads\/2020\/04\/\u2018Every-Me-and-Every-You\u2019-National-Identities-Security-Perceptions-and-Nuclear-Policy.pdf\" target=\"_blank\" rel=\"noopener noreferrer\">pdf format<\/a><\/p>\n<hr \/>\n<p><a href=\"https:\/\/veda.polac.cz\/?page_id=6034\"><strong>Opera\u010dn\u00ed \u0159\u00edzen\u00ed integrovan\u00e9ho z\u00e1chrann\u00e9ho syst\u00e9mu<\/strong><\/a><br \/>\nmjr. PhDr. Mgr. Miroslav Matou\u0161, Policejn\u00ed akademie \u010cesk\u00e9 republiky v Praze, katedra krizov\u00e9ho \u0159\u00edzen\u00ed<\/p>\n<p><a href=\"https:\/\/veda.polac.cz\/wp-content\/uploads\/2020\/04\/Opera\u010dn\u00ed-\u0159\u00edzen\u00ed-integrovan\u00e9ho-z\u00e1chrann\u00e9ho-syst\u00e9mu.pdf\" target=\"_blank\" rel=\"noopener noreferrer\">pdf format<\/a><\/p>\n<hr \/>\n","protected":false},"excerpt":{"rendered":"<p>Krizov\u00e9 \u0159\u00edzen\u00ed a psychologie evakuovan\u00fdch osob: parametry zefektivn\u011bn\u00ed evakua\u010dn\u00edho pl\u00e1nov\u00e1n\u00ed u\u00a0provozovatel\u016f m\u011bkk\u00fdch c\u00edl\u016f Mgr. Lenka Jakubcov\u00e1, Ph.D., Policejn\u00ed akademie \u010cesk\u00e9 republiky v Praze, Fakulta bezpe\u010dnostn\u00edho managementu, katedra krizov\u00e9ho \u0159\u00edzen\u00ed prof. Ing. Rudolf Urban, CSc., dr. h. c., Policejn\u00ed akademie \u010cesk\u00e9 republiky v\u00a0Praze, Fakulta bezpe\u010dnostn\u00edho managementu, katedra managementu a informatiky PhDr. Sarah Komasov\u00e1, Ph.D., Univerzita Karlova, [&hellip;]<\/p>\n","protected":false},"author":6,"featured_media":0,"parent":0,"menu_order":0,"comment_status":"closed","ping_status":"closed","template":"","meta":{"footnotes":""},"class_list":["post-6004","page","type-page","status-publish","hentry"],"_links":{"self":[{"href":"https:\/\/veda.polac.cz\/index.php?rest_route=\/wp\/v2\/pages\/6004","targetHints":{"allow":["GET"]}}],"collection":[{"href":"https:\/\/veda.polac.cz\/index.php?rest_route=\/wp\/v2\/pages"}],"about":[{"href":"https:\/\/veda.polac.cz\/index.php?rest_route=\/wp\/v2\/types\/page"}],"author":[{"embeddable":true,"href":"https:\/\/veda.polac.cz\/index.php?rest_route=\/wp\/v2\/users\/6"}],"replies":[{"embeddable":true,"href":"https:\/\/veda.polac.cz\/index.php?rest_route=%2Fwp%2Fv2%2Fcomments&post=6004"}],"version-history":[{"count":11,"href":"https:\/\/veda.polac.cz\/index.php?rest_route=\/wp\/v2\/pages\/6004\/revisions"}],"predecessor-version":[{"id":6082,"href":"https:\/\/veda.polac.cz\/index.php?rest_route=\/wp\/v2\/pages\/6004\/revisions\/6082"}],"wp:attachment":[{"href":"https:\/\/veda.polac.cz\/index.php?rest_route=%2Fwp%2Fv2%2Fmedia&parent=6004"}],"curies":[{"name":"wp","href":"https:\/\/api.w.org\/{rel}","templated":true}]}}