{"id":598,"date":"2018-09-13T18:31:29","date_gmt":"2018-09-13T18:31:29","guid":{"rendered":"http:\/\/veda.polac.cz\/?page_id=598"},"modified":"2018-10-27T18:53:04","modified_gmt":"2018-10-27T18:53:04","slug":"1-2","status":"publish","type":"page","link":"https:\/\/veda.polac.cz\/?page_id=598","title":{"rendered":""},"content":{"rendered":"<p style=\"text-align: center;\">Resum\u00e9 \u010dl\u00e1nku<\/p>\n<p><strong>Perzistentn\u00ed <\/strong><i><strong>st\u011b\u017eovatel\u00e9<\/strong><br \/>\ndoc. PhDr. Ludmila \u010c\u00edrtkov\u00e1, CSc., Fakulta bezpe\u010dnostn\u00edho managementu PA \u010cR v Praze, katedra spole\u010densk\u00fdch v\u011bd<\/i><\/p>\n<p>Jevy perzistentn\u00edho st\u011b\u017eov\u00e1n\u00ed vykazuj\u00ed v sou\u010dasn\u00e9 spole\u010dnosti vzestupnou tendenci. Autorka v \u010dl\u00e1nku objas\u0148uje psychologick\u00e9 aspekty kverulantstv\u00ed, popisuje typologii kveruluj\u00edc\u00edch osob. Diskutuje tak\u00e9 forenzn\u011b psychologick\u00e9 aspekty, zejm\u00e9na posuzov\u00e1n\u00ed p\u0159\u00edtomnosti psychopatologie a nebezpe\u010dnosti kverulant\u016f.<br \/>\n<strong>Kl\u00ed\u010dov\u00e1 slova:<\/strong>\u00a0kverulanti, psychopatologie perzistentn\u00edch st\u011b\u017eovatel\u016f, paranoia, paranoidn\u00ed v\u00fdvoj, posuzov\u00e1n\u00ed nebezpe\u010dnosti.<\/p>\n<p><a href=\"https:\/\/veda.polac.cz\/?page_id=610\">04\/2015<\/a><\/p>\n","protected":false},"excerpt":{"rendered":"<p>Resum\u00e9 \u010dl\u00e1nku Perzistentn\u00ed st\u011b\u017eovatel\u00e9 doc. PhDr. Ludmila \u010c\u00edrtkov\u00e1, CSc., Fakulta bezpe\u010dnostn\u00edho managementu PA \u010cR v Praze, katedra spole\u010densk\u00fdch v\u011bd Jevy perzistentn\u00edho st\u011b\u017eov\u00e1n\u00ed vykazuj\u00ed v sou\u010dasn\u00e9 spole\u010dnosti vzestupnou tendenci. Autorka v \u010dl\u00e1nku objas\u0148uje psychologick\u00e9 aspekty kverulantstv\u00ed, popisuje typologii kveruluj\u00edc\u00edch osob. Diskutuje tak\u00e9 forenzn\u011b psychologick\u00e9 aspekty, zejm\u00e9na posuzov\u00e1n\u00ed p\u0159\u00edtomnosti psychopatologie a nebezpe\u010dnosti kverulant\u016f. Kl\u00ed\u010dov\u00e1 slova:\u00a0kverulanti, psychopatologie perzistentn\u00edch [&hellip;]<\/p>\n","protected":false},"author":2,"featured_media":0,"parent":610,"menu_order":1,"comment_status":"closed","ping_status":"closed","template":"","meta":{"footnotes":""},"class_list":["post-598","page","type-page","status-publish","hentry"],"_links":{"self":[{"href":"https:\/\/veda.polac.cz\/index.php?rest_route=\/wp\/v2\/pages\/598","targetHints":{"allow":["GET"]}}],"collection":[{"href":"https:\/\/veda.polac.cz\/index.php?rest_route=\/wp\/v2\/pages"}],"about":[{"href":"https:\/\/veda.polac.cz\/index.php?rest_route=\/wp\/v2\/types\/page"}],"author":[{"embeddable":true,"href":"https:\/\/veda.polac.cz\/index.php?rest_route=\/wp\/v2\/users\/2"}],"replies":[{"embeddable":true,"href":"https:\/\/veda.polac.cz\/index.php?rest_route=%2Fwp%2Fv2%2Fcomments&post=598"}],"version-history":[{"count":3,"href":"https:\/\/veda.polac.cz\/index.php?rest_route=\/wp\/v2\/pages\/598\/revisions"}],"predecessor-version":[{"id":643,"href":"https:\/\/veda.polac.cz\/index.php?rest_route=\/wp\/v2\/pages\/598\/revisions\/643"}],"up":[{"embeddable":true,"href":"https:\/\/veda.polac.cz\/index.php?rest_route=\/wp\/v2\/pages\/610"}],"wp:attachment":[{"href":"https:\/\/veda.polac.cz\/index.php?rest_route=%2Fwp%2Fv2%2Fmedia&parent=598"}],"curies":[{"name":"wp","href":"https:\/\/api.w.org\/{rel}","templated":true}]}}