{"id":595,"date":"2018-09-13T18:20:39","date_gmt":"2018-09-13T18:20:39","guid":{"rendered":"http:\/\/veda.polac.cz\/?page_id=595"},"modified":"2018-10-27T19:01:27","modified_gmt":"2018-10-27T19:01:27","slug":"9-2","status":"publish","type":"page","link":"https:\/\/veda.polac.cz\/?page_id=595","title":{"rendered":""},"content":{"rendered":"<p style=\"text-align: center;\">Resum\u00e9 \u010dl\u00e1nku<\/p>\n<p><strong>Cantor-Land model jako teoretick\u00e9 v\u00fdchodisko vztahu mezi kriminalitou a nezam\u011bstnanost\u00ed<br \/>\n<\/strong><i>Ing. Stanislav Burian, Ph.D., Fakulta bezpe\u010dnostn\u00edho managementu PA \u010cR v Praze, Katedra managementu a informatiky<br \/>\nIng. Pavel Hrdli\u010dka, Ph.D., Provozn\u011b ekonomick\u00e1 fakulta \u010cZU v Praze, Katedra ekonomick\u00fdch teori\u00ed<\/p>\n<p><\/i>Tento p\u0159ehledov\u00fd \u010dl\u00e1nek stru\u010dn\u011b p\u0159edstavuje Cantor-Land model, kter\u00fd je zalo\u017een na p\u0159edpokladech o vztahu mezi (p\u0159edev\u0161\u00edm) majetkovou kriminalitou a nezam\u011bstnanost\u00ed. Dle v\u00fdchodisek modelu ovliv\u0148uje nezam\u011bstnanost kriminalitu dvoj\u00edm zp\u016fsobem: v kr\u00e1tk\u00e9m obdob\u00ed p\u016fsob\u00ed zv\u00fd\u0161en\u00ed nezam\u011bstnanosti sn\u00ed\u017een\u00ed kriminality d\u00edky tzv. p\u0159\u00edle\u017eitostn\u00e9mu efektu; v dlouh\u00e9m obdob\u00ed zv\u00fd\u0161en\u00ed nezam\u011bstnanosti vede d\u00edky tzv. motiva\u010dn\u00edmu efektu ke zv\u00fd\u0161en\u00ed kriminality. Cantor-Land model je vyu\u017e\u00edv\u00e1n jako v\u00fdchodisko pro zkoum\u00e1n\u00ed vztahu nezam\u011bstnanost vs. kriminalita. Model je kritizov\u00e1n zejm\u00e9na kv\u016fli vyu\u017eit\u00e9mu regresn\u00edmu p\u0159\u00edstupu, jako\u017e i kv\u016fli vyu\u017eit\u00fdm veli\u010din\u00e1m pro jeho odhad. Proveden\u00e9 empirick\u00e9 studie v\u0161ak neumo\u017e\u0148uj\u00ed formulovat robustn\u00ed z\u00e1v\u011br o platnosti teorie modelu.<br \/>\n<strong>Kl\u00ed\u010dov\u00e1 slova:<\/strong>\u00a0Cantor-Land model, kriminalita, motiva\u010dn\u00ed efekt, nezam\u011bstnanost, p\u0159\u00edle\u017eitostn\u00ed efekt.<i><br \/>\n<\/i><\/p>\n<p><a href=\"https:\/\/veda.polac.cz\/?page_id=575\">01\/2016<\/a><\/p>\n","protected":false},"excerpt":{"rendered":"<p>Resum\u00e9 \u010dl\u00e1nku Cantor-Land model jako teoretick\u00e9 v\u00fdchodisko vztahu mezi kriminalitou a nezam\u011bstnanost\u00ed Ing. Stanislav Burian, Ph.D., Fakulta bezpe\u010dnostn\u00edho managementu PA \u010cR v Praze, Katedra managementu a informatiky Ing. Pavel Hrdli\u010dka, Ph.D., Provozn\u011b ekonomick\u00e1 fakulta \u010cZU v Praze, Katedra ekonomick\u00fdch teori\u00ed Tento p\u0159ehledov\u00fd \u010dl\u00e1nek stru\u010dn\u011b p\u0159edstavuje Cantor-Land model, kter\u00fd je zalo\u017een na p\u0159edpokladech o vztahu mezi [&hellip;]<\/p>\n","protected":false},"author":2,"featured_media":0,"parent":575,"menu_order":9,"comment_status":"closed","ping_status":"closed","template":"","meta":{"footnotes":""},"class_list":["post-595","page","type-page","status-publish","hentry"],"_links":{"self":[{"href":"https:\/\/veda.polac.cz\/index.php?rest_route=\/wp\/v2\/pages\/595","targetHints":{"allow":["GET"]}}],"collection":[{"href":"https:\/\/veda.polac.cz\/index.php?rest_route=\/wp\/v2\/pages"}],"about":[{"href":"https:\/\/veda.polac.cz\/index.php?rest_route=\/wp\/v2\/types\/page"}],"author":[{"embeddable":true,"href":"https:\/\/veda.polac.cz\/index.php?rest_route=\/wp\/v2\/users\/2"}],"replies":[{"embeddable":true,"href":"https:\/\/veda.polac.cz\/index.php?rest_route=%2Fwp%2Fv2%2Fcomments&post=595"}],"version-history":[{"count":2,"href":"https:\/\/veda.polac.cz\/index.php?rest_route=\/wp\/v2\/pages\/595\/revisions"}],"predecessor-version":[{"id":609,"href":"https:\/\/veda.polac.cz\/index.php?rest_route=\/wp\/v2\/pages\/595\/revisions\/609"}],"up":[{"embeddable":true,"href":"https:\/\/veda.polac.cz\/index.php?rest_route=\/wp\/v2\/pages\/575"}],"wp:attachment":[{"href":"https:\/\/veda.polac.cz\/index.php?rest_route=%2Fwp%2Fv2%2Fmedia&parent=595"}],"curies":[{"name":"wp","href":"https:\/\/api.w.org\/{rel}","templated":true}]}}