{"id":593,"date":"2018-09-13T18:19:31","date_gmt":"2018-09-13T18:19:31","guid":{"rendered":"http:\/\/veda.polac.cz\/?page_id=593"},"modified":"2018-10-27T19:01:27","modified_gmt":"2018-10-27T19:01:27","slug":"8-2","status":"publish","type":"page","link":"https:\/\/veda.polac.cz\/?page_id=593","title":{"rendered":""},"content":{"rendered":"<p style=\"text-align: center;\">Resum\u00e9 \u010dl\u00e1nku<\/p>\n<p><strong>Anal\u00fdza rizikov\u00fdch faktor\u016f z pohledu rozvoje soci\u00e1ln\u00edch deviac\u00ed ml\u00e1de\u017ee<br \/>\n<\/strong><i>Mgr. Sabina Doubkov\u00e1, Diagnostick\u00fd \u00fastav a St\u0159edisko v\u00fdchovn\u00e9 p\u00e9\u010de v Praze<\/p>\n<p><\/i>\u010cl\u00e1nek p\u0159edkl\u00e1d\u00e1 st\u011b\u017eejn\u00ed v\u00fdsledky v\u00fdzkumn\u00e9ho \u0161et\u0159en\u00ed, jeho\u017e c\u00edlem byla anal\u00fdza \u010detnosti v\u00fdskytu rizikov\u00fdch faktor\u016f, kter\u00e9 b\u00fdvaj\u00ed pova\u017eov\u00e1ny za v\u00fdznamn\u00e9 z hlediska rozvoje soci\u00e1ln\u011b deviantn\u00edho chov\u00e1n\u00ed ml\u00e1de\u017ee. Dotazn\u00edkov\u00e9 \u0161et\u0159en\u00ed bylo zam\u011b\u0159eno na zji\u0161t\u011bn\u00ed v\u00fdskytu vybran\u00fdch rizikov\u00fdch faktor\u016f u dan\u00e9ho v\u00fdzkumn\u00e9ho souboru, kter\u00fd byl tvo\u0159en d\u011btmi ze standardn\u00edch \u0161kolsk\u00fdch za\u0159\u00edzen\u00ed a d\u011btmi um\u00edst\u011bn\u00fdmi v diagnostick\u00fdch \u00fastavech. \u010cl\u00e1nek klade zvl\u00e1\u0161tn\u00ed d\u016fraz na etiologick\u00e9 \u010dinitele v r\u00e1mci rodinn\u00e9ho prost\u0159ed\u00ed, vrstevnick\u00fdch interakc\u00ed a zp\u016fsobu tr\u00e1ven\u00ed voln\u00e9ho \u010dasu. V n\u00e1vaznosti na v\u00fdsledky v\u00fdzkumu \u010dl\u00e1nek zahrnuje t\u00e9\u017e n\u00e1vrhy na opat\u0159en\u00ed v souvislosti s uvedenou problematikou.<br \/>\n<strong>Kl\u00ed\u010dov\u00e1 slova:\u00a0<\/strong>d\u00edt\u011b, mladistv\u00fd, ml\u00e1de\u017e, soci\u00e1ln\u00ed deviace, rizikov\u00fd faktor, rodina, vrstevn\u00edci.<\/p>\n<p><a href=\"https:\/\/veda.polac.cz\/?page_id=575\">01\/2016<\/a><\/p>\n","protected":false},"excerpt":{"rendered":"<p>Resum\u00e9 \u010dl\u00e1nku Anal\u00fdza rizikov\u00fdch faktor\u016f z pohledu rozvoje soci\u00e1ln\u00edch deviac\u00ed ml\u00e1de\u017ee Mgr. Sabina Doubkov\u00e1, Diagnostick\u00fd \u00fastav a St\u0159edisko v\u00fdchovn\u00e9 p\u00e9\u010de v Praze \u010cl\u00e1nek p\u0159edkl\u00e1d\u00e1 st\u011b\u017eejn\u00ed v\u00fdsledky v\u00fdzkumn\u00e9ho \u0161et\u0159en\u00ed, jeho\u017e c\u00edlem byla anal\u00fdza \u010detnosti v\u00fdskytu rizikov\u00fdch faktor\u016f, kter\u00e9 b\u00fdvaj\u00ed pova\u017eov\u00e1ny za v\u00fdznamn\u00e9 z hlediska rozvoje soci\u00e1ln\u011b deviantn\u00edho chov\u00e1n\u00ed ml\u00e1de\u017ee. Dotazn\u00edkov\u00e9 \u0161et\u0159en\u00ed bylo zam\u011b\u0159eno na zji\u0161t\u011bn\u00ed v\u00fdskytu [&hellip;]<\/p>\n","protected":false},"author":2,"featured_media":0,"parent":575,"menu_order":8,"comment_status":"closed","ping_status":"closed","template":"","meta":{"footnotes":""},"class_list":["post-593","page","type-page","status-publish","hentry"],"_links":{"self":[{"href":"https:\/\/veda.polac.cz\/index.php?rest_route=\/wp\/v2\/pages\/593","targetHints":{"allow":["GET"]}}],"collection":[{"href":"https:\/\/veda.polac.cz\/index.php?rest_route=\/wp\/v2\/pages"}],"about":[{"href":"https:\/\/veda.polac.cz\/index.php?rest_route=\/wp\/v2\/types\/page"}],"author":[{"embeddable":true,"href":"https:\/\/veda.polac.cz\/index.php?rest_route=\/wp\/v2\/users\/2"}],"replies":[{"embeddable":true,"href":"https:\/\/veda.polac.cz\/index.php?rest_route=%2Fwp%2Fv2%2Fcomments&post=593"}],"version-history":[{"count":2,"href":"https:\/\/veda.polac.cz\/index.php?rest_route=\/wp\/v2\/pages\/593\/revisions"}],"predecessor-version":[{"id":608,"href":"https:\/\/veda.polac.cz\/index.php?rest_route=\/wp\/v2\/pages\/593\/revisions\/608"}],"up":[{"embeddable":true,"href":"https:\/\/veda.polac.cz\/index.php?rest_route=\/wp\/v2\/pages\/575"}],"wp:attachment":[{"href":"https:\/\/veda.polac.cz\/index.php?rest_route=%2Fwp%2Fv2%2Fmedia&parent=593"}],"curies":[{"name":"wp","href":"https:\/\/api.w.org\/{rel}","templated":true}]}}