{"id":5923,"date":"2020-01-27T14:41:30","date_gmt":"2020-01-27T14:41:30","guid":{"rendered":"http:\/\/veda.polac.cz\/?page_id=5923"},"modified":"2020-01-27T14:41:30","modified_gmt":"2020-01-27T14:41:30","slug":"5923-2","status":"publish","type":"page","link":"https:\/\/veda.polac.cz\/?page_id=5923&lang=en","title":{"rendered":"<!--04\/19 Some Corruption and Economic Crime Related Terms in the Law Enforcement Environment of the Czech Republic-->"},"content":{"rendered":"\n<p class=\"has-text-align-center\">Resume<\/p>\n\n\n<p><strong>Some Corruption and Economic Crime Related Terms in the Law Enforcement Environment of the Czech Republic<\/strong><br><em>Mgr. Ji\u0159\u00ed V\u00ed\u0161ek; doc. Mgr. Old\u0159ich Krul\u00edk, Ph.D.; Mgr. Zuzana Krul\u00edkov\u00e1<\/em><br><em>Police Academy of the Czech Republic in Prague<\/em><br>JUDr. Josef Hrudka Ph.D., General Directorate of Custom Administration of the Czech Republic<\/p>\n<p>The fight against corruption is one of the \u201cevergreens\u201d of social, political and media discourse \u2013 not only in the Czech Republic. However, the general public or even professionals do not identically understand some of the concepts related to this area. In the paper terms such as &#8222;insider trading&#8220;, &#8222;whistleblowing&#8220;, &#8222;blacklisting&#8220;, &#8222;trading in influence&#8220; or &#8222;integrity&#8220; (especially in the sense of &#8222;integrity testing&#8220;, often misinterpreted as \u201cagent provocateur\u201d) will be discussed, with emphasis on their reflection in law enforcement theory and practice in the Czech Republic. The team of authors will provide an overview of the presence of the respective terms in the current Criminal Code of the Czech Republic and other relevant legislative norms. The occurrence of individual terms, their possible nuances, or the changes in the use of terms in time will also be mentioned. The authors will also exploit some experience from the drafting of the United Nations Convention against Corruption (from 2002 to 2005). Terminological debates, in particular, were one of the major leitmotifs of the whole international negotiation.<\/p>\n<p><strong>Keywords: <\/strong>Security-legal terminology, economic crime, corruption, experience.<\/p>\n<hr>\n<p><a href=\"https:\/\/veda.polac.cz\/?page_id=5904&amp;lang=en\">Back<\/a><\/p>","protected":false},"excerpt":{"rendered":"<p>Resume Some Corruption and Economic Crime Related Terms in the Law Enforcement Environment of the Czech RepublicMgr. Ji\u0159\u00ed V\u00ed\u0161ek; doc. Mgr. Old\u0159ich Krul\u00edk, Ph.D.; Mgr. Zuzana Krul\u00edkov\u00e1Police Academy of the Czech Republic in PragueJUDr. Josef Hrudka Ph.D., General Directorate of Custom Administration of the Czech Republic The fight against corruption is one of the \u201cevergreens\u201d [&hellip;]<\/p>\n","protected":false},"author":6,"featured_media":0,"parent":0,"menu_order":0,"comment_status":"closed","ping_status":"closed","template":"","meta":{"footnotes":""},"class_list":["post-5923","page","type-page","status-publish","hentry"],"_links":{"self":[{"href":"https:\/\/veda.polac.cz\/index.php?rest_route=\/wp\/v2\/pages\/5923","targetHints":{"allow":["GET"]}}],"collection":[{"href":"https:\/\/veda.polac.cz\/index.php?rest_route=\/wp\/v2\/pages"}],"about":[{"href":"https:\/\/veda.polac.cz\/index.php?rest_route=\/wp\/v2\/types\/page"}],"author":[{"embeddable":true,"href":"https:\/\/veda.polac.cz\/index.php?rest_route=\/wp\/v2\/users\/6"}],"replies":[{"embeddable":true,"href":"https:\/\/veda.polac.cz\/index.php?rest_route=%2Fwp%2Fv2%2Fcomments&post=5923"}],"version-history":[{"count":2,"href":"https:\/\/veda.polac.cz\/index.php?rest_route=\/wp\/v2\/pages\/5923\/revisions"}],"predecessor-version":[{"id":5925,"href":"https:\/\/veda.polac.cz\/index.php?rest_route=\/wp\/v2\/pages\/5923\/revisions\/5925"}],"wp:attachment":[{"href":"https:\/\/veda.polac.cz\/index.php?rest_route=%2Fwp%2Fv2%2Fmedia&parent=5923"}],"curies":[{"name":"wp","href":"https:\/\/api.w.org\/{rel}","templated":true}]}}