{"id":591,"date":"2018-09-13T18:18:14","date_gmt":"2018-09-13T18:18:14","guid":{"rendered":"http:\/\/veda.polac.cz\/?page_id=591"},"modified":"2018-10-27T19:01:27","modified_gmt":"2018-10-27T19:01:27","slug":"7-2","status":"publish","type":"page","link":"https:\/\/veda.polac.cz\/?page_id=591","title":{"rendered":""},"content":{"rendered":"<p style=\"text-align: center;\">Resum\u00e9 \u010dl\u00e1nku<\/p>\n<p><strong>O porozum\u011bn\u00ed motivaci writer\u016f coby p\u0159edpokladu efektivn\u00ed prevence sprejerstv\u00ed<br \/>\n<\/strong><i>Mgr. Luk\u00e1\u0161 Urban, Ph.D., Fakulta bezpe\u010dnostn\u00edho managementu PA \u010cR v Praze, Katedra spole\u010densk\u00fdch v\u011bd<\/p>\n<p><\/i>Druh\u00e1 \u010d\u00e1st p\u0159\u00edsp\u011bvku mapuje z\u00e1kladn\u00ed motivy a pot\u0159eby, kter\u00e9 m\u016f\u017ee writov\u00e1n\u00ed a \u010dlenstv\u00ed v komunit\u011b graffiti saturovat. N\u00e1sledn\u011b jsou sumarizov\u00e1ny argumenty pro a argumenty proti sd\u00edlen\u00ed spole\u010dn\u00e9ho sv\u011bta.<br \/>\nZ\u00e1v\u011bre\u010dn\u00e1 \u010d\u00e1st \u010dl\u00e1nku se na z\u00e1klad\u011b nab\u00eddnut\u00e9ho p\u0159edstaven\u00ed graffiti post\/subkultury a interpretace pohnutek writer\u016f pro jejich tvorbu a \u00fa\u010dast v komunit\u011b sna\u017e\u00ed p\u0159edstavit my\u0161lenkov\u00e9 pil\u00ed\u0159e prevence ileg\u00e1ln\u00edho graffiti, zamyslet se nad smysluplnost\u00ed (efektivitou) represe a p\u0159edpoklady partnersk\u00e9 komunikace My a Oni, kter\u00e1 je vn\u00edm\u00e1na jako cesta k m\u00e9n\u011b konfliktn\u00edmu sd\u00edlen\u00ed sv\u011bta.<br \/>\n<strong>Kl\u00ed\u010dov\u00e1 slova:\u00a0<\/strong>Motiv, pot\u0159eba, identita, z\u00e1bava, rebelie, presti\u017e, individu\u00e1ln\u00ed exhibice, preventivn\u00ed opat\u0159en\u00ed, porozum\u011bn\u00ed a dialog.<\/p>\n<p><a href=\"https:\/\/veda.polac.cz\/?page_id=575\">01\/2016<\/a><\/p>\n","protected":false},"excerpt":{"rendered":"<p>Resum\u00e9 \u010dl\u00e1nku O porozum\u011bn\u00ed motivaci writer\u016f coby p\u0159edpokladu efektivn\u00ed prevence sprejerstv\u00ed Mgr. Luk\u00e1\u0161 Urban, Ph.D., Fakulta bezpe\u010dnostn\u00edho managementu PA \u010cR v Praze, Katedra spole\u010densk\u00fdch v\u011bd Druh\u00e1 \u010d\u00e1st p\u0159\u00edsp\u011bvku mapuje z\u00e1kladn\u00ed motivy a pot\u0159eby, kter\u00e9 m\u016f\u017ee writov\u00e1n\u00ed a \u010dlenstv\u00ed v komunit\u011b graffiti saturovat. N\u00e1sledn\u011b jsou sumarizov\u00e1ny argumenty pro a argumenty proti sd\u00edlen\u00ed spole\u010dn\u00e9ho sv\u011bta. Z\u00e1v\u011bre\u010dn\u00e1 \u010d\u00e1st [&hellip;]<\/p>\n","protected":false},"author":2,"featured_media":0,"parent":575,"menu_order":7,"comment_status":"closed","ping_status":"closed","template":"","meta":{"footnotes":""},"class_list":["post-591","page","type-page","status-publish","hentry"],"_links":{"self":[{"href":"https:\/\/veda.polac.cz\/index.php?rest_route=\/wp\/v2\/pages\/591","targetHints":{"allow":["GET"]}}],"collection":[{"href":"https:\/\/veda.polac.cz\/index.php?rest_route=\/wp\/v2\/pages"}],"about":[{"href":"https:\/\/veda.polac.cz\/index.php?rest_route=\/wp\/v2\/types\/page"}],"author":[{"embeddable":true,"href":"https:\/\/veda.polac.cz\/index.php?rest_route=\/wp\/v2\/users\/2"}],"replies":[{"embeddable":true,"href":"https:\/\/veda.polac.cz\/index.php?rest_route=%2Fwp%2Fv2%2Fcomments&post=591"}],"version-history":[{"count":2,"href":"https:\/\/veda.polac.cz\/index.php?rest_route=\/wp\/v2\/pages\/591\/revisions"}],"predecessor-version":[{"id":607,"href":"https:\/\/veda.polac.cz\/index.php?rest_route=\/wp\/v2\/pages\/591\/revisions\/607"}],"up":[{"embeddable":true,"href":"https:\/\/veda.polac.cz\/index.php?rest_route=\/wp\/v2\/pages\/575"}],"wp:attachment":[{"href":"https:\/\/veda.polac.cz\/index.php?rest_route=%2Fwp%2Fv2%2Fmedia&parent=591"}],"curies":[{"name":"wp","href":"https:\/\/api.w.org\/{rel}","templated":true}]}}