{"id":5904,"date":"2020-01-23T14:46:48","date_gmt":"2020-01-23T14:46:48","guid":{"rendered":"http:\/\/veda.polac.cz\/?page_id=5904"},"modified":"2020-02-14T13:02:26","modified_gmt":"2020-02-14T13:02:26","slug":"4-2019-2","status":"publish","type":"page","link":"https:\/\/veda.polac.cz\/?page_id=5904&lang=en","title":{"rendered":"4\/2019"},"content":{"rendered":"<p><a href=\"https:\/\/veda.polac.cz\/?page_id=5909&amp;lang=en\"><strong>Forensic linguistics and online Islamic extremism<\/strong><\/a><br \/>\nMgr. Bc. Sylva \u0158ezn\u00edkov\u00e1, MA, PhD., Czech University of Life Sciences<br \/>\nFaculty of Economics and Management, Department of Law<\/p>\n<p><a href=\"https:\/\/veda.polac.cz\/wp-content\/uploads\/2020\/02\/Forenzn\u00ed-lingvistika-a-online-isl\u00e1msk\u00fd-extremismus.pdf\" target=\"_blank\" rel=\"noopener noreferrer\">Pdf format<\/a><\/p>\n<hr \/>\n<p><a href=\"https:\/\/veda.polac.cz\/?page_id=5913&amp;lang=en\"><strong>The Public Security Exception in the Law of the European Union<\/strong><\/a><br \/>\n<em>Doc. Mag. phil. Dr. iur. Harald Christian Scheu, Ph.D., Mgr. et Mgr. Bohumil Peterka, Police Academy of Czech Republic in Prague, Faculty of Security Management, Department of Public Disciplines<\/em><\/p>\n<p><a href=\"https:\/\/veda.polac.cz\/wp-content\/uploads\/2020\/02\/V\u00fdhrada-ve\u0159ejn\u00e9-bezpe\u010dnosti-v-pr\u00e1vu-evropsk\u00e9-unie.pdf\" target=\"_blank\" rel=\"noopener noreferrer\">Pdf format<\/a><\/p>\n<hr \/>\n<p><a href=\"https:\/\/veda.polac.cz\/?page_id=5918&amp;lang=en\"><strong>Expert Opinions on Selected Security Aspects of the Prevention and Control <\/strong><strong>of Football Hooliganism<\/strong><\/a><br \/>\nJUDr. Petr Kou\u0159il, Police Academy of the CR in Prague, Doctorate student<br \/>\nDr. Zden\u011bk Kova\u0159\u00edk, CSc., Police Academy of the Czech Republic in Prague<br \/>\nDepartment of Science and Research<\/p>\n<p><a href=\"https:\/\/veda.polac.cz\/wp-content\/uploads\/2020\/02\/N\u00e1zory-expert\u016f-na-vybran\u00e9-bezpe\u010dnostn\u00ed-aspekty-prevence-a-kontroly-fotbalov\u00e9ho-chulig\u00e1nstv\u00ed.pdf\" target=\"_blank\" rel=\"noopener noreferrer\">Pdf format<\/a><\/p>\n<hr \/>\n<p><a href=\"https:\/\/veda.polac.cz\/?page_id=5923&amp;lang=en\"><strong>Some Corruption and Economic Crime Related Terms in the Law Enforcement Environment of the Czech Republic<\/strong><\/a><br \/>\nMgr. Ji\u0159\u00ed V\u00ed\u0161ek; doc. Mgr. Old\u0159ich Krul\u00edk, Ph.D.; Mgr. Zuzana Krul\u00edkov\u00e1<br \/>\nPolice Academy of the Czech Republic in Prague<br \/>\nJUDr. Josef Hrudka Ph.D., General Directorate of Custom Administration of the Czech Republic<\/p>\n<p><a href=\"https:\/\/veda.polac.cz\/wp-content\/uploads\/2020\/02\/N\u011bkter\u00e9-pojmy-souvisej\u00edc\u00ed-s-korupc\u00ed-a-hospod\u00e1\u0159skou-kriminalitou-v-prost\u0159ed\u00ed-prosazov\u00e1n\u00ed-pr\u00e1va-v-\u010cesk\u00e9-republice.pdf\" target=\"_blank\" rel=\"noopener noreferrer\">Pdf format<\/a><\/p>\n<hr \/>\n<p><a href=\"https:\/\/veda.polac.cz\/?page_id=5926&amp;lang=en\"><strong>Modelling the factor composition of security threats from the perspective <\/strong><strong>of Czech and Slovak respondents and experts in the CR<\/strong><\/a><br \/>\nPhDr. Jan Pa\u010fourek, Police Academy of the Czech Republic in Prague,<br \/>\npostgraduate student<br \/>\nDr. Zden\u011bk Kova\u0159\u00edk, CSc., Police Academy of the Czech Republic in Prague<br \/>\nDepartment of Science and Research<\/p>\n<p><a href=\"https:\/\/veda.polac.cz\/wp-content\/uploads\/2020\/02\/Modelov\u00e1n\u00ed-faktorov\u00e9-skladby-bezpe\u010dnostn\u00edch-hrozeb-z-pohledu-\u010desk\u00fdch-a-slovensk\u00fdch-respondent\u016f-a-expert\u016f-\u010cR.pdf\" target=\"_blank\" rel=\"noopener noreferrer\">Pdf format<\/a><\/p>\n<hr \/>\n<p><a href=\"https:\/\/veda.polac.cz\/?page_id=5929&amp;lang=en\"><strong>Phenomenon of equilibrium and limit states in security sciences<\/strong><\/a><br \/>\nprof. Ing. Roman Rak, PhD., Iris Ident, s.r.o., Praha<\/p>\n<p><a href=\"https:\/\/veda.polac.cz\/wp-content\/uploads\/2020\/02\/Fenom\u00e9n-rovnov\u00e1hy-a-mezn\u00edch-stav\u016f-v-bezpe\u010dnostn\u00edch-v\u011bd\u00e1ch.pdf\" target=\"_blank\" rel=\"noopener noreferrer\">Pdf format<\/a><\/p>\n<hr \/>\n<p><a href=\"https:\/\/veda.polac.cz\/?page_id=5932&amp;lang=en\"><strong>Experiences of Students of the Police Academy in Prague and of the Academy of the Police Force in Bratislava with substance abuse<\/strong><\/a><br \/>\ndoc. JUDr. Ivana Zoubkov\u00e1, CSc., Police Academy of the Czech Republic in Prague, Faculty of Security Management, Department of Criminology<br \/>\nJUDr. Michaela Jurisov\u00e1, PhD. Academy of the Police Force in\u00a0Bratislava<br \/>\nDepartment of Criminology<\/p>\n<p><a href=\"https:\/\/veda.polac.cz\/wp-content\/uploads\/2020\/02\/Zku\u0161enosti-student\u016f-Policejn\u00ed-akademie-v-Praze-a-Akad\u00e9mie-policajn\u00e9ho-zboru.pdf\" target=\"_blank\" rel=\"noopener noreferrer\">Pdf format<\/a><\/p>\n<hr \/>\n<p><a href=\"https:\/\/veda.polac.cz\/?page_id=5935&amp;lang=en\"><strong>Improvement safety of population through introducing of radiation monitoring system at level of institutions, schools and citizens \u2013 project RAMESIS<\/strong><\/a><br \/>\nPetr Ku\u010da, Jan Helebrant, Ing. Irena \u010ce\u0161p\u00edrov\u00e1, Ing. Ji\u0159\u00ed H\u016flka<br \/>\nSt\u00e1tn\u00ed \u00fastav radia\u010dn\u00ed ochrany, v.v.i. (SURO), Prague, Czech Republic<\/p>\n<p><a href=\"https:\/\/veda.polac.cz\/wp-content\/uploads\/2020\/02\/Zv\u00fd\u0161en\u00ed-bezpe\u010dnosti-ob\u010dan\u016f-m\u011bst-a-obc\u00ed-pomoc\u00ed-implementace-radia\u010dn\u00edho-monitorovac\u00edho-syst\u00e9mu-na-\u00farovni-instituc\u00ed-\u0161kol-a-ob\u010dan\u016f-\u2013-projekt-RAMESIS.pdf\" target=\"_blank\" rel=\"noopener noreferrer\">Pdf format<\/a><\/p>\n<hr \/>\n","protected":false},"excerpt":{"rendered":"<p>Forensic linguistics and online Islamic extremism Mgr. Bc. Sylva \u0158ezn\u00edkov\u00e1, MA, PhD., Czech University of Life Sciences Faculty of Economics and Management, Department of Law Pdf format The Public Security Exception in the Law of the European Union Doc. Mag. phil. Dr. iur. Harald Christian Scheu, Ph.D., Mgr. et Mgr. Bohumil Peterka, Police Academy of [&hellip;]<\/p>\n","protected":false},"author":6,"featured_media":0,"parent":0,"menu_order":0,"comment_status":"closed","ping_status":"closed","template":"","meta":{"footnotes":""},"class_list":["post-5904","page","type-page","status-publish","hentry"],"_links":{"self":[{"href":"https:\/\/veda.polac.cz\/index.php?rest_route=\/wp\/v2\/pages\/5904","targetHints":{"allow":["GET"]}}],"collection":[{"href":"https:\/\/veda.polac.cz\/index.php?rest_route=\/wp\/v2\/pages"}],"about":[{"href":"https:\/\/veda.polac.cz\/index.php?rest_route=\/wp\/v2\/types\/page"}],"author":[{"embeddable":true,"href":"https:\/\/veda.polac.cz\/index.php?rest_route=\/wp\/v2\/users\/6"}],"replies":[{"embeddable":true,"href":"https:\/\/veda.polac.cz\/index.php?rest_route=%2Fwp%2Fv2%2Fcomments&post=5904"}],"version-history":[{"count":5,"href":"https:\/\/veda.polac.cz\/index.php?rest_route=\/wp\/v2\/pages\/5904\/revisions"}],"predecessor-version":[{"id":5988,"href":"https:\/\/veda.polac.cz\/index.php?rest_route=\/wp\/v2\/pages\/5904\/revisions\/5988"}],"wp:attachment":[{"href":"https:\/\/veda.polac.cz\/index.php?rest_route=%2Fwp%2Fv2%2Fmedia&parent=5904"}],"curies":[{"name":"wp","href":"https:\/\/api.w.org\/{rel}","templated":true}]}}