{"id":5898,"date":"2020-01-22T11:51:08","date_gmt":"2020-01-22T11:51:08","guid":{"rendered":"http:\/\/veda.polac.cz\/?page_id=5898"},"modified":"2020-01-22T11:51:08","modified_gmt":"2020-01-22T11:51:08","slug":"5898-2","status":"publish","type":"page","link":"https:\/\/veda.polac.cz\/?page_id=5898","title":{"rendered":"<!--04\/19 Zv\u00fd\u0161en\u00ed bezpe\u010dnosti ob\u010dan\u016f m\u011bst a obc\u00ed pomoc\u00ed implementace radia\u010dn\u00edho monitorovac\u00edho syst\u00e9mu na \u00farovni instituc\u00ed, \u0161kol a ob\u010dan\u016f - projekt RAMESIS-->"},"content":{"rendered":"<p><strong>Zv\u00fd\u0161en\u00ed bezpe\u010dnosti ob\u010dan\u016f m\u011bst a obc\u00ed pomoc\u00ed implementace radia\u010dn\u00edho monitorovac\u00edho syst\u00e9mu na \u00farovni instituc\u00ed, \u0161kol a ob\u010dan\u016f<\/strong><strong> \u2013 projekt RAMEsiS<\/strong><\/p>\n<p><em>Petr Ku\u010da, Jan Helebrant, Ing. Irena \u010ce\u0161p\u00edrov\u00e1, Ing. Ji\u0159\u00ed H\u016flka<\/em><br \/>\n<em>St\u00e1tn\u00ed \u00fastav radia\u010dn\u00ed ochrany, v.v.i. (SURO), Praha<\/em><\/p>\n<p>\u010cl\u00e1nek prezentuje v\u00fdzkumn\u00e1 zji\u0161t\u011bn\u00ed v\u011bdeckov\u00fdzkumn\u00e9ho \u00fakolu \u2013 projektu RAMESIS \u0159e\u0161en\u00e9ho v\u00a0r\u00e1mci bezpe\u010dnostn\u00edho v\u00fdzkumu podporovan\u00e9ho Ministerstvem vnitra \u010cesk\u00e9 republiky \u201eRadia\u010dn\u00ed m\u011b\u0159\u00edc\u00ed s\u00ed\u0165 pro instituce a \u0161koly k\u00a0zaji\u0161t\u011bn\u00ed v\u010dasn\u00e9 informovanosti a zv\u00fd\u0161en\u00ed bezpe\u010dnosti ob\u010dan\u016f m\u011bst a obc\u00ed\u201c spole\u010dn\u011b S\u00daRO, \u00daTEF \u010cVUT a NUVIA. Projekt je zam\u011b\u0159en na zv\u00fd\u0161en\u00ed bezpe\u010dnosti ob\u010dan\u016f m\u011bst a obc\u00ed pomoc\u00ed implementace syst\u00e9mu monitorov\u00e1n\u00ed radia\u010dn\u00ed situace na \u00farovni instituc\u00ed, \u0161kol a ob\u010dan\u016f odpov\u00eddaj\u00edc\u00ed aktu\u00e1ln\u00edm sv\u011btov\u00fdm trend\u016fm v\u00a0t\u00e9to oblasti. Projekt t\u00e9to ob\u010dansk\u00e9 m\u011b\u0159ic\u00ed s\u00edt\u011b zahrnuje n\u00e1vrh, v\u00fdvoj\u00a0 a realizaci detektor\u016f a centr\u00e1ln\u00ed aplikace m\u011b\u0159ic\u00ed s\u00edt\u011b pro p\u0159enos dat a jejich ukl\u00e1d\u00e1n\u00ed, zpracov\u00e1n\u00ed a prezentaci na webov\u00fdch str\u00e1nk\u00e1ch. Syst\u00e9m bude implementov\u00e1n na \u00farovni vybran\u00fdch instituc\u00ed, \u0161kol a ob\u010dan\u016f, v\u010detn\u011b poskytov\u00e1n\u00ed n\u00e1vod\u016f a informa\u010dn\u00edch materi\u00e1l\u016f pro porozum\u011bn\u00ed problematice radia\u010dn\u00ed ochrany, \u010d\u00edm\u017e umo\u017en\u00ed v\u010dasnou detekci p\u0159\u00edtomnosti radioaktivn\u00edch materi\u00e1l\u016f m\u011b\u0159en\u00edm p\u0159\u00edkonu z\u00e1\u0159en\u00ed gama v\u00a0hust\u00e9 s\u00edti m\u011b\u0159ic\u00edch m\u00edst zahrnuj\u00edc\u00ed fixn\u00edch a mobiln\u00ed m\u011b\u0159en\u00ed. V\u00fdsledkem zv\u00fd\u0161en\u00ed a prohlouben\u00ed informovanosti obyvatelstva v\u00a0oblasti radia\u010dn\u00ed ochrany, vedouc\u00ed ke zv\u00fd\u0161en\u00ed bezpe\u010dnosti ob\u010dan\u016f.<\/p>\n<p><strong>Kl\u00ed\u010dov\u00e1 slova: m<\/strong>onitorov\u00e1n\u00ed radia\u010dn\u00ed situace, ob\u010dansk\u00e9 m\u011b\u0159ic\u00ed s\u00edt\u011b, d\u00e1vkov\u00fd p\u0159\u00edkon z\u00e1\u0159en\u00ed gama, radia\u010dn\u00ed ochrana, bezpe\u010dnost ob\u010dan\u016f.<\/p>\n<hr \/>\n<p><a href=\"https:\/\/veda.polac.cz\/?page_id=5879\">Zp\u011bt<\/a><\/p>\n","protected":false},"excerpt":{"rendered":"<p>Zv\u00fd\u0161en\u00ed bezpe\u010dnosti ob\u010dan\u016f m\u011bst a obc\u00ed pomoc\u00ed implementace radia\u010dn\u00edho monitorovac\u00edho syst\u00e9mu na \u00farovni instituc\u00ed, \u0161kol a ob\u010dan\u016f \u2013 projekt RAMEsiS Petr Ku\u010da, Jan Helebrant, Ing. Irena \u010ce\u0161p\u00edrov\u00e1, Ing. Ji\u0159\u00ed H\u016flka St\u00e1tn\u00ed \u00fastav radia\u010dn\u00ed ochrany, v.v.i. (SURO), Praha \u010cl\u00e1nek prezentuje v\u00fdzkumn\u00e1 zji\u0161t\u011bn\u00ed v\u011bdeckov\u00fdzkumn\u00e9ho \u00fakolu \u2013 projektu RAMESIS \u0159e\u0161en\u00e9ho v\u00a0r\u00e1mci bezpe\u010dnostn\u00edho v\u00fdzkumu podporovan\u00e9ho Ministerstvem vnitra \u010cesk\u00e9 republiky [&hellip;]<\/p>\n","protected":false},"author":6,"featured_media":0,"parent":0,"menu_order":0,"comment_status":"closed","ping_status":"closed","template":"","meta":{"footnotes":""},"class_list":["post-5898","page","type-page","status-publish","hentry"],"_links":{"self":[{"href":"https:\/\/veda.polac.cz\/index.php?rest_route=\/wp\/v2\/pages\/5898","targetHints":{"allow":["GET"]}}],"collection":[{"href":"https:\/\/veda.polac.cz\/index.php?rest_route=\/wp\/v2\/pages"}],"about":[{"href":"https:\/\/veda.polac.cz\/index.php?rest_route=\/wp\/v2\/types\/page"}],"author":[{"embeddable":true,"href":"https:\/\/veda.polac.cz\/index.php?rest_route=\/wp\/v2\/users\/6"}],"replies":[{"embeddable":true,"href":"https:\/\/veda.polac.cz\/index.php?rest_route=%2Fwp%2Fv2%2Fcomments&post=5898"}],"version-history":[{"count":1,"href":"https:\/\/veda.polac.cz\/index.php?rest_route=\/wp\/v2\/pages\/5898\/revisions"}],"predecessor-version":[{"id":5899,"href":"https:\/\/veda.polac.cz\/index.php?rest_route=\/wp\/v2\/pages\/5898\/revisions\/5899"}],"wp:attachment":[{"href":"https:\/\/veda.polac.cz\/index.php?rest_route=%2Fwp%2Fv2%2Fmedia&parent=5898"}],"curies":[{"name":"wp","href":"https:\/\/api.w.org\/{rel}","templated":true}]}}