{"id":5896,"date":"2020-01-22T11:48:58","date_gmt":"2020-01-22T11:48:58","guid":{"rendered":"http:\/\/veda.polac.cz\/?page_id=5896"},"modified":"2020-01-22T11:48:58","modified_gmt":"2020-01-22T11:48:58","slug":"5896-2","status":"publish","type":"page","link":"https:\/\/veda.polac.cz\/?page_id=5896","title":{"rendered":"<!--04\/19 Zku\u0161enosti student\u016f Policejn\u00ed akademie v Praze a Akad\u00e9mie policajn\u00e9ho zboru v Bratislave s u\u017eivateli n\u00e1vykov\u00fdch l\u00e1tek-->"},"content":{"rendered":"<p><strong>Zku\u0161enosti student\u016f Policejn\u00ed akademie v Praze a Akad\u00e9mie policajn\u00e9ho zboru <\/strong><strong>v Bratislave s u\u017eivateli n\u00e1vykov\u00fdch l\u00e1tek<\/strong><\/p>\n<p><em>doc. JUDr. Ivana Zoubkov\u00e1, CSc., Policejn\u00ed akademie \u010cesk\u00e9 republiky v\u00a0Praze, katedra kriminologie<\/em><br \/>\n<em>JUDr. Michaela Jurisov\u00e1, PhD., Akad\u00e9mia Policajn\u00e9ho zboru v Bratislave, katedra kriminologie<\/em><\/p>\n<p>C\u00edlem p\u0159\u00edsp\u011bvku je poskytnout o\u010dima student\u016f policejn\u00edch akademi\u00ed \u010cR a SR aktu\u00e1ln\u00ed informace o sekund\u00e1rn\u00ed drogov\u00e9 kriminalit\u011b. P\u0159\u00edsp\u011bvek vych\u00e1z\u00ed z poznatk\u016f ob\u010dan\u016f \u010cR v r\u00e1mci prim\u00e1rn\u00edho dotazn\u00edkov\u00e9ho \u0161et\u0159en\u00ed na konci roku 2017, kdy nejv\u00edce ochotni zapojit se do v\u00fdzkumu byli respondenti z\u00a0ni\u017e\u0161\u00edch v\u011bkov\u00fdch skupin, z\u00a0nich\u017e tak\u00e9 ka\u017ed\u00fd druh\u00fd uv\u00e1d\u011bl, \u017ee m\u00e1 s\u00e1m osobn\u00ed zku\u0161enost s\u00a0drogou. Tato skute\u010dnost vedla autorky p\u0159\u00edsp\u011bvku k my\u0161lence v\u00a0\u0161et\u0159en\u00ed pokra\u010dovat a zam\u011b\u0159it se pr\u00e1v\u011b na mlad\u0161\u00ed respondenty nejen v\u00a0\u010cesk\u00e9 republice, ale i na Slovensku; konkr\u00e9tn\u011b na studenty Policejn\u00edch akademi\u00ed v\u00a0Praze a v Bratislav\u011b a z\u00edskan\u00e9 poznatky vz\u00e1jemn\u011b porovnat. Sekund\u00e1rn\u00ed \u0161et\u0159en\u00ed prob\u011bhlo v\u00a0akademick\u00e9m roce 2018\/2019 a z\u00fa\u010dastnilo se ho 253 student\u016f. Mezi nej\u010dast\u011bj\u0161\u00ed typy spole\u010densky nep\u0159ijateln\u00e9ho \u010di protipr\u00e1vn\u00edho jedn\u00e1n\u00ed pod vlivem drog nebo motivovan\u00e9ho \u00famyslem opat\u0159it si prost\u0159edky na z\u00edsk\u00e1n\u00ed drogy studenti uv\u00e1d\u011bli st\u0159\u00eddav\u011b \u0159\u00edzen\u00ed dopravn\u00edho prost\u0159edku (PA \u010cR) nebo kr\u00e1de\u017e v\u00a0rodin\u011b (APZ), na druh\u00e9m m\u00edst\u011b pak shodn\u011b prodej drog. Na Slovensku byla v\u00fdrazn\u011bji uv\u00e1d\u011bna prostituce.<\/p>\n<p><strong>Kl\u00ed\u010dov\u00e1 slova: <\/strong>sekund\u00e1rn\u00ed drogov\u00e1 kriminalita; motivy kriminality; kriminalita pod vlivem drog; farmakologick\u00fd vliv drog; kriminalita opat\u0159ovac\u00ed; kriminalita majetkov\u00e1.<\/p>\n<hr \/>\n<p><a href=\"https:\/\/veda.polac.cz\/?page_id=5879\">Zp\u011bt<\/a><\/p>\n","protected":false},"excerpt":{"rendered":"<p>Zku\u0161enosti student\u016f Policejn\u00ed akademie v Praze a Akad\u00e9mie policajn\u00e9ho zboru v Bratislave s u\u017eivateli n\u00e1vykov\u00fdch l\u00e1tek doc. JUDr. Ivana Zoubkov\u00e1, CSc., Policejn\u00ed akademie \u010cesk\u00e9 republiky v\u00a0Praze, katedra kriminologie JUDr. Michaela Jurisov\u00e1, PhD., Akad\u00e9mia Policajn\u00e9ho zboru v Bratislave, katedra kriminologie C\u00edlem p\u0159\u00edsp\u011bvku je poskytnout o\u010dima student\u016f policejn\u00edch akademi\u00ed \u010cR a SR aktu\u00e1ln\u00ed informace o sekund\u00e1rn\u00ed drogov\u00e9 [&hellip;]<\/p>\n","protected":false},"author":6,"featured_media":0,"parent":0,"menu_order":0,"comment_status":"closed","ping_status":"closed","template":"","meta":{"footnotes":""},"class_list":["post-5896","page","type-page","status-publish","hentry"],"_links":{"self":[{"href":"https:\/\/veda.polac.cz\/index.php?rest_route=\/wp\/v2\/pages\/5896","targetHints":{"allow":["GET"]}}],"collection":[{"href":"https:\/\/veda.polac.cz\/index.php?rest_route=\/wp\/v2\/pages"}],"about":[{"href":"https:\/\/veda.polac.cz\/index.php?rest_route=\/wp\/v2\/types\/page"}],"author":[{"embeddable":true,"href":"https:\/\/veda.polac.cz\/index.php?rest_route=\/wp\/v2\/users\/6"}],"replies":[{"embeddable":true,"href":"https:\/\/veda.polac.cz\/index.php?rest_route=%2Fwp%2Fv2%2Fcomments&post=5896"}],"version-history":[{"count":1,"href":"https:\/\/veda.polac.cz\/index.php?rest_route=\/wp\/v2\/pages\/5896\/revisions"}],"predecessor-version":[{"id":5897,"href":"https:\/\/veda.polac.cz\/index.php?rest_route=\/wp\/v2\/pages\/5896\/revisions\/5897"}],"wp:attachment":[{"href":"https:\/\/veda.polac.cz\/index.php?rest_route=%2Fwp%2Fv2%2Fmedia&parent=5896"}],"curies":[{"name":"wp","href":"https:\/\/api.w.org\/{rel}","templated":true}]}}