{"id":5890,"date":"2020-01-22T11:29:49","date_gmt":"2020-01-22T11:29:49","guid":{"rendered":"http:\/\/veda.polac.cz\/?page_id=5890"},"modified":"2020-01-22T11:29:49","modified_gmt":"2020-01-22T11:29:49","slug":"5890-2","status":"publish","type":"page","link":"https:\/\/veda.polac.cz\/?page_id=5890","title":{"rendered":"<!--04\/19 N\u011bkter\u00e9 pojmy souvisej\u00edc\u00ed s korupc\u00ed a hospod\u00e1\u0159skou kriminalitou v prost\u0159ed\u00ed prosazov\u00e1n\u00ed pr\u00e1va v\u00a0\u010cesk\u00e9 republice-->"},"content":{"rendered":"<p><strong>N\u011bkter\u00e9 pojmy souvisej\u00edc\u00ed s korupc\u00ed a hospod\u00e1\u0159skou kriminalitou v prost\u0159ed\u00ed prosazov\u00e1n\u00ed pr\u00e1va v\u00a0\u010cesk\u00e9 republice<\/strong><\/p>\n<p><em>Mgr. Ji\u0159\u00ed V\u00ed\u0161ek; doc. Mgr. Old\u0159ich Krul\u00edk, Ph.D.; Mgr. Zuzana Krul\u00edkov\u00e1<\/em><br \/>\n<em>Policejn\u00ed akademie \u010cesk\u00e9 republiky v\u00a0Praze<\/em><br \/>\n<em>JUDr. Josef Hrudka Ph.D., Gener\u00e1ln\u00ed \u0159editelstv\u00ed celn\u00ed spr\u00e1vy \u010cesk\u00e9 republiky<\/em><\/p>\n<p>Boj proti korupci je jedn\u00edm z \u201eevergreen\u016f\u201c soci\u00e1ln\u00edch, politick\u00fdch a medi\u00e1ln\u00edch diskurs\u016f \u2013 nejen v \u010cesk\u00e9 republice. \u0160irok\u00e1 ve\u0159ejnost anebo dokonce i n\u011bkte\u0159\u00ed odborn\u00edci v\u0161ak nerozum\u00ed n\u011bkter\u00fdm pojm\u016fm souvisej\u00edc\u00edm s touto oblast\u00ed. Term\u00edny, jako jsou \u201einsider rading\u201c, \u201ewhistleblowing\u201c, \u201eblacklisting\u201c, \u201eobchodov\u00e1n\u00ed s vlivem\u201c nebo \u201eintegrita\u201c (zejm\u00e9na ve smyslu \u201etestov\u00e1n\u00ed integrity\u201c, \u010dasto nespr\u00e1vn\u011b interpretovan\u00e9 jako \u201eagent provokat\u00e9r\u201c), jsou diskutov\u00e1ny s d\u016frazem na jejich reflexi v teorii a praxi prosazov\u00e1n\u00ed pr\u00e1va v \u010cesk\u00e9 republice. T\u00fdm autor\u016f uv\u00e1d\u00ed p\u0159ehled o\u00a0p\u0159\u00edtomnosti p\u0159\u00edslu\u0161n\u00fdch term\u00edn\u016f v sou\u010dasn\u00e9m pr\u00e1vn\u00edm prost\u0159ed\u00ed \u010cesk\u00e9 republiky. Rovn\u011b\u017e je zm\u00edn\u011bn v\u00fdskyt jednotliv\u00fdch term\u00edn\u016f, jejich mo\u017en\u00e9 nuance nebo zm\u011bny v\u00a0pou\u017e\u00edv\u00e1n\u00ed term\u00edn\u016f v \u010dase. Auto\u0159i tak\u00e9 vyu\u017eij\u00ed n\u011bkter\u00e9 zku\u0161enosti z p\u0159\u00edpravy \u00damluvy Organizace spojen\u00fdch n\u00e1rod\u016f proti korupci (od roku 2002 do roku 2005). Zejm\u00e9na terminologick\u00e9 debaty byly jedn\u00edm z hlavn\u00edch leitmotiv\u016f cel\u00e9ho mezin\u00e1rodn\u00edho vyjedn\u00e1v\u00e1n\u00ed.<\/p>\n<p><strong>Kl\u00ed\u010dov\u00e1 slova:<\/strong> Bezpe\u010dnostn\u00ed a pr\u00e1vn\u00ed terminologie, ekonomick\u00e1 (hospod\u00e1\u0159sk\u00e1) kriminalita, korupce, zku\u0161enosti.<\/p>\n<hr \/>\n<p><a href=\"https:\/\/veda.polac.cz\/?page_id=5879\">Zp\u011bt<\/a><\/p>\n","protected":false},"excerpt":{"rendered":"<p>N\u011bkter\u00e9 pojmy souvisej\u00edc\u00ed s korupc\u00ed a hospod\u00e1\u0159skou kriminalitou v prost\u0159ed\u00ed prosazov\u00e1n\u00ed pr\u00e1va v\u00a0\u010cesk\u00e9 republice Mgr. Ji\u0159\u00ed V\u00ed\u0161ek; doc. Mgr. Old\u0159ich Krul\u00edk, Ph.D.; Mgr. Zuzana Krul\u00edkov\u00e1 Policejn\u00ed akademie \u010cesk\u00e9 republiky v\u00a0Praze JUDr. Josef Hrudka Ph.D., Gener\u00e1ln\u00ed \u0159editelstv\u00ed celn\u00ed spr\u00e1vy \u010cesk\u00e9 republiky Boj proti korupci je jedn\u00edm z \u201eevergreen\u016f\u201c soci\u00e1ln\u00edch, politick\u00fdch a medi\u00e1ln\u00edch diskurs\u016f \u2013 nejen v [&hellip;]<\/p>\n","protected":false},"author":6,"featured_media":0,"parent":0,"menu_order":0,"comment_status":"closed","ping_status":"closed","template":"","meta":{"footnotes":""},"class_list":["post-5890","page","type-page","status-publish","hentry"],"_links":{"self":[{"href":"https:\/\/veda.polac.cz\/index.php?rest_route=\/wp\/v2\/pages\/5890","targetHints":{"allow":["GET"]}}],"collection":[{"href":"https:\/\/veda.polac.cz\/index.php?rest_route=\/wp\/v2\/pages"}],"about":[{"href":"https:\/\/veda.polac.cz\/index.php?rest_route=\/wp\/v2\/types\/page"}],"author":[{"embeddable":true,"href":"https:\/\/veda.polac.cz\/index.php?rest_route=\/wp\/v2\/users\/6"}],"replies":[{"embeddable":true,"href":"https:\/\/veda.polac.cz\/index.php?rest_route=%2Fwp%2Fv2%2Fcomments&post=5890"}],"version-history":[{"count":1,"href":"https:\/\/veda.polac.cz\/index.php?rest_route=\/wp\/v2\/pages\/5890\/revisions"}],"predecessor-version":[{"id":5891,"href":"https:\/\/veda.polac.cz\/index.php?rest_route=\/wp\/v2\/pages\/5890\/revisions\/5891"}],"wp:attachment":[{"href":"https:\/\/veda.polac.cz\/index.php?rest_route=%2Fwp%2Fv2%2Fmedia&parent=5890"}],"curies":[{"name":"wp","href":"https:\/\/api.w.org\/{rel}","templated":true}]}}