{"id":589,"date":"2018-09-13T18:13:27","date_gmt":"2018-09-13T18:13:27","guid":{"rendered":"http:\/\/veda.polac.cz\/?page_id=589"},"modified":"2018-10-27T19:01:27","modified_gmt":"2018-10-27T19:01:27","slug":"6-2","status":"publish","type":"page","link":"https:\/\/veda.polac.cz\/?page_id=589","title":{"rendered":""},"content":{"rendered":"<p style=\"text-align: center;\">Resum\u00e9 \u010dl\u00e1nku<\/p>\n<p><strong>CSIRT.CZ &#8211; N\u00e1rodn\u00fd CSIRT t\u00edm \u010ceskej republiky<br \/>\n<\/strong><i>Ing. Tom\u00e1\u0161 Kl\u00edma, Bc. Dominika Rezn\u00ed\u010dkov\u00e1, Vysok\u00e1 \u0161kola ekonomick\u00e1, Fakulta informatiky a statistiky<\/p>\n<p><\/i>Cie\u013eom tohto \u010dl\u00e1nku je popis s\u00fa\u010dasnej \u00falohy n\u00e1rodn\u00e9ho t\u00edmu CERT v oblasti kybernetickej bezpe\u010dnosti na z\u00e1klade uvedenia Z\u00e1kona \u010d.181\/2014 Sb., o kyber-netickej bezpe\u010dnosti do \u00fa\u010dinnosti a porovnanie teoretick\u00fdch pr\u00edstupov s ich uplatnen\u00edm v praxi. Konkr\u00e9tne upriamuje pozornos\u0165 na funkciu a pole p\u00f4sobnosti n\u00e1rodn\u00e9ho t\u00edmu CERT v \u010ceskej republike upraven\u00fa novoprijat\u00fdm z\u00e1konom.<br \/>\n<strong>Kl\u00ed\u010dov\u00e1 slova:\u00a0<\/strong>CSIRT t\u00edm, bezpe\u010dnost informac\u00ed, kybernetick\u00e1 bezpe\u010dnost, Z\u00e1kon o kybernetick\u00e9 bezpe\u010dnosti, N\u00e1rodn\u00ed bezpe\u010dnostn\u00ed \u00fa\u0159ad, N\u00e1rodn\u00ed centrum kybernetick\u00e9 bezpe\u010dnosti.<i><br \/>\n<\/i><\/p>\n<p><a href=\"https:\/\/veda.polac.cz\/?page_id=575\">01\/2016<\/a><\/p>\n","protected":false},"excerpt":{"rendered":"<p>Resum\u00e9 \u010dl\u00e1nku CSIRT.CZ &#8211; N\u00e1rodn\u00fd CSIRT t\u00edm \u010ceskej republiky Ing. Tom\u00e1\u0161 Kl\u00edma, Bc. Dominika Rezn\u00ed\u010dkov\u00e1, Vysok\u00e1 \u0161kola ekonomick\u00e1, Fakulta informatiky a statistiky Cie\u013eom tohto \u010dl\u00e1nku je popis s\u00fa\u010dasnej \u00falohy n\u00e1rodn\u00e9ho t\u00edmu CERT v oblasti kybernetickej bezpe\u010dnosti na z\u00e1klade uvedenia Z\u00e1kona \u010d.181\/2014 Sb., o kyber-netickej bezpe\u010dnosti do \u00fa\u010dinnosti a porovnanie teoretick\u00fdch pr\u00edstupov s ich uplatnen\u00edm v [&hellip;]<\/p>\n","protected":false},"author":2,"featured_media":0,"parent":575,"menu_order":6,"comment_status":"closed","ping_status":"closed","template":"","meta":{"footnotes":""},"class_list":["post-589","page","type-page","status-publish","hentry"],"_links":{"self":[{"href":"https:\/\/veda.polac.cz\/index.php?rest_route=\/wp\/v2\/pages\/589","targetHints":{"allow":["GET"]}}],"collection":[{"href":"https:\/\/veda.polac.cz\/index.php?rest_route=\/wp\/v2\/pages"}],"about":[{"href":"https:\/\/veda.polac.cz\/index.php?rest_route=\/wp\/v2\/types\/page"}],"author":[{"embeddable":true,"href":"https:\/\/veda.polac.cz\/index.php?rest_route=\/wp\/v2\/users\/2"}],"replies":[{"embeddable":true,"href":"https:\/\/veda.polac.cz\/index.php?rest_route=%2Fwp%2Fv2%2Fcomments&post=589"}],"version-history":[{"count":2,"href":"https:\/\/veda.polac.cz\/index.php?rest_route=\/wp\/v2\/pages\/589\/revisions"}],"predecessor-version":[{"id":606,"href":"https:\/\/veda.polac.cz\/index.php?rest_route=\/wp\/v2\/pages\/589\/revisions\/606"}],"up":[{"embeddable":true,"href":"https:\/\/veda.polac.cz\/index.php?rest_route=\/wp\/v2\/pages\/575"}],"wp:attachment":[{"href":"https:\/\/veda.polac.cz\/index.php?rest_route=%2Fwp%2Fv2%2Fmedia&parent=589"}],"curies":[{"name":"wp","href":"https:\/\/api.w.org\/{rel}","templated":true}]}}