{"id":5885,"date":"2020-01-22T11:19:02","date_gmt":"2020-01-22T11:19:02","guid":{"rendered":"http:\/\/veda.polac.cz\/?page_id=5885"},"modified":"2020-01-22T11:19:02","modified_gmt":"2020-01-22T11:19:02","slug":"5885-2","status":"publish","type":"page","link":"https:\/\/veda.polac.cz\/?page_id=5885","title":{"rendered":"<!--04\/19 V\u00fdhrada ve\u0159ejn\u00e9 bezpe\u010dnosti v pr\u00e1vu evropsk\u00e9 unie-->"},"content":{"rendered":"<p><strong>V\u00fdhrada ve\u0159ejn\u00e9 bezpe\u010dnosti v\u00a0pr\u00e1vu evropsk\u00e9 unie<\/strong><\/p>\n<p><em>Doc. Mag. phil. Dr. iur. Harald Christian Scheu, Ph.D, Mgr. et Mgr. Bohumil Peterka<\/em><br \/>\n<em>Policejn\u00ed akademie \u010cesk\u00e9 republiky v\u00a0Praze,<\/em><em> Fakulta bezpe\u010dnostn\u00edho managementu, katedra ve\u0159ejnopr\u00e1vn\u00edch discipl\u00edn<\/em><\/p>\n<p>Prim\u00e1rn\u00ed pr\u00e1vo Evropsk\u00e9 unie ponech\u00e1v\u00e1 oblast n\u00e1rodn\u00ed bezpe\u010dnosti v\u00a0kompetenci \u010dlensk\u00fdch st\u00e1t\u016f. V\u00fdkon pravomoc\u00ed \u010dlensk\u00fdch st\u00e1t\u016f i v\u00a0takov\u00e9 jejich v\u00fdsostn\u00e9 dom\u00e9n\u011b v\u0161ak m\u016f\u017ee b\u00fdt p\u0159edm\u011btem p\u0159ezkumu Soudn\u00edm dvorem EU, a to v\u00a0p\u0159\u00edpad\u011b, \u017ee je bezpe\u010dnostn\u00ed argument pou\u017eit jako d\u016fvod omezen\u00ed implementace pr\u00e1va EU. Prost\u0159ednictv\u00edm judikatury SDEU doch\u00e1z\u00ed k\u00a0harmonizaci vnitrost\u00e1tn\u00edho vn\u00edm\u00e1n\u00ed ve\u0159ejn\u00e9 bezpe\u010dnosti v\u00a0\u010dlensk\u00fdch st\u00e1tech.<\/p>\n<p><strong>Kl\u00ed\u010dov\u00e1 slova: <\/strong>ve\u0159ejn\u00e1 bezpe\u010dnost, vnit\u0159n\u00ed bezpe\u010dnost, v\u00fdhrada, suverenita, Soudn\u00ed dv\u016fr EU.<\/p>\n<hr \/>\n<p><a href=\"https:\/\/veda.polac.cz\/?page_id=5879\">Zp\u011bt<\/a><\/p>\n","protected":false},"excerpt":{"rendered":"<p>V\u00fdhrada ve\u0159ejn\u00e9 bezpe\u010dnosti v\u00a0pr\u00e1vu evropsk\u00e9 unie Doc. Mag. phil. Dr. iur. Harald Christian Scheu, Ph.D, Mgr. et Mgr. Bohumil Peterka Policejn\u00ed akademie \u010cesk\u00e9 republiky v\u00a0Praze, Fakulta bezpe\u010dnostn\u00edho managementu, katedra ve\u0159ejnopr\u00e1vn\u00edch discipl\u00edn Prim\u00e1rn\u00ed pr\u00e1vo Evropsk\u00e9 unie ponech\u00e1v\u00e1 oblast n\u00e1rodn\u00ed bezpe\u010dnosti v\u00a0kompetenci \u010dlensk\u00fdch st\u00e1t\u016f. V\u00fdkon pravomoc\u00ed \u010dlensk\u00fdch st\u00e1t\u016f i v\u00a0takov\u00e9 jejich v\u00fdsostn\u00e9 dom\u00e9n\u011b v\u0161ak m\u016f\u017ee b\u00fdt p\u0159edm\u011btem [&hellip;]<\/p>\n","protected":false},"author":6,"featured_media":0,"parent":0,"menu_order":0,"comment_status":"closed","ping_status":"closed","template":"","meta":{"footnotes":""},"class_list":["post-5885","page","type-page","status-publish","hentry"],"_links":{"self":[{"href":"https:\/\/veda.polac.cz\/index.php?rest_route=\/wp\/v2\/pages\/5885","targetHints":{"allow":["GET"]}}],"collection":[{"href":"https:\/\/veda.polac.cz\/index.php?rest_route=\/wp\/v2\/pages"}],"about":[{"href":"https:\/\/veda.polac.cz\/index.php?rest_route=\/wp\/v2\/types\/page"}],"author":[{"embeddable":true,"href":"https:\/\/veda.polac.cz\/index.php?rest_route=\/wp\/v2\/users\/6"}],"replies":[{"embeddable":true,"href":"https:\/\/veda.polac.cz\/index.php?rest_route=%2Fwp%2Fv2%2Fcomments&post=5885"}],"version-history":[{"count":1,"href":"https:\/\/veda.polac.cz\/index.php?rest_route=\/wp\/v2\/pages\/5885\/revisions"}],"predecessor-version":[{"id":5886,"href":"https:\/\/veda.polac.cz\/index.php?rest_route=\/wp\/v2\/pages\/5885\/revisions\/5886"}],"wp:attachment":[{"href":"https:\/\/veda.polac.cz\/index.php?rest_route=%2Fwp%2Fv2%2Fmedia&parent=5885"}],"curies":[{"name":"wp","href":"https:\/\/api.w.org\/{rel}","templated":true}]}}