{"id":5883,"date":"2020-01-22T11:15:48","date_gmt":"2020-01-22T11:15:48","guid":{"rendered":"http:\/\/veda.polac.cz\/?page_id=5883"},"modified":"2020-01-22T11:52:47","modified_gmt":"2020-01-22T11:52:47","slug":"5883-2","status":"publish","type":"page","link":"https:\/\/veda.polac.cz\/?page_id=5883","title":{"rendered":"<!--04\/19 Forenzn\u00ed lingvistika a online isl\u00e1msk\u00fd extremismus-->"},"content":{"rendered":"\n<p class=\"has-text-align-center\"> Resum\u00e9 \u010dl\u00e1nku <\/p>\n\n\n<p><strong>Forenzn\u00ed lingvistika a online isl\u00e1msk\u00fd extremismus<\/strong><br \/><br \/>Mgr. Bc. Sylva \u0158ezn\u00edkov\u00e1, MA, PhD<br \/><em>\u010cesk\u00e1 zem\u011bd\u011blsk\u00e1 univerzita v Praze, Provozn\u011b-ekonomick\u00e1 fakulta, katedra pr\u00e1va<\/em><br \/><br \/>Tento p\u0159\u00edsp\u011bvek p\u0159edstavuje rychle se rozv\u00edjej\u00edc\u00ed obor forenzn\u00ed jazykov\u00e9 anal\u00fdzy a jeho pou\u017eit\u00ed v odhalov\u00e1n\u00ed teroristick\u00fdch z\u00e1m\u011br\u016f pomoc\u00ed automatizovan\u00e9 anal\u00fdzy textu. Forenzn\u00ed lingvistika a fonetika jsou obory aplikovan\u00e9 lingvistiky, kter\u00e9 se v\u00a0sou\u010dasnosti rychle rozv\u00edj\u00ed. Mnoho pozornosti ji\u017e bylo v\u011bnov\u00e1no kritick\u00e9 anal\u00fdze ve\u0159ejn\u00e9 konstrukce terorismu a extremismu pomoc\u00ed diskurzivn\u00edch praktik. Tento p\u0159\u00edsp\u011bvek je v\u011bnov\u00e1n mo\u017enosti pou\u017eit\u00ed automatick\u00e9ho lingvistick\u00e9ho rozboru text\u016f na internetu s c\u00edlem odhalit extremistick\u00fd jazyk a teroristick\u00e9 z\u00e1m\u011bry autor\u016f dan\u00fdch text\u016f.<br \/><br \/><strong>Kl\u00ed\u010dov\u00e1 slova<\/strong>: Automatick\u00e1 anal\u00fdza textu, extremistick\u00fd jazyk, forenzn\u00ed lingvistika, teroristick\u00e9 z\u00e1m\u011bry.<\/p>\n<hr \/>\n<p><a href=\"https:\/\/veda.polac.cz\/?page_id=5879\">Zp\u011bt<\/a><br \/><br \/><\/p>","protected":false},"excerpt":{"rendered":"<p>Resum\u00e9 \u010dl\u00e1nku Forenzn\u00ed lingvistika a online isl\u00e1msk\u00fd extremismus Mgr. Bc. Sylva \u0158ezn\u00edkov\u00e1, MA, PhD\u010cesk\u00e1 zem\u011bd\u011blsk\u00e1 univerzita v Praze, Provozn\u011b-ekonomick\u00e1 fakulta, katedra pr\u00e1va Tento p\u0159\u00edsp\u011bvek p\u0159edstavuje rychle se rozv\u00edjej\u00edc\u00ed obor forenzn\u00ed jazykov\u00e9 anal\u00fdzy a jeho pou\u017eit\u00ed v odhalov\u00e1n\u00ed teroristick\u00fdch z\u00e1m\u011br\u016f pomoc\u00ed automatizovan\u00e9 anal\u00fdzy textu. Forenzn\u00ed lingvistika a fonetika jsou obory aplikovan\u00e9 lingvistiky, kter\u00e9 se v\u00a0sou\u010dasnosti rychle [&hellip;]<\/p>\n","protected":false},"author":6,"featured_media":0,"parent":0,"menu_order":0,"comment_status":"closed","ping_status":"closed","template":"","meta":{"footnotes":""},"class_list":["post-5883","page","type-page","status-publish","hentry"],"_links":{"self":[{"href":"https:\/\/veda.polac.cz\/index.php?rest_route=\/wp\/v2\/pages\/5883","targetHints":{"allow":["GET"]}}],"collection":[{"href":"https:\/\/veda.polac.cz\/index.php?rest_route=\/wp\/v2\/pages"}],"about":[{"href":"https:\/\/veda.polac.cz\/index.php?rest_route=\/wp\/v2\/types\/page"}],"author":[{"embeddable":true,"href":"https:\/\/veda.polac.cz\/index.php?rest_route=\/wp\/v2\/users\/6"}],"replies":[{"embeddable":true,"href":"https:\/\/veda.polac.cz\/index.php?rest_route=%2Fwp%2Fv2%2Fcomments&post=5883"}],"version-history":[{"count":2,"href":"https:\/\/veda.polac.cz\/index.php?rest_route=\/wp\/v2\/pages\/5883\/revisions"}],"predecessor-version":[{"id":5901,"href":"https:\/\/veda.polac.cz\/index.php?rest_route=\/wp\/v2\/pages\/5883\/revisions\/5901"}],"wp:attachment":[{"href":"https:\/\/veda.polac.cz\/index.php?rest_route=%2Fwp%2Fv2%2Fmedia&parent=5883"}],"curies":[{"name":"wp","href":"https:\/\/api.w.org\/{rel}","templated":true}]}}