{"id":5879,"date":"2020-01-22T10:57:08","date_gmt":"2020-01-22T10:57:08","guid":{"rendered":"http:\/\/veda.polac.cz\/?page_id=5879"},"modified":"2020-02-04T14:44:18","modified_gmt":"2020-02-04T14:44:18","slug":"4-2019","status":"publish","type":"page","link":"https:\/\/veda.polac.cz\/?page_id=5879","title":{"rendered":"4\/2019"},"content":{"rendered":"<p><a href=\"https:\/\/veda.polac.cz\/?page_id=5883\"><strong>Forenzn\u00ed lingvistika a online isl\u00e1msk\u00fd extremismus<\/strong><\/a><br \/>\nMgr. Bc. Sylva \u0158ezn\u00edkov\u00e1, MA, PhD., \u010cesk\u00e1 zem\u011bd\u011blsk\u00e1 univerzita, Ekonomicko-spr\u00e1vn\u00ed fakulta, katedra pr\u00e1va<\/p>\n<p><a href=\"https:\/\/veda.polac.cz\/wp-content\/uploads\/2020\/02\/Forenzn\u00ed-lingvistika-a-online-isl\u00e1msk\u00fd-extremismus.pdf\" target=\"_blank\" rel=\"noopener noreferrer\">pdf format<\/a><\/p>\n<hr \/>\n<p><a href=\"https:\/\/veda.polac.cz\/?page_id=5885\"><strong>V\u00fdhrada ve\u0159ejn\u00e9 bezpe\u010dnosti v\u00a0pr\u00e1vu evropsk\u00e9 unie<\/strong><\/a><br \/>\nDoc. Mag. phil. Dr. iur. Harald Christian Scheu, Ph.D, Mgr. et Mgr. Bohumil Peterka<br \/>\nPolicejn\u00ed akademie \u010cesk\u00e9 republiky v\u00a0Praze, Fakulta bezpe\u010dnostn\u00edho managementu, katedra ve\u0159ejnopr\u00e1vn\u00edch discipl\u00edn<\/p>\n<p><a href=\"https:\/\/veda.polac.cz\/wp-content\/uploads\/2020\/02\/V\u00fdhrada-ve\u0159ejn\u00e9-bezpe\u010dnosti-v-pr\u00e1vu-evropsk\u00e9-unie.pdf\" target=\"_blank\" rel=\"noopener noreferrer\">pdf format<\/a><em><br \/>\n<\/em><\/p>\n<hr \/>\n<p><a href=\"https:\/\/veda.polac.cz\/?page_id=5888\"><strong>N\u00e1zory expert\u016f na vybran\u00e9 bezpe\u010dnostn\u00ed aspekty prevence a kontroly fotbalov\u00e9ho chulig\u00e1nstv\u00ed<\/strong><\/a><strong><br \/>\n<\/strong>JUDr. Petr Kou\u0159il, Policejn\u00ed akademie \u010cR v\u00a0Praze, student doktorsk\u00e9ho studia<br \/>\nDr. Zden\u011bk Kova\u0159\u00edk, CSc., Policejn\u00ed akademie \u010cesk\u00e9 republiky v\u00a0Praze<br \/>\nodd\u011blen\u00ed v\u011bdy a v\u00fdzkumu<\/p>\n<p><a href=\"https:\/\/veda.polac.cz\/wp-content\/uploads\/2020\/02\/N\u00e1zory-expert\u016f-na-vybran\u00e9-bezpe\u010dnostn\u00ed-aspekty-prevence-a-kontroly-fotbalov\u00e9ho-chulig\u00e1nstv\u00ed.pdf\" target=\"_blank\" rel=\"noopener noreferrer\">pdf format<\/a><\/p>\n<hr \/>\n<p><a href=\"https:\/\/veda.polac.cz\/?page_id=5890\"><strong>N\u011bkter\u00e9 pojmy souvisej\u00edc\u00ed s korupc\u00ed a hospod\u00e1\u0159skou kriminalitou v prost\u0159ed\u00ed prosazov\u00e1n\u00ed pr\u00e1va v\u00a0\u010cesk\u00e9 republice<\/strong><\/a><br \/>\nMgr. Ji\u0159\u00ed V\u00ed\u0161ek; doc. Mgr. Old\u0159ich Krul\u00edk, Ph.D.; Mgr. Zuzana Krul\u00edkov\u00e1<br \/>\nPolicejn\u00ed akademie \u010cesk\u00e9 republiky v\u00a0Praze<br \/>\nJUDr. Josef Hrudka Ph.D., Gener\u00e1ln\u00ed \u0159editelstv\u00ed celn\u00ed spr\u00e1vy \u010cesk\u00e9 republiky<\/p>\n<p><a href=\"https:\/\/veda.polac.cz\/wp-content\/uploads\/2020\/02\/N\u011bkter\u00e9-pojmy-souvisej\u00edc\u00ed-s-korupc\u00ed-a-hospod\u00e1\u0159skou-kriminalitou-v-prost\u0159ed\u00ed-prosazov\u00e1n\u00ed-pr\u00e1va-v-\u010cesk\u00e9-republice.pdf\" target=\"_blank\" rel=\"noopener noreferrer\">pdf format<\/a><\/p>\n<hr \/>\n<p><a href=\"https:\/\/veda.polac.cz\/?page_id=5892\"><strong>Modelov\u00e1n\u00ed faktorov\u00e9 skladby bezpe\u010dnostn\u00edch hrozeb z\u00a0pohledu \u010desk\u00fdch a\u00a0slovensk\u00fdch respondent\u016f a expert\u016f \u010cR<\/strong><\/a><br \/>\nPhDr. Jan Pa\u010fourek, Policejn\u00ed akademie \u010cesk\u00e9 republiky v Praze<br \/>\nstudent doktorsk\u00e9ho studia<br \/>\nDr. Zden\u011bk Kova\u0159\u00edk, CSc., Policejn\u00ed akademie \u010cesk\u00e9 republiky v\u00a0Praze<br \/>\nodd\u011blen\u00ed v\u011bdy a v\u00fdzkumu<\/p>\n<p><a href=\"https:\/\/veda.polac.cz\/wp-content\/uploads\/2020\/02\/Modelov\u00e1n\u00ed-faktorov\u00e9-skladby-bezpe\u010dnostn\u00edch-hrozeb-z-pohledu-\u010desk\u00fdch-a-slovensk\u00fdch-respondent\u016f-a-expert\u016f-\u010cR.pdf\" target=\"_blank\" rel=\"noopener noreferrer\">pdf format<\/a><\/p>\n<hr \/>\n<p><strong><a href=\"https:\/\/veda.polac.cz\/?page_id=5894\">Fenom\u00e9n rovnov\u00e1hy a mezn\u00edch stav\u016f v bezpe\u010dnostn\u00edch v\u011bd\u00e1ch<\/a><br \/>\n<\/strong>prof. Ing. Roman Rak, PhD., Iris Ident, s.r.o., Praha<\/p>\n<p><a href=\"https:\/\/veda.polac.cz\/wp-content\/uploads\/2020\/02\/Fenom\u00e9n-rovnov\u00e1hy-a-mezn\u00edch-stav\u016f-v-bezpe\u010dnostn\u00edch-v\u011bd\u00e1ch.pdf\" target=\"_blank\" rel=\"noopener noreferrer\">pdf format<\/a><\/p>\n<hr \/>\n<p><a href=\"https:\/\/veda.polac.cz\/?page_id=5896\"><strong>Zku\u0161enosti student\u016f Policejn\u00ed akademie v Praze a Akad\u00e9mie policajn\u00e9ho zboru <\/strong><strong>v Bratislave s u\u017eivateli n\u00e1vykov\u00fdch l\u00e1tek<\/strong><\/a><br \/>\ndoc. JUDr. Ivana Zoubkov\u00e1, CSc., Policejn\u00ed akademie \u010cesk\u00e9 republiky v\u00a0Praze, katedra kriminologie<br \/>\nJUDr. Michaela Jurisov\u00e1, PhD., Akad\u00e9mia Policajn\u00e9ho zboru v Bratislave<br \/>\nkatedra kriminologie<\/p>\n<p><a href=\"https:\/\/veda.polac.cz\/wp-content\/uploads\/2020\/02\/Zku\u0161enosti-student\u016f-Policejn\u00ed-akademie-v-Praze-a-Akad\u00e9mie-policajn\u00e9ho-zboru.pdf\" target=\"_blank\" rel=\"noopener noreferrer\">pdf format<\/a><\/p>\n<hr \/>\n<p><a href=\"https:\/\/veda.polac.cz\/?page_id=5898\"><strong>Zv\u00fd\u0161en\u00ed bezpe\u010dnosti ob\u010dan\u016f m\u011bst a obc\u00ed pomoc\u00ed implementace radia\u010dn\u00edho monitorovac\u00edho syst\u00e9mu na \u00farovni instituc\u00ed, \u0161kol a ob\u010dan\u016f<\/strong><strong> \u2013 projekt RAMEsiS<\/strong><\/a><br \/>\nPetr Ku\u010da, Jan Helebrant, Ing. Irena \u010ce\u0161p\u00edrov\u00e1, Ing. Ji\u0159\u00ed H\u016flka<br \/>\nSt\u00e1tn\u00ed \u00fastav radia\u010dn\u00ed ochrany, v.v.i. (SURO), Prague, Czech Republic<\/p>\n<p><a href=\"https:\/\/veda.polac.cz\/wp-content\/uploads\/2020\/02\/Zv\u00fd\u0161en\u00ed-bezpe\u010dnosti-ob\u010dan\u016f-m\u011bst-a-obc\u00ed-pomoc\u00ed-implementace-radia\u010dn\u00edho-monitorovac\u00edho-syst\u00e9mu-na-\u00farovni-instituc\u00ed-\u0161kol-a-ob\u010dan\u016f-\u2013-projekt-RAMESIS.pdf\" target=\"_blank\" rel=\"noopener noreferrer\">pdf format<\/a><\/p>\n<hr \/>\n","protected":false},"excerpt":{"rendered":"<p>Forenzn\u00ed lingvistika a online isl\u00e1msk\u00fd extremismus Mgr. Bc. Sylva \u0158ezn\u00edkov\u00e1, MA, PhD., \u010cesk\u00e1 zem\u011bd\u011blsk\u00e1 univerzita, Ekonomicko-spr\u00e1vn\u00ed fakulta, katedra pr\u00e1va pdf format V\u00fdhrada ve\u0159ejn\u00e9 bezpe\u010dnosti v\u00a0pr\u00e1vu evropsk\u00e9 unie Doc. Mag. phil. Dr. iur. Harald Christian Scheu, Ph.D, Mgr. et Mgr. Bohumil Peterka Policejn\u00ed akademie \u010cesk\u00e9 republiky v\u00a0Praze, Fakulta bezpe\u010dnostn\u00edho managementu, katedra ve\u0159ejnopr\u00e1vn\u00edch discipl\u00edn pdf format N\u00e1zory [&hellip;]<\/p>\n","protected":false},"author":6,"featured_media":0,"parent":0,"menu_order":0,"comment_status":"closed","ping_status":"closed","template":"","meta":{"footnotes":""},"class_list":["post-5879","page","type-page","status-publish","hentry"],"_links":{"self":[{"href":"https:\/\/veda.polac.cz\/index.php?rest_route=\/wp\/v2\/pages\/5879","targetHints":{"allow":["GET"]}}],"collection":[{"href":"https:\/\/veda.polac.cz\/index.php?rest_route=\/wp\/v2\/pages"}],"about":[{"href":"https:\/\/veda.polac.cz\/index.php?rest_route=\/wp\/v2\/types\/page"}],"author":[{"embeddable":true,"href":"https:\/\/veda.polac.cz\/index.php?rest_route=\/wp\/v2\/users\/6"}],"replies":[{"embeddable":true,"href":"https:\/\/veda.polac.cz\/index.php?rest_route=%2Fwp%2Fv2%2Fcomments&post=5879"}],"version-history":[{"count":4,"href":"https:\/\/veda.polac.cz\/index.php?rest_route=\/wp\/v2\/pages\/5879\/revisions"}],"predecessor-version":[{"id":5966,"href":"https:\/\/veda.polac.cz\/index.php?rest_route=\/wp\/v2\/pages\/5879\/revisions\/5966"}],"wp:attachment":[{"href":"https:\/\/veda.polac.cz\/index.php?rest_route=%2Fwp%2Fv2%2Fmedia&parent=5879"}],"curies":[{"name":"wp","href":"https:\/\/api.w.org\/{rel}","templated":true}]}}