{"id":587,"date":"2018-09-13T18:12:27","date_gmt":"2018-09-13T18:12:27","guid":{"rendered":"http:\/\/veda.polac.cz\/?page_id=587"},"modified":"2018-10-27T19:01:27","modified_gmt":"2018-10-27T19:01:27","slug":"5-2","status":"publish","type":"page","link":"https:\/\/veda.polac.cz\/?page_id=587","title":{"rendered":""},"content":{"rendered":"<p style=\"text-align: center;\">Resum\u00e9 \u010dl\u00e1nku<\/p>\n<p><strong>Kritick\u00e1 infrastruktura v elektroenergetice<br \/>\n<\/strong><i>Mgr. Zden\u011bk Hon, Ph.D., Mgr. Pavel B\u00f6hm, Fakulta biomedic\u00ednsk\u00e9ho in\u017een\u00fdrstv\u00ed \u010cVUT v Praze, Katedra zdravotnick\u00fdch obor\u016f a ochrany obyvatelstva<\/p>\n<p><\/i>Tento \u010dl\u00e1nek se zab\u00fdv\u00e1 problematikou kritick\u00e9 infrastruktury v elektroenergetice, konkr\u00e9tn\u011b st\u011b\u017eejn\u00ed oblast\u00ed elektroenergetiky, kterou je elektriza\u010dn\u00ed soustava. V \u010dl\u00e1nku jsou uvedeny specifick\u00e9 zvl\u00e1\u0161tnosti elektriza\u010dn\u00ed soustavy, kter\u00e9 souvisej\u00edc\u00ed s v\u00fdrobou a spot\u0159ebou elektrick\u00e9 energie. D\u00e1le mo\u017en\u00e9 p\u0159\u00ed\u010diny vzniku mimo\u0159\u00e1dn\u00fdch stav\u016f v elektroenergetice a z\u00e1kladn\u00ed opat\u0159en\u00ed, kter\u00e1 p\u0159isp\u00edvaj\u00ed k p\u0159edch\u00e1zen\u00ed a \u0159e\u0161en\u00ed t\u011bchto stav\u016f. V z\u00e1v\u011bru jsou pops\u00e1ny technologie, kter\u00e9 umo\u017e\u0148uj\u00ed zajistit kontinuitu z\u00e1sobov\u00e1n\u00ed elektrickou energi\u00ed v p\u0159\u00edpad\u011b \u00fapln\u00e9ho nebo \u010d\u00e1ste\u010dn\u00e9ho rozpadu elektriza\u010dn\u00ed soustavy.<br \/>\n<strong>Kl\u00ed\u010dov\u00e1 slova:<\/strong>\u00a0kritick\u00e1 infrastruktura, elektroenergetika, elektriza\u010dn\u00ed soustava.<i><br \/>\n<\/i><\/p>\n<p><a href=\"https:\/\/veda.polac.cz\/?page_id=575\">01\/2016<\/a><\/p>\n<p>&nbsp;<\/p>\n","protected":false},"excerpt":{"rendered":"<p>Resum\u00e9 \u010dl\u00e1nku Kritick\u00e1 infrastruktura v elektroenergetice Mgr. Zden\u011bk Hon, Ph.D., Mgr. Pavel B\u00f6hm, Fakulta biomedic\u00ednsk\u00e9ho in\u017een\u00fdrstv\u00ed \u010cVUT v Praze, Katedra zdravotnick\u00fdch obor\u016f a ochrany obyvatelstva Tento \u010dl\u00e1nek se zab\u00fdv\u00e1 problematikou kritick\u00e9 infrastruktury v elektroenergetice, konkr\u00e9tn\u011b st\u011b\u017eejn\u00ed oblast\u00ed elektroenergetiky, kterou je elektriza\u010dn\u00ed soustava. V \u010dl\u00e1nku jsou uvedeny specifick\u00e9 zvl\u00e1\u0161tnosti elektriza\u010dn\u00ed soustavy, kter\u00e9 souvisej\u00edc\u00ed s v\u00fdrobou a [&hellip;]<\/p>\n","protected":false},"author":2,"featured_media":0,"parent":575,"menu_order":5,"comment_status":"closed","ping_status":"closed","template":"","meta":{"footnotes":""},"class_list":["post-587","page","type-page","status-publish","hentry"],"_links":{"self":[{"href":"https:\/\/veda.polac.cz\/index.php?rest_route=\/wp\/v2\/pages\/587","targetHints":{"allow":["GET"]}}],"collection":[{"href":"https:\/\/veda.polac.cz\/index.php?rest_route=\/wp\/v2\/pages"}],"about":[{"href":"https:\/\/veda.polac.cz\/index.php?rest_route=\/wp\/v2\/types\/page"}],"author":[{"embeddable":true,"href":"https:\/\/veda.polac.cz\/index.php?rest_route=\/wp\/v2\/users\/2"}],"replies":[{"embeddable":true,"href":"https:\/\/veda.polac.cz\/index.php?rest_route=%2Fwp%2Fv2%2Fcomments&post=587"}],"version-history":[{"count":2,"href":"https:\/\/veda.polac.cz\/index.php?rest_route=\/wp\/v2\/pages\/587\/revisions"}],"predecessor-version":[{"id":605,"href":"https:\/\/veda.polac.cz\/index.php?rest_route=\/wp\/v2\/pages\/587\/revisions\/605"}],"up":[{"embeddable":true,"href":"https:\/\/veda.polac.cz\/index.php?rest_route=\/wp\/v2\/pages\/575"}],"wp:attachment":[{"href":"https:\/\/veda.polac.cz\/index.php?rest_route=%2Fwp%2Fv2%2Fmedia&parent=587"}],"curies":[{"name":"wp","href":"https:\/\/api.w.org\/{rel}","templated":true}]}}