{"id":585,"date":"2018-09-13T18:11:12","date_gmt":"2018-09-13T18:11:12","guid":{"rendered":"http:\/\/veda.polac.cz\/?page_id=585"},"modified":"2018-10-27T19:01:27","modified_gmt":"2018-10-27T19:01:27","slug":"4-2","status":"publish","type":"page","link":"https:\/\/veda.polac.cz\/?page_id=585","title":{"rendered":""},"content":{"rendered":"<p style=\"text-align: center;\">Resum\u00e9 \u010dl\u00e1nku<\/p>\n<p><strong>Pr\u00e1vne n\u00e1stroje trestn\u00e9ho pr\u00e1va v boji proti legaliz\u00e1cii pr\u00edjmu z trestnej \u010dinnosti v zmysle historick\u00fdch s\u00favislost\u00ed a s\u00fa\u010dasnej pr\u00e1vnej \u00fapravy v Slovenskej republike<br \/>\n<\/strong><i>pplk. JUDr. Veronika Markov\u00e1, PhD., Akad\u00e9mia Policajn\u00e9ho zboru v Bratislave, Katedra trestn\u00e9ho pr\u00e1va<\/p>\n<p><\/i>Pr\u00edspevok sa venuje gen\u00e9ze v\u00fdvoja pr\u00e1vnej \u00fapravy trestn\u00e9ho \u010dinu legaliz\u00e1cie pr\u00edjmu z trestnej \u010dinnosti v Slovenskej republike vo vz\u0165ahu k troch obdobiam, ktor\u00e9 s\u00fa spojen\u00e9 s jednotliv\u00fdmi z\u00e1konmi t\u00fdkaj\u00facimi sa ochrany pred touto trestnou \u010dinnos\u0165ou, aj \u010fal\u0161\u00edm s\u00fa\u010dasn\u00fdm pr\u00e1vnym n\u00e1strojom boja proti tejto trestnej \u010dinnosti v zmysle ustanoven\u00ed Trestn\u00e9ho z\u00e1kona a Trestn\u00e9ho poriadku.<br \/>\n<strong>K\u013e\u00fa\u010dov\u00e9 slov\u00e1:<\/strong>\u00a0legaliz\u00e1cia pr\u00edjmu z trestnej \u010dinnosti, v\u00fdvoj legaliz\u00e1cie pr\u00edjmu z trestnej \u010dinnosti, boj s legaliz\u00e1ciou pr\u00edjmu z trestnej \u010dinnosti, Trestn\u00fd z\u00e1kon, Trestn\u00fd poriadok.<\/p>\n<p><a href=\"https:\/\/veda.polac.cz\/?page_id=575\">01\/2016<\/a><\/p>\n<p>&nbsp;<\/p>\n","protected":false},"excerpt":{"rendered":"<p>Resum\u00e9 \u010dl\u00e1nku Pr\u00e1vne n\u00e1stroje trestn\u00e9ho pr\u00e1va v boji proti legaliz\u00e1cii pr\u00edjmu z trestnej \u010dinnosti v zmysle historick\u00fdch s\u00favislost\u00ed a s\u00fa\u010dasnej pr\u00e1vnej \u00fapravy v Slovenskej republike pplk. JUDr. Veronika Markov\u00e1, PhD., Akad\u00e9mia Policajn\u00e9ho zboru v Bratislave, Katedra trestn\u00e9ho pr\u00e1va Pr\u00edspevok sa venuje gen\u00e9ze v\u00fdvoja pr\u00e1vnej \u00fapravy trestn\u00e9ho \u010dinu legaliz\u00e1cie pr\u00edjmu z trestnej \u010dinnosti v Slovenskej republike [&hellip;]<\/p>\n","protected":false},"author":2,"featured_media":0,"parent":575,"menu_order":4,"comment_status":"closed","ping_status":"closed","template":"","meta":{"footnotes":""},"class_list":["post-585","page","type-page","status-publish","hentry"],"_links":{"self":[{"href":"https:\/\/veda.polac.cz\/index.php?rest_route=\/wp\/v2\/pages\/585","targetHints":{"allow":["GET"]}}],"collection":[{"href":"https:\/\/veda.polac.cz\/index.php?rest_route=\/wp\/v2\/pages"}],"about":[{"href":"https:\/\/veda.polac.cz\/index.php?rest_route=\/wp\/v2\/types\/page"}],"author":[{"embeddable":true,"href":"https:\/\/veda.polac.cz\/index.php?rest_route=\/wp\/v2\/users\/2"}],"replies":[{"embeddable":true,"href":"https:\/\/veda.polac.cz\/index.php?rest_route=%2Fwp%2Fv2%2Fcomments&post=585"}],"version-history":[{"count":2,"href":"https:\/\/veda.polac.cz\/index.php?rest_route=\/wp\/v2\/pages\/585\/revisions"}],"predecessor-version":[{"id":604,"href":"https:\/\/veda.polac.cz\/index.php?rest_route=\/wp\/v2\/pages\/585\/revisions\/604"}],"up":[{"embeddable":true,"href":"https:\/\/veda.polac.cz\/index.php?rest_route=\/wp\/v2\/pages\/575"}],"wp:attachment":[{"href":"https:\/\/veda.polac.cz\/index.php?rest_route=%2Fwp%2Fv2%2Fmedia&parent=585"}],"curies":[{"name":"wp","href":"https:\/\/api.w.org\/{rel}","templated":true}]}}