{"id":583,"date":"2018-09-13T18:10:00","date_gmt":"2018-09-13T18:10:00","guid":{"rendered":"http:\/\/veda.polac.cz\/?page_id=583"},"modified":"2018-10-27T18:52:47","modified_gmt":"2018-10-27T18:52:47","slug":"3-2","status":"publish","type":"page","link":"https:\/\/veda.polac.cz\/?page_id=583","title":{"rendered":""},"content":{"rendered":"<p style=\"text-align: center;\">Resum\u00e9 \u010dl\u00e1nku<\/p>\n<p><strong>Cena omamn\u00fdch l\u00e1tek jako mo\u017en\u00fd indik\u00e1tor \u00fasp\u011b\u0161nosti v\u00e1lky proti drog\u00e1m<br \/>\n<\/strong><i>Mgr. Marcela Demkov\u00e1, Centrum mezin\u00e1rodn\u00edch studi\u00ed Jana Masaryka, Vysok\u00e1 \u0161kola ekonomick\u00e1<\/p>\n<p><\/i>Cena omamn\u00fdch l\u00e1tek se \u010dasto pou\u017e\u00edv\u00e1 k hodnocen\u00ed \u00fasp\u011b\u0161nosti v\u00e1lky proti drog\u00e1m, n\u00e1kladn\u00e9mu souboru represivn\u00edch opat\u0159en\u00ed v\u016f\u010di nab\u00eddce ileg\u00e1ln\u00edch substanc\u00ed, kter\u00e1 p\u0159edpokl\u00e1d\u00e1, \u017ee repres\u00edvn\u00ed opat\u0159en\u00ed proti nab\u00eddce zv\u00fd\u0161\u00ed cenu drog, je\u017e se stanou m\u00e9n\u011b atraktivn\u00edmi pro u\u017eivatele, a proto popt\u00e1vka po nich klesne. Tato pr\u00e1ce kriticky zkoum\u00e1 v\u00fd\u0161e uveden\u00fd p\u0159edpoklad zalo\u017een\u00fd na klasick\u00e9m modelu agreg\u00e1tn\u00ed nab\u00eddky a agreg\u00e1tn\u00ed popt\u00e1vky, cenovou elasticitu popt\u00e1vky po drog\u00e1ch a vybran\u00e1 specifika ileg\u00e1ln\u00edch trh\u016f.<br \/>\n<strong>Kl\u00ed\u010dov\u00e1 slova:<\/strong>\u00a0drogov\u00e1 nab\u00eddka, drogov\u00e1 popt\u00e1vka, cena drog, v\u00e1lka proti drog\u00e1m, protidrogov\u00e1 opat\u0159en\u00ed, cenov\u00e1 elasticita popt\u00e1vky po drog\u00e1ch.<\/p>\n<p><a href=\"https:\/\/veda.polac.cz\/?page_id=575\">01\/2016<\/a><\/p>\n","protected":false},"excerpt":{"rendered":"<p>Resum\u00e9 \u010dl\u00e1nku Cena omamn\u00fdch l\u00e1tek jako mo\u017en\u00fd indik\u00e1tor \u00fasp\u011b\u0161nosti v\u00e1lky proti drog\u00e1m Mgr. Marcela Demkov\u00e1, Centrum mezin\u00e1rodn\u00edch studi\u00ed Jana Masaryka, Vysok\u00e1 \u0161kola ekonomick\u00e1 Cena omamn\u00fdch l\u00e1tek se \u010dasto pou\u017e\u00edv\u00e1 k hodnocen\u00ed \u00fasp\u011b\u0161nosti v\u00e1lky proti drog\u00e1m, n\u00e1kladn\u00e9mu souboru represivn\u00edch opat\u0159en\u00ed v\u016f\u010di nab\u00eddce ileg\u00e1ln\u00edch substanc\u00ed, kter\u00e1 p\u0159edpokl\u00e1d\u00e1, \u017ee repres\u00edvn\u00ed opat\u0159en\u00ed proti nab\u00eddce zv\u00fd\u0161\u00ed cenu drog, je\u017e se [&hellip;]<\/p>\n","protected":false},"author":2,"featured_media":0,"parent":575,"menu_order":3,"comment_status":"closed","ping_status":"closed","template":"","meta":{"footnotes":""},"class_list":["post-583","page","type-page","status-publish","hentry"],"_links":{"self":[{"href":"https:\/\/veda.polac.cz\/index.php?rest_route=\/wp\/v2\/pages\/583","targetHints":{"allow":["GET"]}}],"collection":[{"href":"https:\/\/veda.polac.cz\/index.php?rest_route=\/wp\/v2\/pages"}],"about":[{"href":"https:\/\/veda.polac.cz\/index.php?rest_route=\/wp\/v2\/types\/page"}],"author":[{"embeddable":true,"href":"https:\/\/veda.polac.cz\/index.php?rest_route=\/wp\/v2\/users\/2"}],"replies":[{"embeddable":true,"href":"https:\/\/veda.polac.cz\/index.php?rest_route=%2Fwp%2Fv2%2Fcomments&post=583"}],"version-history":[{"count":2,"href":"https:\/\/veda.polac.cz\/index.php?rest_route=\/wp\/v2\/pages\/583\/revisions"}],"predecessor-version":[{"id":603,"href":"https:\/\/veda.polac.cz\/index.php?rest_route=\/wp\/v2\/pages\/583\/revisions\/603"}],"up":[{"embeddable":true,"href":"https:\/\/veda.polac.cz\/index.php?rest_route=\/wp\/v2\/pages\/575"}],"wp:attachment":[{"href":"https:\/\/veda.polac.cz\/index.php?rest_route=%2Fwp%2Fv2%2Fmedia&parent=583"}],"curies":[{"name":"wp","href":"https:\/\/api.w.org\/{rel}","templated":true}]}}