{"id":580,"date":"2018-09-13T17:46:40","date_gmt":"2018-09-13T17:46:40","guid":{"rendered":"http:\/\/veda.polac.cz\/?page_id=580"},"modified":"2018-10-27T18:52:47","modified_gmt":"2018-10-27T18:52:47","slug":"2-2","status":"publish","type":"page","link":"https:\/\/veda.polac.cz\/?page_id=580","title":{"rendered":""},"content":{"rendered":"<p style=\"text-align: center;\">Resum\u00e9 \u010dl\u00e1nku<\/p>\n<p><strong>Obhajoba obvin\u011bn\u00e9ho v kontextu s pr\u00e1vem na spravedliv\u00fd proces<br \/>\n<\/strong><i>doc. JUDr. Jan Chmel\u00edk, Ph.D., Z\u00e1pado\u010desk\u00e1 univerzita, Fakulta pr\u00e1vnick\u00e1, katedra trestn\u00edho pr\u00e1va, Plze\u0148<\/p>\n<p><\/i>Postupem obecn\u00fdch soud\u016f p\u0159i dokazov\u00e1n\u00ed m\u016f\u017ee doj\u00edt k omezen\u00ed v\u00fdkonu pr\u00e1va obvin\u011bn\u00e9ho vyj\u00e1d\u0159it se k prov\u00e1d\u011bn\u00fdm d\u016fkaz\u016fm, nebo tak\u00e9 k omezen\u00ed jin\u00fdch jeho pr\u00e1v v trestn\u00edm \u0159\u00edzen\u00ed. Tato procesn\u00ed pochyben\u00ed maj\u00ed v\u0161ak \u0161ir\u0161\u00ed dopad, proto\u017ee souvis\u00ed i s poru\u0161ov\u00e1n\u00edm pr\u00e1va na spravedliv\u00fd proces, kter\u00e9 v kontextu s mezin\u00e1rodn\u011b pr\u00e1vn\u00edmi dokumenty, kter\u00fdmi je \u010cesk\u00e1 republika v\u00e1z\u00e1na, znamen\u00e1 zpochyb\u0148ov\u00e1n\u00ed kontradiktornosti \u0159\u00edzen\u00ed. V p\u0159\u00edsp\u011bvku jsou definov\u00e1ny n\u011bkter\u00e9 procesn\u00ed situace, kdy soud bez poru\u0161en\u00ed \u00fastavn\u00edch kautel nen\u00ed opr\u00e1vn\u011bn odm\u00edtnout prov\u00e9st navrhovan\u00fd \u010di p\u0159edkl\u00e1dan\u00fd d\u016fkaz z d\u016fvod\u016f jeho nadbyte\u010dnosti.<br \/>\n<strong>Kl\u00ed\u010dov\u00e1 slova:\u00a0<\/strong>obvin\u011bn\u00fd, obhajoba, spravedliv\u00fd proces, trestn\u00ed \u0159\u00edzen\u00ed, nez\u00e1vislost soudu.<\/p>\n<p><a href=\"https:\/\/veda.polac.cz\/?page_id=575\">01\/2016<\/a><\/p>\n","protected":false},"excerpt":{"rendered":"<p>Resum\u00e9 \u010dl\u00e1nku Obhajoba obvin\u011bn\u00e9ho v kontextu s pr\u00e1vem na spravedliv\u00fd proces doc. JUDr. Jan Chmel\u00edk, Ph.D., Z\u00e1pado\u010desk\u00e1 univerzita, Fakulta pr\u00e1vnick\u00e1, katedra trestn\u00edho pr\u00e1va, Plze\u0148 Postupem obecn\u00fdch soud\u016f p\u0159i dokazov\u00e1n\u00ed m\u016f\u017ee doj\u00edt k omezen\u00ed v\u00fdkonu pr\u00e1va obvin\u011bn\u00e9ho vyj\u00e1d\u0159it se k prov\u00e1d\u011bn\u00fdm d\u016fkaz\u016fm, nebo tak\u00e9 k omezen\u00ed jin\u00fdch jeho pr\u00e1v v trestn\u00edm \u0159\u00edzen\u00ed. Tato procesn\u00ed pochyben\u00ed maj\u00ed [&hellip;]<\/p>\n","protected":false},"author":2,"featured_media":0,"parent":575,"menu_order":2,"comment_status":"closed","ping_status":"closed","template":"","meta":{"footnotes":""},"class_list":["post-580","page","type-page","status-publish","hentry"],"_links":{"self":[{"href":"https:\/\/veda.polac.cz\/index.php?rest_route=\/wp\/v2\/pages\/580","targetHints":{"allow":["GET"]}}],"collection":[{"href":"https:\/\/veda.polac.cz\/index.php?rest_route=\/wp\/v2\/pages"}],"about":[{"href":"https:\/\/veda.polac.cz\/index.php?rest_route=\/wp\/v2\/types\/page"}],"author":[{"embeddable":true,"href":"https:\/\/veda.polac.cz\/index.php?rest_route=\/wp\/v2\/users\/2"}],"replies":[{"embeddable":true,"href":"https:\/\/veda.polac.cz\/index.php?rest_route=%2Fwp%2Fv2%2Fcomments&post=580"}],"version-history":[{"count":2,"href":"https:\/\/veda.polac.cz\/index.php?rest_route=\/wp\/v2\/pages\/580\/revisions"}],"predecessor-version":[{"id":602,"href":"https:\/\/veda.polac.cz\/index.php?rest_route=\/wp\/v2\/pages\/580\/revisions\/602"}],"up":[{"embeddable":true,"href":"https:\/\/veda.polac.cz\/index.php?rest_route=\/wp\/v2\/pages\/575"}],"wp:attachment":[{"href":"https:\/\/veda.polac.cz\/index.php?rest_route=%2Fwp%2Fv2%2Fmedia&parent=580"}],"curies":[{"name":"wp","href":"https:\/\/api.w.org\/{rel}","templated":true}]}}