{"id":5784,"date":"2020-01-16T13:39:12","date_gmt":"2020-01-16T13:39:12","guid":{"rendered":"http:\/\/veda.polac.cz\/?page_id=5784"},"modified":"2020-02-14T13:08:13","modified_gmt":"2020-02-14T13:08:13","slug":"03-2019-2","status":"publish","type":"page","link":"https:\/\/veda.polac.cz\/?page_id=5784&lang=en","title":{"rendered":"03\/2019"},"content":{"rendered":"<p><a href=\"https:\/\/veda.polac.cz\/?page_id=5792\"><strong>Assessing the Danger of \u201cLone Actor Terrorists\u201c<\/strong><\/a><br \/>doc. PhDr. Ludmila \u010c\u00edrtkov\u00e1, CSc., dr. h. c.<br \/>Police Academy of Czech Republic in Prague, Faculty of Security Management, Department of Social Science<\/p>\n<p><a href=\"https:\/\/veda.polac.cz\/wp-content\/uploads\/2020\/01\/Posuzov\u00e1n\u00ed-nebezpe\u010dnosti-\u201eosam\u011bl\u00fdch-vlk\u016f\u201c.pdf\" target=\"_blank\" rel=\"noopener noreferrer\">Download in czech language (pdf format)<\/a><\/p>\n<hr \/>\n<p><a href=\"https:\/\/veda.polac.cz\/?page_id=5794\"><strong>Organized Crime as a Security Threat in the Context of the Visegrad Countries&#8216; National Security Strategies. The Problem of the Absence of a Uniform Definition<\/strong><\/a><br \/>PhDr. Jan Pa\u010fourek, Police Academy of Czech Republic in Prague, postgraduate student<\/p>\n<p><a href=\"https:\/\/veda.polac.cz\/wp-content\/uploads\/2020\/01\/Organizovan\u00fd-zlo\u010din-jako-bezpe\u010dnostn\u00ed-hrozba-v-kontextu-n\u00e1rodn\u00edch-bezpe\u010dnostn\u00edch-strategi\u00ed-visegr\u00e1dsk\u00fdch-st\u00e1t\u016f.pdf\" target=\"_blank\" rel=\"noopener noreferrer\">Download in czech language (pdf format)<\/a><\/p>\n<hr \/>\n<p><a href=\"https:\/\/veda.polac.cz\/?page_id=5796\"><strong>The Criminal Liability of Legal Entities for Crimes vs. Offences<\/strong><\/a><br \/>doc. JUDr. Roman Svato\u0161, Ph.D., University of South Bohemia in \u010cesk\u00e9 Bud\u011bjovice<br \/>Faculty of Health and Social Studies<\/p>\n<p><a href=\"https:\/\/veda.polac.cz\/wp-content\/uploads\/2020\/01\/Odpov\u011bdnost-pr\u00e1vnick\u00fdch-osob-za-trestn\u00e9-\u010diny-vs.-za-p\u0159estupky.pdf\" target=\"_blank\" rel=\"noopener noreferrer\">Download in czech language (pdf format)<\/a><\/p>\n<hr \/>\n<p><a href=\"https:\/\/veda.polac.cz\/?page_id=5798\"><strong>EUROPOL \u2013 Major Functions and Legal Aspects<\/strong><\/a><br \/>doc. JUDr. Bohumil Pikna, CSc., Metropolitan University Prague<\/p>\n<p><a href=\"https:\/\/veda.polac.cz\/wp-content\/uploads\/2020\/01\/EUROPOL-\u2013-hlavn\u00ed-funk\u010dn\u00ed-a-pr\u00e1vn\u00ed-aspekty.pdf\" target=\"_blank\" rel=\"noopener noreferrer\">Download in czech language (pdf format)<\/a><\/p>\n<hr \/>\n<p><a href=\"https:\/\/veda.polac.cz\/?page_id=5801\"><strong>Forensic Tactical Method of Interrogation in Relation to Investigation<\/strong><\/a><br \/><strong>of the Crime of Insurance Fraud<\/strong><br \/>Mgr. Martin Vysko\u010dil, Police Academy of the Czech Republic in Prague,<br \/>postgraduate student<\/p>\n<p><a href=\"https:\/\/veda.polac.cz\/wp-content\/uploads\/2020\/01\/Kriminalisticko-taktick\u00e1-metoda-v\u00fdslechu.pdf\" target=\"_blank\" rel=\"noopener noreferrer\">Download in czech language (pdf format)<\/a><\/p>\n<hr \/>\n<p><a href=\"https:\/\/veda.polac.cz\/?page_id=5803\"><strong>The Czech Seniors Serving the Sentence in Prisons \u2013 Analysis of Criminal Files<\/strong><\/a><br \/>Mgr. Eva Biedermanov\u00e1, Institute for Criminology and Social Prevention<\/p>\n<p><a href=\"https:\/\/veda.polac.cz\/wp-content\/uploads\/2020\/01\/\u010ce\u0161t\u00ed-senio\u0159i-ve-v\u00fdkonu-trestu-odn\u011bt\u00ed-svobody-\u2013-anal\u00fdza-trestn\u00edch-spis\u016f.pdf\" target=\"_blank\" rel=\"noopener noreferrer\">Download in czech language (pdf format)<\/a><\/p>\n<hr \/>\n<p><a href=\"https:\/\/veda.polac.cz\/?page_id=5805\"><strong>The Dynamics of Personality Change in Young First-time Offenders with Drug Addiction from the Perspective of Forensic Psychology<\/strong><\/a><br \/>PhDr. Miroslav Tamchyna, Ph.D., University of Economics and Management Prague<\/p>\n<p><a href=\"https:\/\/veda.polac.cz\/wp-content\/uploads\/2020\/01\/Dynamika-zm\u011bn-osobnosti-prvov\u011bzn\u011bn\u00fdch-mlad\u00fdch-toxikoman\u016f.pdf\" target=\"_blank\" rel=\"noopener noreferrer\">Download in czech language (pdf format)<\/a><\/p>\n<hr \/>\n<p><a href=\"https:\/\/veda.polac.cz\/?page_id=5807\"><strong>Bridge Makeshift in the System of State Material Reserves<\/strong><\/a><br \/>Mgr. Luk\u00e1\u0161 Harazin, Ph.D., Ing. Mgr. Leona Loufkov\u00e1, Mgr. Old\u0159ich Lu\u017ea<br \/>Police Academy of the Czech Republic in Prague Faculty of Security Management, Department of Crisis Management<\/p>\n<p><a href=\"https:\/\/veda.polac.cz\/wp-content\/uploads\/2020\/01\/Mostn\u00ed-provizoria-v-syst\u00e9mu-st\u00e1tn\u00edch-hmotn\u00fdch-rezerv.pdf\" target=\"_blank\" rel=\"noopener noreferrer\">Download in czech language (pdf format)<\/a><\/p>\n<hr \/>\n<p><a href=\"https:\/\/veda.polac.cz\/?page_id=5809\"><strong>Impacts of Cannabis Legalization on Traffic Accident in Colorado, USA<\/strong><\/a><br \/>kpt. Ing. Tom\u00e1\u0161 Kratina, National Drug Headquarters of the Criminal Police and Investigation Service of the Czech Police, Czech Technical University in Prague, Faculty of Biomedical Engineering<\/p>\n<p><a href=\"https:\/\/veda.polac.cz\/wp-content\/uploads\/2020\/01\/Dopady-legalizace-konop\u00ed-na-dopravn\u00ed-nehodovost-v-Coloradu-USA.pdf\" target=\"_blank\" rel=\"noopener noreferrer\">Download in czech language (pdf format)<\/a><\/p>\n<hr \/>\n<p><a href=\"https:\/\/veda.polac.cz\/?page_id=5811&amp;lang=en\"><strong>Pitfall of Tracing Digital Footprints in Case of Suspected Crime of Unauthorized Access to the Computer System<\/strong><\/a><br \/>Ing. Miroslav \u010cerm\u00e1k, Police Academy of the Czech Republic in Prague,<br \/>postgraduate student<\/p>\n<p><a href=\"https:\/\/veda.polac.cz\/wp-content\/uploads\/2019\/12\/\u00daskal\u00ed-zaji\u0161\u0165ov\u00e1n\u00ed-digit\u00e1ln\u00edch-stop-v-p\u0159\u00edpad\u011b-podez\u0159en\u00ed-na-trestn\u00fd-\u010din-neopr\u00e1vn\u011bn\u00e9ho-p\u0159\u00edstupu-k-po\u010d\u00edta\u010dov\u00e9mu-syst\u00e9mu.pdf\" target=\"_blank\" rel=\"noopener noreferrer\">Download in czech language (pdf format)<\/a><\/p>\n<hr \/>\n<p><strong>Information on RAN EU and PA CR&#8217;s Participation in RAN CZ<\/strong><br \/>doc. Ing. Dr. \u0160tefan Danics, Ph.D., Police Academy of the Czech Republic in Prague, Faculty of Security Management, Department of Security Studies<\/p>\n<p><a href=\"https:\/\/veda.polac.cz\/wp-content\/uploads\/2019\/12\/Informace-o-RAN-EU-a-participaci-PA-\u010cR-na-RAN-CZ.pdf\" target=\"_blank\" rel=\"noopener noreferrer\">Download in czech language (pdf format)<\/a><\/p>\n<hr \/>\n<p>\u00a0<\/p>\n\n\n<p><\/p>\n","protected":false},"excerpt":{"rendered":"<p>Assessing the Danger of \u201cLone Actor Terrorists\u201cdoc. PhDr. Ludmila \u010c\u00edrtkov\u00e1, CSc., dr. h. c.Police Academy of Czech Republic in Prague, Faculty of Security Management, Department of Social Science Download in czech language (pdf format) Organized Crime as a Security Threat in the Context of the Visegrad Countries&#8216; National Security Strategies. The Problem of the Absence [&hellip;]<\/p>\n","protected":false},"author":6,"featured_media":0,"parent":0,"menu_order":0,"comment_status":"closed","ping_status":"closed","template":"","meta":{"footnotes":""},"class_list":["post-5784","page","type-page","status-publish","hentry"],"_links":{"self":[{"href":"https:\/\/veda.polac.cz\/index.php?rest_route=\/wp\/v2\/pages\/5784","targetHints":{"allow":["GET"]}}],"collection":[{"href":"https:\/\/veda.polac.cz\/index.php?rest_route=\/wp\/v2\/pages"}],"about":[{"href":"https:\/\/veda.polac.cz\/index.php?rest_route=\/wp\/v2\/types\/page"}],"author":[{"embeddable":true,"href":"https:\/\/veda.polac.cz\/index.php?rest_route=\/wp\/v2\/users\/6"}],"replies":[{"embeddable":true,"href":"https:\/\/veda.polac.cz\/index.php?rest_route=%2Fwp%2Fv2%2Fcomments&post=5784"}],"version-history":[{"count":7,"href":"https:\/\/veda.polac.cz\/index.php?rest_route=\/wp\/v2\/pages\/5784\/revisions"}],"predecessor-version":[{"id":5990,"href":"https:\/\/veda.polac.cz\/index.php?rest_route=\/wp\/v2\/pages\/5784\/revisions\/5990"}],"wp:attachment":[{"href":"https:\/\/veda.polac.cz\/index.php?rest_route=%2Fwp%2Fv2%2Fmedia&parent=5784"}],"curies":[{"name":"wp","href":"https:\/\/api.w.org\/{rel}","templated":true}]}}