{"id":575,"date":"2018-09-13T17:43:20","date_gmt":"2018-09-13T17:43:20","guid":{"rendered":"http:\/\/veda.polac.cz\/?page_id=575"},"modified":"2020-02-04T14:30:01","modified_gmt":"2020-02-04T14:30:01","slug":"01-2016","status":"publish","type":"page","link":"https:\/\/veda.polac.cz\/?page_id=575","title":{"rendered":"01\/2016"},"content":{"rendered":"<p><a href=\"https:\/\/veda.polac.cz\/?page_id=576\"><strong>V\u00fdznam modu operandi a signatury pachatele p\u0159i vy\u0161et\u0159ov\u00e1n\u00ed sexu\u00e1ln\u00edch vra\u017ed a sexu\u00e1ln\u011b motivovan\u00fdch trestn\u00fdch \u010din\u016f\u00a0<\/strong><\/a><br \/>\nMgr. Bc. Tom\u00e1\u0161 Nahodil, Obvodn\u00ed \u0159editelstv\u00ed policie Praha II, SKPV, OOK<\/p>\n<hr \/>\n<p><a href=\"https:\/\/veda.polac.cz\/?page_id=580\"><strong>Obhajoba obvin\u011bn\u00e9ho v kontextu s pr\u00e1vem na spravedliv\u00fd proces\u00a0<\/strong><\/a><br \/>\ndoc. JUDr. Jan Chmel\u00edk, Ph.D., Z\u00e1pado\u010desk\u00e1 univerzita, Fakulta pr\u00e1vnick\u00e1, katedra trestn\u00edho pr\u00e1va, Plze\u0148<\/p>\n<hr \/>\n<p><a href=\"https:\/\/veda.polac.cz\/?page_id=583\"><strong>Cena omamn\u00fdch l\u00e1tek jako mo\u017en\u00fd indik\u00e1tor \u00fasp\u011b\u0161nosti v\u00e1lky proti drog\u00e1m\u00a0<\/strong><\/a><br \/>\nMgr. Marcela Demkov\u00e1, Centrum mezin\u00e1rodn\u00edch studi\u00ed Jana Masaryka, Vysok\u00e1 \u0161kola ekonomick\u00e1<\/p>\n<hr \/>\n<p><a href=\"https:\/\/veda.polac.cz\/?page_id=585\"><strong>Pr\u00e1vne n\u00e1stroje trestn\u00e9ho pr\u00e1va v boji proti legaliz\u00e1cii pr\u00edjmu z trestnej \u010dinnosti v zmysle historick\u00fdch s\u00favislost\u00ed a s\u00fa\u010dasnej pr\u00e1vnej \u00fapravy v Slovenskej republike\u00a0<\/strong><\/a><br \/>\npplk. JUDr. Veronika Markov\u00e1, PhD., Akad\u00e9mia Policajn\u00e9ho zboru v Bratislave Katedra trestn\u00e9ho pr\u00e1va<\/p>\n<hr \/>\n<p><a href=\"https:\/\/veda.polac.cz\/?page_id=587\"><strong>Kritick\u00e1 infrastruktura v elektroenergetice\u00a0<\/strong><\/a><br \/>\nMgr. Zden\u011bk Hon, Ph.D., Mgr. Pavel B\u00f6hm, Fakulta biomedic\u00ednsk\u00e9ho in\u017een\u00fdrstv\u00ed \u010cVUT v Praze, Katedra zdravotnick\u00fdch obor\u016f a ochrany obyvatelstva<\/p>\n<hr \/>\n<p><a href=\"https:\/\/veda.polac.cz\/?page_id=589\"><strong>CSIRT.CZ &#8211; N\u00e1rodn\u00fd CSIRT t\u00edm \u010ceskej republiky\u00a0<\/strong><\/a><br \/>\nIng. Tom\u00e1\u0161 Kl\u00edma, Bc. Dominika Rezn\u00ed\u010dkov\u00e1 Vysok\u00e1 \u0161kola ekonomick\u00e1, Fakulta informatiky a statistiky<\/p>\n<hr \/>\n<p><a href=\"https:\/\/veda.polac.cz\/?page_id=591\"><strong>O porozum\u011bn\u00ed motivaci writer\u016f coby p\u0159edpokladu efektivn\u00ed prevence sprejerstv\u00ed\u00a0<\/strong><\/a><br \/>\nMgr. Luk\u00e1\u0161 Urban, Ph.D., Fakulta bezpe\u010dnostn\u00edho managementu PA \u010cR v Praze, Katedra spole\u010densk\u00fdch v\u011bd<\/p>\n<hr \/>\n<p><a href=\"https:\/\/veda.polac.cz\/?page_id=593\"><strong>Anal\u00fdza rizikov\u00fdch faktor\u016f z pohledu rozvoje soci\u00e1ln\u00edch deviac\u00ed ml\u00e1de\u017ee\u00a0<\/strong><\/a><br \/>\nMgr. Sabina Doubkov\u00e1, Diagnostick\u00fd \u00fastav a St\u0159edisko v\u00fdchovn\u00e9 p\u00e9\u010de v Praze<\/p>\n<hr \/>\n<p><a href=\"https:\/\/veda.polac.cz\/?page_id=595\"><strong>Cantor-Land model jako teoretick\u00e9 v\u00fdchodisko vztahu mezi kriminalitou a nezam\u011bstnanost\u00ed\u00a0<\/strong><\/a><br \/>\nIng. Stanislav Burian, Ph.D., Fakulta bezpe\u010dnostn\u00edho managementu PA \u010cR v Praze, Katedra managementu a informatiky<br \/>\nIng. Pavel Hrdli\u010dka, Ph.D., Provozn\u011b ekonomick\u00e1 fakulta \u010cZU v Praze Katedra ekonomick\u00fdch teori\u00ed<\/p>\n<hr \/>\n<p><strong>Konference IV. kriminologick\u00e9 dny\u00a0<\/strong><br \/>\nplk. PhDr. JUDr. Jana Firstov\u00e1, Ph.D., Fakulta bezpe\u010dnostn\u011b pr\u00e1vn\u00ed PA \u010cR v Praze, Katedra kriminologie<\/p>\n<hr \/>\n<p><strong>Bezpe\u010dnostn\u00e9 f\u00f3rum 2016 &#8211; konan\u00e9 ve dnech 10. &#8211; 11. \u00fanora 2016 v Bansk\u00e9 Bystrici\u00a0<\/strong><br \/>\ndoc. Ing. Dr. \u0160tefan Danics, Ph.D., Fakulta bezpe\u010dnostn\u00edho managementu PA \u010cR v Praze, Katedra spole\u010densk\u00fdch v\u011bd<\/p>\n<hr \/>\n<p><strong>Aktu\u00e1ln\u00ed dilemata \u010desk\u00e9ho, slovensk\u00e9ho a polsk\u00e9ho v\u011bze\u0148stv\u00ed\u00a0<\/strong><br \/>\nplk. PhDr. JUDr. Jana Firstov\u00e1, Ph.D., Fakulta bezpe\u010dnostn\u011b pr\u00e1vn\u00ed PA \u010cR v Praze, Katedra kriminologie<\/p>\n","protected":false},"excerpt":{"rendered":"<p>V\u00fdznam modu operandi a signatury pachatele p\u0159i vy\u0161et\u0159ov\u00e1n\u00ed sexu\u00e1ln\u00edch vra\u017ed a sexu\u00e1ln\u011b motivovan\u00fdch trestn\u00fdch \u010din\u016f\u00a0 Mgr. Bc. Tom\u00e1\u0161 Nahodil, Obvodn\u00ed \u0159editelstv\u00ed policie Praha II, SKPV, OOK Obhajoba obvin\u011bn\u00e9ho v kontextu s pr\u00e1vem na spravedliv\u00fd proces\u00a0 doc. JUDr. Jan Chmel\u00edk, Ph.D., Z\u00e1pado\u010desk\u00e1 univerzita, Fakulta pr\u00e1vnick\u00e1, katedra trestn\u00edho pr\u00e1va, Plze\u0148 Cena omamn\u00fdch l\u00e1tek jako mo\u017en\u00fd indik\u00e1tor \u00fasp\u011b\u0161nosti [&hellip;]<\/p>\n","protected":false},"author":6,"featured_media":0,"parent":235,"menu_order":4,"comment_status":"closed","ping_status":"closed","template":"","meta":{"footnotes":""},"class_list":["post-575","page","type-page","status-publish","hentry"],"_links":{"self":[{"href":"https:\/\/veda.polac.cz\/index.php?rest_route=\/wp\/v2\/pages\/575","targetHints":{"allow":["GET"]}}],"collection":[{"href":"https:\/\/veda.polac.cz\/index.php?rest_route=\/wp\/v2\/pages"}],"about":[{"href":"https:\/\/veda.polac.cz\/index.php?rest_route=\/wp\/v2\/types\/page"}],"author":[{"embeddable":true,"href":"https:\/\/veda.polac.cz\/index.php?rest_route=\/wp\/v2\/users\/6"}],"replies":[{"embeddable":true,"href":"https:\/\/veda.polac.cz\/index.php?rest_route=%2Fwp%2Fv2%2Fcomments&post=575"}],"version-history":[{"count":5,"href":"https:\/\/veda.polac.cz\/index.php?rest_route=\/wp\/v2\/pages\/575\/revisions"}],"predecessor-version":[{"id":5956,"href":"https:\/\/veda.polac.cz\/index.php?rest_route=\/wp\/v2\/pages\/575\/revisions\/5956"}],"up":[{"embeddable":true,"href":"https:\/\/veda.polac.cz\/index.php?rest_route=\/wp\/v2\/pages\/235"}],"wp:attachment":[{"href":"https:\/\/veda.polac.cz\/index.php?rest_route=%2Fwp%2Fv2%2Fmedia&parent=575"}],"curies":[{"name":"wp","href":"https:\/\/api.w.org\/{rel}","templated":true}]}}