{"id":5718,"date":"2020-01-03T12:51:17","date_gmt":"2020-01-03T12:51:17","guid":{"rendered":"http:\/\/veda.polac.cz\/?page_id=5718"},"modified":"2020-02-04T14:19:43","modified_gmt":"2020-02-04T14:19:43","slug":"03-2019","status":"publish","type":"page","link":"https:\/\/veda.polac.cz\/?page_id=5718","title":{"rendered":"03\/2019"},"content":{"rendered":"<p><a href=\"https:\/\/veda.polac.cz\/?page_id=5722\"><strong>Posuzov\u00e1n\u00ed nebezpe\u010dnosti \u201eosam\u011bl\u00fdch vlk\u016f\u201c<\/strong><\/a><br \/>\ndoc. PhDr. Ludmila \u010c\u00edrtkov\u00e1, CSc., dr. h. c.<br \/>\nPolicejn\u00ed akademie \u010cesk\u00e9 republiky v\u00a0Praze, Fakulta bezpe\u010dnostn\u00edho managementu<br \/>\nkatedra spole\u010densk\u00fdch v\u011bd<\/p>\n<p><a href=\"https:\/\/veda.polac.cz\/wp-content\/uploads\/2020\/01\/Posuzov\u00e1n\u00ed-nebezpe\u010dnosti-\u201eosam\u011bl\u00fdch-vlk\u016f\u201c.pdf\" target=\"_blank\" rel=\"noopener noreferrer\">pdf format<\/a><\/p>\n<hr \/>\n<p><a href=\"https:\/\/veda.polac.cz\/?page_id=5725\"><strong>Organizovan\u00fd zlo\u010din jako bezpe\u010dnostn\u00ed hrozba v\u00a0kontextu n\u00e1rodn\u00edch bezpe\u010dnostn\u00edch strategi\u00ed visegr\u00e1dsk\u00fdch st\u00e1t\u016f. Probl\u00e9m neexistence jednotn\u00e9 definice<\/strong><\/a><br \/>\nPhDr. Jan Pa\u010fourek, Policejn\u00ed akademie \u010cesk\u00e9 republiky v Praze<br \/>\nstudent doktorsk\u00e9ho studia<\/p>\n<p><a href=\"https:\/\/veda.polac.cz\/wp-content\/uploads\/2020\/01\/Organizovan\u00fd-zlo\u010din-jako-bezpe\u010dnostn\u00ed-hrozba-v-kontextu-n\u00e1rodn\u00edch-bezpe\u010dnostn\u00edch-strategi\u00ed-visegr\u00e1dsk\u00fdch-st\u00e1t\u016f.pdf\" target=\"_blank\" rel=\"noopener noreferrer\">pdf format<\/a><\/p>\n<hr \/>\n<p><a href=\"https:\/\/veda.polac.cz\/?page_id=5743\"><strong>Odpov\u011bdnost pr\u00e1vnick\u00fdch osob za trestn\u00e9 \u010diny vs. za p\u0159estupky<\/strong><\/a><strong><br \/>\n<\/strong>doc. JUDr. Roman Svato\u0161, Ph.D., Jiho\u010desk\u00e1 univerzita v \u010cesk\u00fdch Bud\u011bjovic\u00edch<br \/>\nZdravotn\u011b soci\u00e1ln\u00ed fakulta<\/p>\n<p><a href=\"https:\/\/veda.polac.cz\/wp-content\/uploads\/2020\/01\/Odpov\u011bdnost-pr\u00e1vnick\u00fdch-osob-za-trestn\u00e9-\u010diny-vs.-za-p\u0159estupky.pdf\" target=\"_blank\" rel=\"noopener noreferrer\">pdf format<\/a><\/p>\n<hr \/>\n<p><a href=\"https:\/\/veda.polac.cz\/?page_id=5746\"><strong>EUROPOL \u2013 hlavn\u00ed funk\u010dn\u00ed a pr\u00e1vn\u00ed aspekty<\/strong><\/a><br \/>\ndoc. JUDr. Bohumil Pikna, CSc., Metropolitn\u00ed univerzita Praha<\/p>\n<p><a href=\"https:\/\/veda.polac.cz\/wp-content\/uploads\/2020\/01\/EUROPOL-\u2013-hlavn\u00ed-funk\u010dn\u00ed-a-pr\u00e1vn\u00ed-aspekty.pdf\" target=\"_blank\" rel=\"noopener noreferrer\">pdf format<\/a><\/p>\n<hr \/>\n<p><a href=\"https:\/\/veda.polac.cz\/?page_id=5748\"><strong>Kriminalisticko-taktick\u00e1 metoda v\u00fdslechu <\/strong><strong>v souvislosti s vy\u0161et\u0159ov\u00e1n\u00edm trestn\u00e9ho \u010dinu pojistn\u00e9ho podvodu<\/strong><\/a><br \/>\nMgr. Martin Vysko\u010dil, Policejn\u00ed akademie \u010cesk\u00e9 republiky v Praze<br \/>\nstudent doktorsk\u00e9ho studia<\/p>\n<p><a href=\"https:\/\/veda.polac.cz\/wp-content\/uploads\/2020\/01\/Kriminalisticko-taktick\u00e1-metoda-v\u00fdslechu.pdf\" target=\"_blank\" rel=\"noopener noreferrer\">pdf format<\/a><\/p>\n<hr \/>\n<p><strong><a href=\"https:\/\/veda.polac.cz\/?page_id=5751\">\u010ce\u0161t\u00ed senio\u0159i ve v\u00fdkonu trestu odn\u011bt\u00ed svobody \u2013 anal\u00fdza trestn\u00edch spis\u016f<\/a><br \/>\n<\/strong>Mgr. Eva Biedermanov\u00e1, Institut pro kriminologii a soci\u00e1ln\u00ed prevenci<\/p>\n<p><a href=\"https:\/\/veda.polac.cz\/wp-content\/uploads\/2020\/01\/\u010ce\u0161t\u00ed-senio\u0159i-ve-v\u00fdkonu-trestu-odn\u011bt\u00ed-svobody-\u2013-anal\u00fdza-trestn\u00edch-spis\u016f.pdf\" target=\"_blank\" rel=\"noopener noreferrer\">pdf format<\/a><\/p>\n<hr \/>\n<p><a href=\"https:\/\/veda.polac.cz\/?page_id=5753\"><strong>Dynamika zm\u011bn osobnosti prvov\u011bzn\u011bn\u00fdch mlad\u00fdch toxikoman\u016f <\/strong><strong>z pohledu forenzn\u00ed psychologie<\/strong><\/a><br \/>\nPhDr. Miroslav Tamchyna, Ph.D., Policejn\u00ed akademie \u010cesk\u00e9 republiky v Praze<\/p>\n<p><a href=\"https:\/\/veda.polac.cz\/wp-content\/uploads\/2020\/01\/Dynamika-zm\u011bn-osobnosti-prvov\u011bzn\u011bn\u00fdch-mlad\u00fdch-toxikoman\u016f.pdf\" target=\"_blank\" rel=\"noopener noreferrer\">pdf format<\/a><\/p>\n<hr \/>\n<p><a href=\"https:\/\/veda.polac.cz\/?page_id=5755\"><strong>Mostn\u00ed provizoria v\u00a0syst\u00e9mu st\u00e1tn\u00edch hmotn\u00fdch rezerv<\/strong><\/a><br \/>\nMgr. Luk\u00e1\u0161 Harazin, Ph.D., Ing. Mgr. Leona Loufkov\u00e1, Mgr. Old\u0159ich Lu\u017ea<br \/>\nPolicejn\u00ed akademie \u010cesk\u00e9 republiky v\u00a0Praze,<br \/>\nFakulta bezpe\u010dnostn\u00edho managementu, katedra krizov\u00e9ho \u0159\u00edzen\u00ed<\/p>\n<p><a href=\"https:\/\/veda.polac.cz\/wp-content\/uploads\/2020\/01\/Mostn\u00ed-provizoria-v-syst\u00e9mu-st\u00e1tn\u00edch-hmotn\u00fdch-rezerv.pdf\" target=\"_blank\" rel=\"noopener noreferrer\">pdf format<\/a><\/p>\n<hr \/>\n<p><a href=\"https:\/\/veda.polac.cz\/?page_id=5757\"><strong>Dopady legalizace konop\u00ed na dopravn\u00ed nehodovost v\u00a0Coloradu, USA<\/strong><\/a><br \/>\nkpt. Ing. Tom\u00e1\u0161 Kratina, N\u00e1rodn\u00ed protidrogov\u00e1 centr\u00e1la,<br \/>\nSlu\u017eba krimin\u00e1ln\u00ed policie a vy\u0161et\u0159ov\u00e1n\u00ed P \u010cR, \u010cesk\u00e9 vysok\u00e9 u\u010den\u00ed technick\u00e9 v\u00a0Praze, Fakulta biomedic\u00ednsk\u00e9ho in\u017een\u00fdrstv\u00ed<\/p>\n<p><a href=\"https:\/\/veda.polac.cz\/wp-content\/uploads\/2020\/01\/Dopady-legalizace-konop\u00ed-na-dopravn\u00ed-nehodovost-v-Coloradu-USA.pdf\" target=\"_blank\" rel=\"noopener noreferrer\">pdf format<\/a><\/p>\n<hr \/>\n<p><a href=\"https:\/\/veda.polac.cz\/?page_id=5759\"><strong>\u00daskal\u00ed zaji\u0161\u0165ov\u00e1n\u00ed digit\u00e1ln\u00edch stop v\u00a0p\u0159\u00edpad\u011b podez\u0159en\u00ed na trestn\u00fd \u010din neopr\u00e1vn\u011bn\u00e9ho p\u0159\u00edstupu k\u00a0po\u010d\u00edta\u010dov\u00e9mu syst\u00e9mu<\/strong><\/a><strong><br \/>\n<\/strong>Ing. Miroslav \u010cerm\u00e1k, Policejn\u00ed akademie \u010cesk\u00e9 republiky v Praze<br \/>\nstudent doktorsk\u00e9ho studia<\/p>\n<p><a href=\"https:\/\/veda.polac.cz\/wp-content\/uploads\/2020\/01\/\u00daskal\u00ed-zaji\u0161\u0165ov\u00e1n\u00ed-digit\u00e1ln\u00edch-stop-v-p\u0159\u00edpad\u011b-podez\u0159en\u00ed-na-trestn\u00fd-\u010din-neopr\u00e1vn\u011bn\u00e9ho-p\u0159\u00edstupu-k-po\u010d\u00edta\u010dov\u00e9mu-syst\u00e9mu.pdf\" target=\"_blank\" rel=\"noopener noreferrer\">pdf format<\/a><\/p>\n<hr \/>\n<p><strong>Informace o RAN EU a participaci PA \u010cR na RAN CZ<br \/>\n<\/strong>doc. Ing. Dr. \u0160tefan Danics, Ph.D.<br \/>\nPolicejn\u00ed akademie \u010cesk\u00e9 republiky v Praze<br \/>\nFakulta bezpe\u010dnostn\u00edho managementu, katedra bezpe\u010dnostn\u00edch studi\u00ed<\/p>\n<p><a href=\"https:\/\/veda.polac.cz\/wp-content\/uploads\/2019\/12\/Informace-o-RAN-EU-a-participaci-PA-\u010cR-na-RAN-CZ.pdf\" target=\"_blank\" rel=\"noopener noreferrer\">pdf format<\/a><\/p>\n","protected":false},"excerpt":{"rendered":"<p>Posuzov\u00e1n\u00ed nebezpe\u010dnosti \u201eosam\u011bl\u00fdch vlk\u016f\u201c doc. PhDr. Ludmila \u010c\u00edrtkov\u00e1, CSc., dr. h. c. Policejn\u00ed akademie \u010cesk\u00e9 republiky v\u00a0Praze, Fakulta bezpe\u010dnostn\u00edho managementu katedra spole\u010densk\u00fdch v\u011bd pdf format Organizovan\u00fd zlo\u010din jako bezpe\u010dnostn\u00ed hrozba v\u00a0kontextu n\u00e1rodn\u00edch bezpe\u010dnostn\u00edch strategi\u00ed visegr\u00e1dsk\u00fdch st\u00e1t\u016f. Probl\u00e9m neexistence jednotn\u00e9 definice PhDr. Jan Pa\u010fourek, Policejn\u00ed akademie \u010cesk\u00e9 republiky v Praze student doktorsk\u00e9ho studia pdf format Odpov\u011bdnost [&hellip;]<\/p>\n","protected":false},"author":6,"featured_media":0,"parent":0,"menu_order":0,"comment_status":"closed","ping_status":"closed","template":"","meta":{"footnotes":""},"class_list":["post-5718","page","type-page","status-publish","hentry"],"_links":{"self":[{"href":"https:\/\/veda.polac.cz\/index.php?rest_route=\/wp\/v2\/pages\/5718","targetHints":{"allow":["GET"]}}],"collection":[{"href":"https:\/\/veda.polac.cz\/index.php?rest_route=\/wp\/v2\/pages"}],"about":[{"href":"https:\/\/veda.polac.cz\/index.php?rest_route=\/wp\/v2\/types\/page"}],"author":[{"embeddable":true,"href":"https:\/\/veda.polac.cz\/index.php?rest_route=\/wp\/v2\/users\/6"}],"replies":[{"embeddable":true,"href":"https:\/\/veda.polac.cz\/index.php?rest_route=%2Fwp%2Fv2%2Fcomments&post=5718"}],"version-history":[{"count":9,"href":"https:\/\/veda.polac.cz\/index.php?rest_route=\/wp\/v2\/pages\/5718\/revisions"}],"predecessor-version":[{"id":5939,"href":"https:\/\/veda.polac.cz\/index.php?rest_route=\/wp\/v2\/pages\/5718\/revisions\/5939"}],"wp:attachment":[{"href":"https:\/\/veda.polac.cz\/index.php?rest_route=%2Fwp%2Fv2%2Fmedia&parent=5718"}],"curies":[{"name":"wp","href":"https:\/\/api.w.org\/{rel}","templated":true}]}}