{"id":5648,"date":"2019-12-11T13:36:11","date_gmt":"2019-12-11T13:36:11","guid":{"rendered":"http:\/\/veda.polac.cz\/?page_id=5648"},"modified":"2019-12-18T11:33:08","modified_gmt":"2019-12-18T11:33:08","slug":"01-2019-2","status":"publish","type":"page","link":"https:\/\/veda.polac.cz\/?page_id=5648&lang=en","title":{"rendered":"01\/2019"},"content":{"rendered":"<p><a href=\"https:\/\/veda.polac.cz\/?page_id=5670\"><strong>The Right to Security in the Case Law of the Court of Justice of the European Union<\/strong><\/a><br \/>\ndoc. Dr. iur. Harald Christian Scheu, Mag. phil., Ph.D.<br \/>\nCharles University Faculty of Law<\/p>\n<p><a href=\"https:\/\/veda.polac.cz\/wp-content\/uploads\/2019\/10\/Pr%C3%A1vo-na-bezpe%C4%8Dnost-v-judikatu%C5%99e-Soudn%C3%ADho-dvora-Evropsk%C3%A9-unie.pdf\" target=\"_blank\" rel=\"noopener noreferrer\">Download in czech language (pdf format)<\/a><\/p>\n<hr \/>\n<p><a href=\"https:\/\/veda.polac.cz\/?page_id=5674&amp;lang=en(otev\u0159e se na nov\u00e9 z\u00e1lo\u017ece)\" data-wplink-url-error=\"true\"><strong>Current (Controversial) Procedural Issues Relating to the Offences of Members of Security Forces<\/strong><\/a><br \/>\ndoc. JUDr. et PhDr. Zden\u011bk Fiala, Ph.D., Police Academy of Czech Republic in Prague, Faculty of Security Management, Department of Public Administration<\/p>\n<p><a href=\"https:\/\/veda.polac.cz\/wp-content\/uploads\/2019\/10\/Aktu%C3%A1ln%C3%AD-sporn%C3%A9-procesn%C4%9B-pr%C3%A1vn%C3%AD-ot%C3%A1zky-%C5%99%C3%ADzen%C3%AD-o-p%C5%99estupc%C3%ADch-p%C5%99%C3%ADslu%C5%A1n%C3%ADk%C5%AF.pdf\" target=\"_blank\" rel=\"noopener noreferrer\">Download in czech language (pdf format)<\/a><\/p>\n<hr \/>\n<p><a href=\"https:\/\/veda.polac.cz\/?page_id=5684&amp;lang=en\"><strong>Historical Perspective of Criminal Liability of Officials Executing Police Powers<\/strong><\/a><br \/>\npplk. Mgr. Bc. Kate\u0159ina Hlav\u00e1\u010dov\u00e1, LL.M., Police Presidium of the Czech Republic, Department of Internal Control<br \/>\nplk. Mgr. et Mgr. Miroslav \u0160teinbach, Police Presidium of the Czech Republic, Head of Analytical and Legislative Department<\/p>\n<p><a href=\"https:\/\/veda.polac.cz\/wp-content\/uploads\/2019\/10\/Historick%C3%BD-pohled-na-trestn%C4%9Bpr%C3%A1vn%C3%AD-odpov%C4%9Bdnost-osob-vykon%C3%A1vaj%C3%ADc%C3%ADch-policejn%C3%AD-pravomoc.pdf\" target=\"_blank\" rel=\"noopener noreferrer\">Download in czech language (pdf format)<\/a><\/p>\n<hr \/>\n<p><a href=\"https:\/\/veda.polac.cz\/?page_id=5687&amp;lang=en\"><strong>How Psychological Biases Affect Intelligence Analysis<\/strong><\/a><br \/>\nAlp Cenk Arslan, Turkish National Police Academy<br \/>\nGraduate Student of Intelligence Studies<\/p>\n<p><a href=\"https:\/\/veda.polac.cz\/wp-content\/uploads\/2019\/10\/How-Psychological-Biases-Affect-Intelligence-Analysis.pdf\" target=\"_blank\" rel=\"noopener noreferrer\">Download\u00a0 (pdf format)<\/a><\/p>\n<hr \/>\n<p><a href=\"https:\/\/veda.polac.cz\/?page_id=5691&amp;lang=en\"><strong>Criminal Law Definition of Insurance Fraud<\/strong><\/a><br \/>\nMgr. Martin Vysko\u010dil, Police Academy of Czech Republic in Prague, PhD. student<\/p>\n<p><a href=\"https:\/\/veda.polac.cz\/wp-content\/uploads\/2019\/10\/Trestn%C4%9Bpr%C3%A1vn%C3%AD-vymezen%C3%AD-trestn%C3%A9ho-%C4%8Dinu-pojistn%C3%A9ho-podvodu.pdf\" target=\"_blank\" rel=\"noopener noreferrer\">Download in czech language (pdf format)<\/a><\/p>\n<hr \/>\n<p><a href=\"https:\/\/veda.polac.cz\/?page_id=5693&amp;lang=en(otev\u0159e se na nov\u00e9 z\u00e1lo\u017ece)\" data-wplink-url-error=\"true\"><strong>Legal Aspects of Communication in the Proceedings in Matters of Members of Security Forces<\/strong><\/a><br \/>\ndoc. JUDr. et PhDr. Zden\u011bk Fiala, Ph.D., Police Academy of Czech Republic in Prague, Faculty of Security Management, Department of Public Administration<\/p>\n<p><a href=\"https:\/\/veda.polac.cz\/wp-content\/uploads\/2019\/10\/Pr%C3%A1vn%C3%AD-aspekty-komunikace-v-r%C3%A1mci-%C5%99%C3%ADzen%C3%AD-ve-v%C4%9Bcech-slu%C5%BEebn%C3%ADho-pom%C4%9Bru.pdf\" target=\"_blank\" rel=\"noopener noreferrer\">Download in czech language (pdf format)<\/a><\/p>\n<hr \/>\n<p><a href=\"https:\/\/veda.polac.cz\/?page_id=5696&amp;lang=en\"><strong>The Influence of Critical Thinking on Business Management<\/strong><\/a><br \/>\nIng. Ond\u0159ej Bos, Ph.D., Police Academy of Czech Republic in Prague, Faculty of Security Management, Department of Crisis Management<\/p>\n<p><a href=\"https:\/\/veda.polac.cz\/wp-content\/uploads\/2019\/10\/Vliv-kritick%C3%A9ho-my%C5%A1len%C3%AD-na-%C5%99%C3%ADzen%C3%AD-%C4%8Dinnost%C3%AD.pdf\" target=\"_blank\" rel=\"noopener noreferrer\">Download in czech language (pdf format)<\/a><\/p>\n<hr \/>\n<p><a href=\"https:\/\/veda.polac.cz\/?page_id=5699&amp;lang=en\"><strong>Criminalistic Expertise and Cooperation of a Police Officer with an Expert in the Crime of Insurance Fraud<\/strong><\/a><br \/>\nMgr. Martin Vysko\u010dil, Police Academy of Czech Republic in Prague, PhD. student<\/p>\n<p><a href=\"https:\/\/veda.polac.cz\/wp-content\/uploads\/2019\/10\/Kriminalistick%C3%A1-expertiza-a-spolupr%C3%A1ce-policisty-se-znalcem-u-trestn%C3%A9ho-%C4%8Dinu-pojistn%C3%A9ho-podvodu.pdf\" target=\"_blank\" rel=\"noopener noreferrer\">Download in czech language (pdf format)<\/a><\/p>\n<hr \/>\n<p><a href=\"https:\/\/veda.polac.cz\/?page_id=5701&amp;lang=en\"><strong>Psychological and Ethical Issues of the Commander in the Integrated Rescue System<\/strong><\/a><br \/>\nplk. Ing. Old\u0159ich Volf, Ph.D., Fire Rescue Service of the Karlovy Vary Region<br \/>\nPhDr. et Mgr. Barbora P\u00e1nkov\u00e1, Institute of Humanities, NEWTON College, Prague, Czech Republic<br \/>\nMgr. Tibor A. Bre\u010dka, MBA, Institute of Humanities, NEWTON College, Prague, Czech Republic<br \/>\nIng. Eva Koz\u00e1kov\u00e1, University of Defense, Brno, Faculty of Military Leadership<\/p>\n<p><a href=\"https:\/\/veda.polac.cz\/wp-content\/uploads\/2019\/10\/Psychologicko-etick\u00e9-roviny-role-velitele-slo\u017eky-integrovan\u00e9ho-z\u00e1chrann\u00e9ho-syst\u00e9mu.pdf\" target=\"_blank\" rel=\"noopener noreferrer\">Download in czech language (pdf format)<\/a><\/p>\n<hr \/>\n<p><a href=\"https:\/\/veda.polac.cz\/?page_id=1985&amp;lang=en\">Back<\/a><\/p>\n","protected":false},"excerpt":{"rendered":"<p>The Right to Security in the Case Law of the Court of Justice of the European Union doc. Dr. iur. Harald Christian Scheu, Mag. phil., Ph.D. Charles University Faculty of Law Download in czech language (pdf format) Current (Controversial) Procedural Issues Relating to the Offences of Members of Security Forces doc. JUDr. et PhDr. Zden\u011bk [&hellip;]<\/p>\n","protected":false},"author":6,"featured_media":0,"parent":0,"menu_order":0,"comment_status":"closed","ping_status":"closed","template":"","meta":{"footnotes":""},"class_list":["post-5648","page","type-page","status-publish","hentry"],"_links":{"self":[{"href":"https:\/\/veda.polac.cz\/index.php?rest_route=\/wp\/v2\/pages\/5648","targetHints":{"allow":["GET"]}}],"collection":[{"href":"https:\/\/veda.polac.cz\/index.php?rest_route=\/wp\/v2\/pages"}],"about":[{"href":"https:\/\/veda.polac.cz\/index.php?rest_route=\/wp\/v2\/types\/page"}],"author":[{"embeddable":true,"href":"https:\/\/veda.polac.cz\/index.php?rest_route=\/wp\/v2\/users\/6"}],"replies":[{"embeddable":true,"href":"https:\/\/veda.polac.cz\/index.php?rest_route=%2Fwp%2Fv2%2Fcomments&post=5648"}],"version-history":[{"count":10,"href":"https:\/\/veda.polac.cz\/index.php?rest_route=\/wp\/v2\/pages\/5648\/revisions"}],"predecessor-version":[{"id":5704,"href":"https:\/\/veda.polac.cz\/index.php?rest_route=\/wp\/v2\/pages\/5648\/revisions\/5704"}],"wp:attachment":[{"href":"https:\/\/veda.polac.cz\/index.php?rest_route=%2Fwp%2Fv2%2Fmedia&parent=5648"}],"curies":[{"name":"wp","href":"https:\/\/api.w.org\/{rel}","templated":true}]}}