{"id":562,"date":"2018-09-13T17:37:26","date_gmt":"2018-09-13T17:37:26","guid":{"rendered":"http:\/\/veda.polac.cz\/?page_id=562"},"modified":"2018-10-27T18:52:47","modified_gmt":"2018-10-27T18:52:47","slug":"8-2","status":"publish","type":"page","link":"https:\/\/veda.polac.cz\/?page_id=562","title":{"rendered":""},"content":{"rendered":"<p style=\"text-align: center;\">Resum\u00e9 \u010dl\u00e1nku<\/p>\n<p><strong>Dokumentace organizovan\u00e9ho zlo\u010dinu v oblasti pravicov\u011b orientovan\u00e9 extremistick\u00e9 sc\u00e9ny<\/strong><br \/>\n<i>pplk. Mgr. Jan \u010c\u00e1p, doktorand PA \u010cR v Praze, rada &#8211; Koordin\u00e1tor trestn\u00edho \u0159\u00edzen\u00ed, \u00daOOZ SKPV Policie \u010cR<\/p>\n<p><\/i>Dokumentace extremismu a radikalismu v \u010cesk\u00e9 republice vy\u017eaduje inovativn\u00ed p\u0159\u00edstupy tak, aby doch\u00e1zelo k odhalen\u00ed t\u00e9to trestn\u00e9 \u010dinnosti a \u0159\u00e1dn\u00e9 dokumentaci, je\u017e obstoj\u00ed v pr\u016fb\u011bhu soudn\u00edho projedn\u00e1n\u00ed.<br \/>\nNa z\u00e1klad\u011b v\u00fdzkumu byly pojmenov\u00e1ny probl\u00e9my a nedostatky s n\u00e1vrhem na zp\u016fsob \u0159e\u0161en\u00ed v r\u00e1mci dokumentace trestn\u00e9 \u010dinnosti na \u00faseku extremistick\u00fdch projev\u016f.<br \/>\nBl\u00ed\u017ee je pouk\u00e1z\u00e1no na nedostatky ve v\u00fdslechov\u00e9 \u010dinnosti, je\u017e nad\u00e1le z\u016fst\u00e1v\u00e1 jedn\u00edm z nej\u010dast\u011bji pou\u017e\u00edvan\u00fdch prost\u0159edk\u016f k z\u00edsk\u00e1n\u00ed d\u016fkazu.<br \/>\n<strong>Kl\u00ed\u010dov\u00e1 slova:<\/strong>\u00a0extremismus, dokumentace trestn\u00e9 \u010dinnosti, znalci a tlumo\u010dn\u00edci, operativn\u011b p\u00e1trac\u00ed \u010dinnost, dokazov\u00e1n\u00ed, v\u00fdslech.<\/p>\n<p><a href=\"https:\/\/veda.polac.cz\/?page_id=533\">02\/2016<\/a><\/p>\n","protected":false},"excerpt":{"rendered":"<p>Resum\u00e9 \u010dl\u00e1nku Dokumentace organizovan\u00e9ho zlo\u010dinu v oblasti pravicov\u011b orientovan\u00e9 extremistick\u00e9 sc\u00e9ny pplk. Mgr. Jan \u010c\u00e1p, doktorand PA \u010cR v Praze, rada &#8211; Koordin\u00e1tor trestn\u00edho \u0159\u00edzen\u00ed, \u00daOOZ SKPV Policie \u010cR Dokumentace extremismu a radikalismu v \u010cesk\u00e9 republice vy\u017eaduje inovativn\u00ed p\u0159\u00edstupy tak, aby doch\u00e1zelo k odhalen\u00ed t\u00e9to trestn\u00e9 \u010dinnosti a \u0159\u00e1dn\u00e9 dokumentaci, je\u017e obstoj\u00ed v pr\u016fb\u011bhu soudn\u00edho [&hellip;]<\/p>\n","protected":false},"author":2,"featured_media":0,"parent":533,"menu_order":8,"comment_status":"closed","ping_status":"closed","template":"","meta":{"footnotes":""},"class_list":["post-562","page","type-page","status-publish","hentry"],"_links":{"self":[{"href":"https:\/\/veda.polac.cz\/index.php?rest_route=\/wp\/v2\/pages\/562","targetHints":{"allow":["GET"]}}],"collection":[{"href":"https:\/\/veda.polac.cz\/index.php?rest_route=\/wp\/v2\/pages"}],"about":[{"href":"https:\/\/veda.polac.cz\/index.php?rest_route=\/wp\/v2\/types\/page"}],"author":[{"embeddable":true,"href":"https:\/\/veda.polac.cz\/index.php?rest_route=\/wp\/v2\/users\/2"}],"replies":[{"embeddable":true,"href":"https:\/\/veda.polac.cz\/index.php?rest_route=%2Fwp%2Fv2%2Fcomments&post=562"}],"version-history":[{"count":2,"href":"https:\/\/veda.polac.cz\/index.php?rest_route=\/wp\/v2\/pages\/562\/revisions"}],"predecessor-version":[{"id":569,"href":"https:\/\/veda.polac.cz\/index.php?rest_route=\/wp\/v2\/pages\/562\/revisions\/569"}],"up":[{"embeddable":true,"href":"https:\/\/veda.polac.cz\/index.php?rest_route=\/wp\/v2\/pages\/533"}],"wp:attachment":[{"href":"https:\/\/veda.polac.cz\/index.php?rest_route=%2Fwp%2Fv2%2Fmedia&parent=562"}],"curies":[{"name":"wp","href":"https:\/\/api.w.org\/{rel}","templated":true}]}}