{"id":559,"date":"2018-09-13T17:36:08","date_gmt":"2018-09-13T17:36:08","guid":{"rendered":"http:\/\/veda.polac.cz\/?page_id=559"},"modified":"2018-10-27T18:52:47","modified_gmt":"2018-10-27T18:52:47","slug":"7-2","status":"publish","type":"page","link":"https:\/\/veda.polac.cz\/?page_id=559","title":{"rendered":""},"content":{"rendered":"<p style=\"text-align: center;\">Resum\u00e9 \u010dl\u00e1nku<\/p>\n<p><strong>CASSANDRA &#8211; robotick\u00fd syst\u00e9m pro vzd\u00e1len\u00fd pr\u016fzkum a monitorov\u00e1n\u00ed v bezpe\u010dnostn\u00edch aplikac\u00edch<\/strong><br \/>\n<i>doc. Ing. Lud\u011bk \u017dalud, Ph.D., Ing. Franti\u0161ek Burian, Ph.D., Ing. Tom\u00e1\u0161 J\u00edlek, Ph.D., Ing. Petra Kocmanov\u00e1, Ph.D., Ing. Luk\u00e1\u0161 Kope\u010dn\u00fd, Ph.D., Vysok\u00e9 u\u010den\u00ed technick\u00e9 v Brn\u011b<\/p>\n<p><\/i>\u010cl\u00e1nek pojedn\u00e1v\u00e1 o pr\u016fzkumn\u00e9m robotick\u00e9m syst\u00e9mu CASSANDRA, kter\u00fd je vyv\u00edjen spole\u010dn\u011b na Vysok\u00e9m u\u010den\u00ed technick\u00e9m v Brn\u011b a ve firm\u011b LTR s.r.o. Jde o multi-robotick\u00fd jedno-oper\u00e1torov\u00fd syst\u00e9m, kter\u00fd obsahuje v\u011bt\u0161\u00ed a men\u0161\u00ed pr\u016fzkumn\u00e9 roboty, mapovac\u00ed robot a letov\u00e9 robotick\u00e9 prost\u0159edky. Roboty mohou b\u00fdt ovl\u00e1d\u00e1ny oper\u00e1torem pomoc\u00ed tzv. vizu\u00e1ln\u00ed teleprezence, maj\u00ed v\u0161ak i autonomn\u00ed funkce.<br \/>\n<strong>Kl\u00ed\u010dov\u00e1 slova:<\/strong>\u00a0mobiln\u00ed robot, vzd\u00e1len\u00fd pr\u016fzkum, radiace, teleprezence.<\/p>\n<p><a href=\"https:\/\/veda.polac.cz\/?page_id=533\">02\/2016<\/a><\/p>\n","protected":false},"excerpt":{"rendered":"<p>Resum\u00e9 \u010dl\u00e1nku CASSANDRA &#8211; robotick\u00fd syst\u00e9m pro vzd\u00e1len\u00fd pr\u016fzkum a monitorov\u00e1n\u00ed v bezpe\u010dnostn\u00edch aplikac\u00edch doc. Ing. Lud\u011bk \u017dalud, Ph.D., Ing. Franti\u0161ek Burian, Ph.D., Ing. Tom\u00e1\u0161 J\u00edlek, Ph.D., Ing. Petra Kocmanov\u00e1, Ph.D., Ing. Luk\u00e1\u0161 Kope\u010dn\u00fd, Ph.D., Vysok\u00e9 u\u010den\u00ed technick\u00e9 v Brn\u011b \u010cl\u00e1nek pojedn\u00e1v\u00e1 o pr\u016fzkumn\u00e9m robotick\u00e9m syst\u00e9mu CASSANDRA, kter\u00fd je vyv\u00edjen spole\u010dn\u011b na Vysok\u00e9m u\u010den\u00ed technick\u00e9m [&hellip;]<\/p>\n","protected":false},"author":2,"featured_media":0,"parent":533,"menu_order":7,"comment_status":"closed","ping_status":"closed","template":"","meta":{"footnotes":""},"class_list":["post-559","page","type-page","status-publish","hentry"],"_links":{"self":[{"href":"https:\/\/veda.polac.cz\/index.php?rest_route=\/wp\/v2\/pages\/559","targetHints":{"allow":["GET"]}}],"collection":[{"href":"https:\/\/veda.polac.cz\/index.php?rest_route=\/wp\/v2\/pages"}],"about":[{"href":"https:\/\/veda.polac.cz\/index.php?rest_route=\/wp\/v2\/types\/page"}],"author":[{"embeddable":true,"href":"https:\/\/veda.polac.cz\/index.php?rest_route=\/wp\/v2\/users\/2"}],"replies":[{"embeddable":true,"href":"https:\/\/veda.polac.cz\/index.php?rest_route=%2Fwp%2Fv2%2Fcomments&post=559"}],"version-history":[{"count":2,"href":"https:\/\/veda.polac.cz\/index.php?rest_route=\/wp\/v2\/pages\/559\/revisions"}],"predecessor-version":[{"id":568,"href":"https:\/\/veda.polac.cz\/index.php?rest_route=\/wp\/v2\/pages\/559\/revisions\/568"}],"up":[{"embeddable":true,"href":"https:\/\/veda.polac.cz\/index.php?rest_route=\/wp\/v2\/pages\/533"}],"wp:attachment":[{"href":"https:\/\/veda.polac.cz\/index.php?rest_route=%2Fwp%2Fv2%2Fmedia&parent=559"}],"curies":[{"name":"wp","href":"https:\/\/api.w.org\/{rel}","templated":true}]}}