{"id":5567,"date":"2019-11-25T13:15:10","date_gmt":"2019-11-25T13:15:10","guid":{"rendered":"http:\/\/veda.polac.cz\/?page_id=5567"},"modified":"2019-11-25T13:15:10","modified_gmt":"2019-11-25T13:15:10","slug":"5567-2","status":"publish","type":"page","link":"https:\/\/veda.polac.cz\/?page_id=5567","title":{"rendered":"<!--02\/19 Metodika vy\u0161et\u0159ov\u00e1n\u00ed trestn\u00e9ho \u010dinu pojistn\u00e9ho podvodu v oblasti poji\u0161t\u011bn\u00ed motorov\u00fdch vozidel-->"},"content":{"rendered":"\n<p style=\"text-align:center\">Resum\u00e9 \u010dl\u00e1nku<\/p>\n\n\n\n<p><strong>Metodika vy\u0161et\u0159ov\u00e1n\u00ed trestn\u00e9ho \u010dinu pojistn\u00e9ho podvodu v\u00a0oblasti poji\u0161t\u011bn\u00ed motorov\u00fdch vozidel<\/strong><\/p>\n\n\n\n<p><em>Mgr. Martin Vysko\u010dilPolicejn\u00ed akademie \u010cesk\u00e9 republiky v Prazestudent doktorsk\u00e9ho studia<\/em><\/p>\n\n\n\n<p>V\u00a0p\u0159edkl\u00e1dan\u00e9m p\u0159\u00edsp\u011bvku, z oboru kriminalistiky, se autor zam\u011b\u0159il na shrnut\u00ed aktu\u00e1ln\u00edch poznatk\u016f k\u00a0metodice vy\u0161et\u0159ov\u00e1n\u00ed pojistn\u00fdch podvod\u016f v\u00a0oblasti poji\u0161t\u011bn\u00ed motorov\u00fdch vozidel a jej\u00ed aktualizaci vych\u00e1zej\u00edc\u00ed z\u00a0poznatk\u016f z\u00edskan\u00fdch studiem trestn\u00edch spis\u016f a vlastn\u00ed praxe.<br>Prvn\u00ed \u010d\u00e1st je zam\u011b\u0159ena na metodiku vy\u0161et\u0159ov\u00e1n\u00ed jednotliv\u00fdch druh\u016f trestn\u00fdch \u010din\u016f v obecn\u00e9 rovin\u011b, kde autor p\u0159ehledn\u011b vymezuje pojem metodiky vy\u0161et\u0159ov\u00e1n\u00ed jednotliv\u00fdch druh\u016f trestn\u00fdch \u010din\u016f, jej\u00ed funkce, strukturu a z\u00e1sady jej\u00ed tvorby a aplikace.<br>Druh\u00e1 \u010d\u00e1st p\u0159\u00edsp\u011bvku je \u00fazce zam\u011b\u0159ena na metodiku vy\u0161et\u0159ov\u00e1n\u00ed pojistn\u00fdch podvod\u016f. V textu je uveden popis kriminalistick\u00fdch charakteristik, typick\u00fdch stop a\u00a0typick\u00fdch vy\u0161et\u0159ovac\u00edch situac\u00ed, kter\u00fd vznikl na z\u00e1klad\u011b pozn\u00e1n\u00ed zp\u016fsobu p\u00e1ch\u00e1n\u00ed pojistn\u00fdch podvod\u016f v\u00a0oblasti motorov\u00fdch vozidel, jejich projevu ve stop\u00e1ch a\u00a0zvl\u00e1\u0161tnosti vzniku, vyhled\u00e1v\u00e1n\u00ed a zaji\u0161\u0165ov\u00e1n\u00ed stop.<br>T\u0159et\u00ed \u010d\u00e1st je v\u011bnov\u00e1na vybran\u00e9mu druhu modu operandi ve vztahu k\u00a0pojistn\u00fdm podvod\u016fm autoopravc\u016f. V\u00a0r\u00e1mci uveden\u00e9ho je prezentov\u00e1n i vybran\u00fd p\u0159\u00edklad kazuistiky a n\u00e1vrh metodiky vy\u0161et\u0159ov\u00e1n\u00ed.<\/p>\n\n\n\n<p><strong>Kl\u00ed\u010dov\u00e1 slova: <\/strong>pojistn\u00fd podvod, kriminalistika, metodika, vy\u0161et\u0159ov\u00e1n\u00ed, trestn\u00fd \u010din, poji\u0161t\u011bn\u00ed motorov\u00fdch vozidel.<\/p>\n\n\n\n<hr color=\"#9D9D9D\">\n\n\n\n<p><a href=\"https:\/\/veda.polac.cz\/?page_id=5510\">Zp\u011bt<\/a><\/p>\n","protected":false},"excerpt":{"rendered":"<p>Resum\u00e9 \u010dl\u00e1nku Metodika vy\u0161et\u0159ov\u00e1n\u00ed trestn\u00e9ho \u010dinu pojistn\u00e9ho podvodu v\u00a0oblasti poji\u0161t\u011bn\u00ed motorov\u00fdch vozidel Mgr. Martin Vysko\u010dilPolicejn\u00ed akademie \u010cesk\u00e9 republiky v Prazestudent doktorsk\u00e9ho studia V\u00a0p\u0159edkl\u00e1dan\u00e9m p\u0159\u00edsp\u011bvku, z oboru kriminalistiky, se autor zam\u011b\u0159il na shrnut\u00ed aktu\u00e1ln\u00edch poznatk\u016f k\u00a0metodice vy\u0161et\u0159ov\u00e1n\u00ed pojistn\u00fdch podvod\u016f v\u00a0oblasti poji\u0161t\u011bn\u00ed motorov\u00fdch vozidel a jej\u00ed aktualizaci vych\u00e1zej\u00edc\u00ed z\u00a0poznatk\u016f z\u00edskan\u00fdch studiem trestn\u00edch spis\u016f a vlastn\u00ed praxe.Prvn\u00ed \u010d\u00e1st [&hellip;]<\/p>\n","protected":false},"author":6,"featured_media":0,"parent":0,"menu_order":0,"comment_status":"closed","ping_status":"closed","template":"","meta":{"footnotes":""},"class_list":["post-5567","page","type-page","status-publish","hentry"],"_links":{"self":[{"href":"https:\/\/veda.polac.cz\/index.php?rest_route=\/wp\/v2\/pages\/5567","targetHints":{"allow":["GET"]}}],"collection":[{"href":"https:\/\/veda.polac.cz\/index.php?rest_route=\/wp\/v2\/pages"}],"about":[{"href":"https:\/\/veda.polac.cz\/index.php?rest_route=\/wp\/v2\/types\/page"}],"author":[{"embeddable":true,"href":"https:\/\/veda.polac.cz\/index.php?rest_route=\/wp\/v2\/users\/6"}],"replies":[{"embeddable":true,"href":"https:\/\/veda.polac.cz\/index.php?rest_route=%2Fwp%2Fv2%2Fcomments&post=5567"}],"version-history":[{"count":1,"href":"https:\/\/veda.polac.cz\/index.php?rest_route=\/wp\/v2\/pages\/5567\/revisions"}],"predecessor-version":[{"id":5568,"href":"https:\/\/veda.polac.cz\/index.php?rest_route=\/wp\/v2\/pages\/5567\/revisions\/5568"}],"wp:attachment":[{"href":"https:\/\/veda.polac.cz\/index.php?rest_route=%2Fwp%2Fv2%2Fmedia&parent=5567"}],"curies":[{"name":"wp","href":"https:\/\/api.w.org\/{rel}","templated":true}]}}