{"id":5565,"date":"2019-11-25T13:09:26","date_gmt":"2019-11-25T13:09:26","guid":{"rendered":"http:\/\/veda.polac.cz\/?page_id=5565"},"modified":"2019-11-25T13:09:27","modified_gmt":"2019-11-25T13:09:27","slug":"5565-2","status":"publish","type":"page","link":"https:\/\/veda.polac.cz\/?page_id=5565","title":{"rendered":"<!--02\/19 Resum\u00e9 Ohro\u017euje ropn\u00fd zlom bezpe\u010dnost ve sv\u011bt\u011b?-->"},"content":{"rendered":"\n<p style=\"text-align:center\">Resum\u00e9 \u010dl\u00e1nku<\/p>\n\n\n\n<p><strong>Ohro\u017euje\nropn\u00fd zlom bezpe\u010dnost ve sv\u011bt\u011b?<\/strong><\/p>\n\n\n\n<p><em>RNDr. Ing. Ji\u0159\u00ed Dobrylovsk\u00fd, Ph.D.<\/em><br><em>Vysok\u00e1 \u0161kola ekonomie a managementu<\/em><\/p>\n\n\n\n<p>Ropa\nje nejd\u016fle\u017eit\u011bj\u0161\u00edm zdrojem energie na sv\u011bt\u011b a je kl\u00ed\u010dov\u00fdm materi\u00e1lem pro\nchemick\u00fd pr\u016fmysl a dopravu. Velikost ropn\u00fdch zdroj\u016f nen\u00ed zn\u00e1ma, nov\u00e1 lo\u017eiska\njsou neust\u00e1le objevov\u00e1na, av\u0161ak hroz\u00edc\u00ed vy\u010derp\u00e1n\u00ed ropy je nepochybn\u011b jednou z&nbsp;nejv\u00fdznamn\u011bj\u0161\u00edch\nglob\u00e1ln\u00edch bezpe\u010dnostn\u00edch hrozeb. Tato hrozba se naz\u00fdv\u00e1 ropn\u00fd zlom. Nal\u00e9havost\nt\u00e9to hrozby z\u00e1vis\u00ed na tom, zda je ropa obnoviteln\u00fdm \u010di neobnoviteln\u00fdm zdrojem.\nNa roz\u0159e\u0161en\u00ed t\u00e9to ot\u00e1zky z\u00e1vis\u00ed energetick\u00e1 a ekonomick\u00e1 bezpe\u010dnost civilizace\nv n\u00e1sleduj\u00edc\u00edch desetilet\u00edch.<\/p>\n\n\n\n<p><strong>Kl\u00ed\u010dov\u00e1 slova:<\/strong> Hubbertova teorie, meze r\u016fstu, ropa, ropn\u00fd zlom, uhlovod\u00edky.<\/p>\n\n\n\n<hr color=\"#9D9D9D\">\n\n\n\n<p><a href=\"https:\/\/veda.polac.cz\/?page_id=5510\">Zp\u011bt<\/a><\/p>\n","protected":false},"excerpt":{"rendered":"<p>Resum\u00e9 \u010dl\u00e1nku Ohro\u017euje ropn\u00fd zlom bezpe\u010dnost ve sv\u011bt\u011b? RNDr. Ing. Ji\u0159\u00ed Dobrylovsk\u00fd, Ph.D.Vysok\u00e1 \u0161kola ekonomie a managementu Ropa je nejd\u016fle\u017eit\u011bj\u0161\u00edm zdrojem energie na sv\u011bt\u011b a je kl\u00ed\u010dov\u00fdm materi\u00e1lem pro chemick\u00fd pr\u016fmysl a dopravu. Velikost ropn\u00fdch zdroj\u016f nen\u00ed zn\u00e1ma, nov\u00e1 lo\u017eiska jsou neust\u00e1le objevov\u00e1na, av\u0161ak hroz\u00edc\u00ed vy\u010derp\u00e1n\u00ed ropy je nepochybn\u011b jednou z&nbsp;nejv\u00fdznamn\u011bj\u0161\u00edch glob\u00e1ln\u00edch bezpe\u010dnostn\u00edch hrozeb. Tato [&hellip;]<\/p>\n","protected":false},"author":6,"featured_media":0,"parent":0,"menu_order":0,"comment_status":"closed","ping_status":"closed","template":"","meta":{"footnotes":""},"class_list":["post-5565","page","type-page","status-publish","hentry"],"_links":{"self":[{"href":"https:\/\/veda.polac.cz\/index.php?rest_route=\/wp\/v2\/pages\/5565","targetHints":{"allow":["GET"]}}],"collection":[{"href":"https:\/\/veda.polac.cz\/index.php?rest_route=\/wp\/v2\/pages"}],"about":[{"href":"https:\/\/veda.polac.cz\/index.php?rest_route=\/wp\/v2\/types\/page"}],"author":[{"embeddable":true,"href":"https:\/\/veda.polac.cz\/index.php?rest_route=\/wp\/v2\/users\/6"}],"replies":[{"embeddable":true,"href":"https:\/\/veda.polac.cz\/index.php?rest_route=%2Fwp%2Fv2%2Fcomments&post=5565"}],"version-history":[{"count":1,"href":"https:\/\/veda.polac.cz\/index.php?rest_route=\/wp\/v2\/pages\/5565\/revisions"}],"predecessor-version":[{"id":5566,"href":"https:\/\/veda.polac.cz\/index.php?rest_route=\/wp\/v2\/pages\/5565\/revisions\/5566"}],"wp:attachment":[{"href":"https:\/\/veda.polac.cz\/index.php?rest_route=%2Fwp%2Fv2%2Fmedia&parent=5565"}],"curies":[{"name":"wp","href":"https:\/\/api.w.org\/{rel}","templated":true}]}}