{"id":5562,"date":"2019-11-25T12:45:25","date_gmt":"2019-11-25T12:45:25","guid":{"rendered":"http:\/\/veda.polac.cz\/?page_id=5562"},"modified":"2019-11-25T12:45:25","modified_gmt":"2019-11-25T12:45:25","slug":"5562-2","status":"publish","type":"page","link":"https:\/\/veda.polac.cz\/?page_id=5562","title":{"rendered":"<!--02\/19 Resum\u00e9 Vybran\u00e9 aspekty prejavov extr\u00e9mizmu v online prostred\u00ed-->"},"content":{"rendered":"\n<p style=\"text-align:center\">Resum\u00e9 \u010dl\u00e1nku<\/p>\n\n\n\n<p><strong>Vybran\u00e9 aspekty prejavov extr\u00e9mizmu v online prostred\u00ed<\/strong><\/p>\n\n\n\n<p><em>JUDr. Michaela Jurisov\u00e1, PhD.<\/em><br><em>Akad\u00e9mia Policajn\u00e9ho zboru v\u00a0Bratislave<\/em><br><em>Katedra kriminol\u00f3gie<\/em><\/p>\n\n\n\n<p>Pr\u00edspevok\nje zameran\u00fd na trestn\u00e9 \u010diny extr\u00e9mizmu v&nbsp;online prostred\u00ed. Autorka\npoukazuje na evidentn\u00fd presun t\u00fdchto trestn\u00fdch \u010dinov \u201ez ulice\u201c do \u201evirtu\u00e1lneho\nprostredia\u201c. Na vybran\u00e9 aspekty trestn\u00fdch \u010dinov extr\u00e9mizmu v&nbsp;online\nprostred\u00ed je nazeran\u00e9 z&nbsp;teoretick\u00e9ho uhla poh\u013eadu aj z&nbsp;poh\u013eadu\naplika\u010dnej praxe. V&nbsp;teoretickej \u010dasti autorka venuje pozornos\u0165\nin\u0161titucion\u00e1lnemu zabezpe\u010deniu rie\u0161enia prejavov extr\u00e9mizmu (v podobe n\u00e1rodnej\nprotiteroristickej jednotky n\u00e1rodnej krimin\u00e1lnej agent\u00fary Prez\u00eddia Policajn\u00e9ho\nzboru) aj legislat\u00edvnemu vymedzeniu trestn\u00fdch \u010dinov extr\u00e9mizmu. Inform\u00e1cie z\nn\u00e1rodnej protiteroristickej jednotky aj koncepcie prep\u00e1jaj\u00fa teoretick\u00e9 \u00fadaje\ns&nbsp;poznatkami z&nbsp;aplika\u010dnej praxe. Empirick\u00e1 \u010das\u0165 pr\u00edspevku je zameran\u00e1\nna kvantitat\u00edvne aj kvalitat\u00edvne inform\u00e1cie z&nbsp;\u010dinnosti znalca\nv&nbsp;odvetv\u00ed \u201ePolitick\u00fd extr\u00e9mizmus\u201c.<\/p>\n\n\n\n<p><strong>K\u013e\u00fa\u010dov\u00e9 slov\u00e1<\/strong>: extr\u00e9mizmus, trestn\u00fd \u010din, online prostredie, kyberpriestor, Koncepcia.<\/p>\n\n\n\n<hr color=\"#9D9D9D\">\n\n\n\n<p><a href=\"https:\/\/veda.polac.cz\/?page_id=5510\">Zp\u011bt<\/a><\/p>\n","protected":false},"excerpt":{"rendered":"<p>Resum\u00e9 \u010dl\u00e1nku Vybran\u00e9 aspekty prejavov extr\u00e9mizmu v online prostred\u00ed JUDr. Michaela Jurisov\u00e1, PhD.Akad\u00e9mia Policajn\u00e9ho zboru v\u00a0BratislaveKatedra kriminol\u00f3gie Pr\u00edspevok je zameran\u00fd na trestn\u00e9 \u010diny extr\u00e9mizmu v&nbsp;online prostred\u00ed. Autorka poukazuje na evidentn\u00fd presun t\u00fdchto trestn\u00fdch \u010dinov \u201ez ulice\u201c do \u201evirtu\u00e1lneho prostredia\u201c. Na vybran\u00e9 aspekty trestn\u00fdch \u010dinov extr\u00e9mizmu v&nbsp;online prostred\u00ed je nazeran\u00e9 z&nbsp;teoretick\u00e9ho uhla poh\u013eadu aj z&nbsp;poh\u013eadu aplika\u010dnej [&hellip;]<\/p>\n","protected":false},"author":6,"featured_media":0,"parent":0,"menu_order":0,"comment_status":"closed","ping_status":"closed","template":"","meta":{"footnotes":""},"class_list":["post-5562","page","type-page","status-publish","hentry"],"_links":{"self":[{"href":"https:\/\/veda.polac.cz\/index.php?rest_route=\/wp\/v2\/pages\/5562","targetHints":{"allow":["GET"]}}],"collection":[{"href":"https:\/\/veda.polac.cz\/index.php?rest_route=\/wp\/v2\/pages"}],"about":[{"href":"https:\/\/veda.polac.cz\/index.php?rest_route=\/wp\/v2\/types\/page"}],"author":[{"embeddable":true,"href":"https:\/\/veda.polac.cz\/index.php?rest_route=\/wp\/v2\/users\/6"}],"replies":[{"embeddable":true,"href":"https:\/\/veda.polac.cz\/index.php?rest_route=%2Fwp%2Fv2%2Fcomments&post=5562"}],"version-history":[{"count":1,"href":"https:\/\/veda.polac.cz\/index.php?rest_route=\/wp\/v2\/pages\/5562\/revisions"}],"predecessor-version":[{"id":5563,"href":"https:\/\/veda.polac.cz\/index.php?rest_route=\/wp\/v2\/pages\/5562\/revisions\/5563"}],"wp:attachment":[{"href":"https:\/\/veda.polac.cz\/index.php?rest_route=%2Fwp%2Fv2%2Fmedia&parent=5562"}],"curies":[{"name":"wp","href":"https:\/\/api.w.org\/{rel}","templated":true}]}}