{"id":5559,"date":"2019-11-22T14:35:39","date_gmt":"2019-11-22T14:35:39","guid":{"rendered":"http:\/\/veda.polac.cz\/?page_id=5559"},"modified":"2020-04-16T12:46:33","modified_gmt":"2020-04-16T12:46:33","slug":"5559-2","status":"publish","type":"page","link":"https:\/\/veda.polac.cz\/?page_id=5559","title":{"rendered":"<!--02\/19 Resum\u00e9 Vyu\u017eitelnost z\u00e1znamn\u00edk\u016f \u00fadaj\u016f o dopravn\u00ed nehod\u011b v USA a Evrop\u011b-->"},"content":{"rendered":"\n<p class=\"has-text-align-center\">Resum\u00e9 \u010dl\u00e1nku<\/p>\n\n\n\n<p><strong>Vyu\u017eitelnost z\u00e1znamn\u00edk\u016f \u00fadaj\u016f o dopravn\u00ed nehod\u011b v&nbsp;USA a Evrop\u011b<\/strong><\/p>\n\n\n\n<p><\/p>\n\n\n\n<p><\/p>\n\n\n\n<p> <em>pplk. Mgr. Jind\u0159ich Kom\u00e1rek,  Ph.D., pplk. Mgr. Michal Hodbo\u010f, pplk. Mgr. Jan Straka<\/em><br><em>Fakulta bezpe\u010dnostn\u011b pr\u00e1vn\u00ed PA \u010cR v\u00a0Praze<\/em><\/p>\n\n\n\n<p>\u201eZ\u00e1znamn\u00edkem \u00fadaj\u016f\no dopravn\u00ed nehod\u011b, jednotkou EDR (Event Data Recorder), rozum\u00edme pam\u011b\u0165ov\u00fd modul\nuchov\u00e1vaj\u00edc\u00ed data z kolize nebo nehody. Jedn\u00e1 se o cenn\u00fd zdroj informac\u00ed,\nvyu\u017eiteln\u00fd v kriminalistick\u00e9 praxi, ale tak\u00e9 o \u00fa\u010dinn\u00fd n\u00e1stroj prevence.\u201c<\/p>\n\n\n\n<p><strong>Kl\u00ed\u010dov\u00e1 slova:<\/strong> dopravn\u00ed nehody, lidsk\u00e9 chov\u00e1n\u00ed, jednotka EDR, data z kolize, nehodov\u00e1 data.<\/p>\n\n\n\n<hr color=\"#9D9D9D\">\n\n\n\n<p><a href=\"https:\/\/veda.polac.cz\/?page_id=5510\">Zp\u011bt<\/a><\/p>\n","protected":false},"excerpt":{"rendered":"<p>Resum\u00e9 \u010dl\u00e1nku Vyu\u017eitelnost z\u00e1znamn\u00edk\u016f \u00fadaj\u016f o dopravn\u00ed nehod\u011b v&nbsp;USA a Evrop\u011b pplk. Mgr. Jind\u0159ich Kom\u00e1rek, Ph.D., pplk. Mgr. Michal Hodbo\u010f, pplk. Mgr. Jan StrakaFakulta bezpe\u010dnostn\u011b pr\u00e1vn\u00ed PA \u010cR v\u00a0Praze \u201eZ\u00e1znamn\u00edkem \u00fadaj\u016f o dopravn\u00ed nehod\u011b, jednotkou EDR (Event Data Recorder), rozum\u00edme pam\u011b\u0165ov\u00fd modul uchov\u00e1vaj\u00edc\u00ed data z kolize nebo nehody. Jedn\u00e1 se o cenn\u00fd zdroj informac\u00ed, vyu\u017eiteln\u00fd [&hellip;]<\/p>\n","protected":false},"author":6,"featured_media":0,"parent":0,"menu_order":0,"comment_status":"closed","ping_status":"closed","template":"","meta":{"footnotes":""},"class_list":["post-5559","page","type-page","status-publish","hentry"],"_links":{"self":[{"href":"https:\/\/veda.polac.cz\/index.php?rest_route=\/wp\/v2\/pages\/5559","targetHints":{"allow":["GET"]}}],"collection":[{"href":"https:\/\/veda.polac.cz\/index.php?rest_route=\/wp\/v2\/pages"}],"about":[{"href":"https:\/\/veda.polac.cz\/index.php?rest_route=\/wp\/v2\/types\/page"}],"author":[{"embeddable":true,"href":"https:\/\/veda.polac.cz\/index.php?rest_route=\/wp\/v2\/users\/6"}],"replies":[{"embeddable":true,"href":"https:\/\/veda.polac.cz\/index.php?rest_route=%2Fwp%2Fv2%2Fcomments&post=5559"}],"version-history":[{"count":2,"href":"https:\/\/veda.polac.cz\/index.php?rest_route=\/wp\/v2\/pages\/5559\/revisions"}],"predecessor-version":[{"id":6048,"href":"https:\/\/veda.polac.cz\/index.php?rest_route=\/wp\/v2\/pages\/5559\/revisions\/6048"}],"wp:attachment":[{"href":"https:\/\/veda.polac.cz\/index.php?rest_route=%2Fwp%2Fv2%2Fmedia&parent=5559"}],"curies":[{"name":"wp","href":"https:\/\/api.w.org\/{rel}","templated":true}]}}